{"id":445,"date":"2016-05-27T13:12:38","date_gmt":"2016-05-27T11:12:38","guid":{"rendered":"http:\/\/wordpress.nibis.de\/obslastrup\/?page_id=445"},"modified":"2020-09-17T15:31:43","modified_gmt":"2020-09-17T13:31:43","slug":"neues-bestellsystem-sams-on","status":"publish","type":"page","link":"https:\/\/wordpress.nibis.de\/obslastrup\/neues-bestellsystem-sams-on\/","title":{"rendered":"Essensbestellung"},"content":{"rendered":"\n<div class=\"wp-block-image\"><figure class=\"aligncenter\"><img loading=\"lazy\" decoding=\"async\" width=\"800\" height=\"460\" src=\"https:\/\/wordpress.nibis.de\/obslastrup\/files\/2020\/03\/DSC4332-e1583147845506-800x460.jpg\" alt=\"\" class=\"wp-image-1751\" srcset=\"https:\/\/wordpress.nibis.de\/obslastrup\/files\/2020\/03\/DSC4332-e1583147845506.jpg 800w, https:\/\/wordpress.nibis.de\/obslastrup\/files\/2020\/03\/DSC4332-e1583147845506-300x173.jpg 300w, https:\/\/wordpress.nibis.de\/obslastrup\/files\/2020\/03\/DSC4332-e1583147845506-500x288.jpg 500w\" sizes=\"auto, (max-width: 800px) 100vw, 800px\" \/><\/figure><\/div>\n\n\n\n<p>Zur Essensbestellung benutzt die Oberschule Lastrup das Bestellsystem <em>sams-on.de.<br><\/em><\/p>\n\n\n\n<p><em><strong>Dieses bietet sehr viele Vorteile:<\/strong><\/em><\/p>\n\n\n\n<ul class=\"wp-block-list\"><li>Das Mittagessen kann von Sch\u00fclern als auch von Eltern online bestellt werden. Dies ist auch per Handy m\u00f6glich.<\/li><li>Sch\u00fcler und Eltern k\u00f6nnen das bestellte Essen unkompliziert online stornieren.<\/li><li>Eltern k\u00f6nnen online nachvollziehen, ob Ihr Kind das Mittagessen in Empfang genommen hat.<\/li><li>F\u00fcr Kinder, die Anspruch auf Bildung- und Teilhabe haben, wird tats\u00e4chlich pro Essen nur 1,00 \u20ac abgebucht. Eltern m\u00fcssen nicht mit dem Differenzbetrag in Vorleistung gehen.<\/li><\/ul>\n\n\n\n<p><em><strong>Und so funktioniert das System:<\/strong><\/em><\/p>\n\n\n\n<p><strong>Geldeinzahlung<\/strong><\/p>\n\n\n\n<p>Um Essen im Internet zu bestellen, muss zun\u00e4chst Geld auf das Mensa-Konto eingezahlt werden (Volksbank Lastrup IBAN: DE37 2806 7257 0041 2597 00, BIC: GENODEF1LAP). Die H\u00f6he des Geldbetrags kann jeder selbst bestimmen. Bei der Einzahlung muss als Verwendungszweck die Mensa-Card-Ausweisnummer oder der vollst\u00e4ndige Name des Sch\u00fclers angegeben werden, damit das Geld richtig zugeordnet werden kann. Nachdem das Geld \u00fcberwiesen und dem pers\u00f6nlichen Menso-Konto gutgeschrieben wurde (dauert ca. eine Woche), kann das Essen bestellt werden.<\/p>\n\n\n\n<p><strong>Anmeldung auf http:\/\/lastrup.sams-on.de<\/strong><\/p>\n\n\n\n<p>Zu Beginn seiner Schulzeit an der Oberschule erh\u00e4lt jeder Sch\u00fcler eine Mensa-Card mit einer Ausweisnummer und einem Barcode. Zus\u00e4tzlich bekommt er einen ausf\u00fchrlichen Informationsbrief mit einer PIN. Mit der Ausweis-Nummer und der PIN kann er sich unter <a href=\"http:\/\/lastrup.sams-on.de\" target=\"_blank\" rel=\"noopener noreferrer\">http:\/\/lastrup.sams-on.de<\/a> (siehe auch Link auf der rechten Sidebar dieser Homepage) anmelden. Die pers\u00f6nliche PIN kann vom Sch\u00fcler jederzeit ge\u00e4ndert und bei Verlusst vom System erfragt werden.<\/p>\n\n\n\n<p><strong>sams-on-App<\/strong><\/p>\n\n\n\n<p>Die Bestellung ist auch \u00fcber die &#8222;SamsOn-App&#8220; m\u00f6glich. Diese kostenlose App kann im Appstore (Android bzw. Apple) auf das Handy heruntergeladen werden. Mit der App hat man uneingeschr\u00e4nkten Zugriff auf das eigene Benutzerkonto um das Essen zu bestellen. Des Weiteren erh\u00e4lt man per pushup Nachricht umgehend die Info, wenn neue Speisepl\u00e4ne zu Verf\u00fcgung stehen.<\/p>\n\n\n\n<p><strong>Essensbestellung<\/strong><\/p>\n\n\n\n<p>Unter dem Men\u00fcpunkt &#8222;Mein Essen&#8220; k\u00f6nnen die Essensbestellungen f\u00fcr die n\u00e4chste(n) Woche(n) ausgew\u00e4hlt werden. Die Bestellung f\u00fcr die Folgewoche muss bis sp\u00e4testens freitags 12:00 Uhr eingehen.<\/p>\n\n\n\n<p><strong>Stornierung im Krankheitsfall<\/strong><\/p>\n\n\n\n<p>Bei Krankheit oder anderen Verhinderungen kann das Essen des aktuellen Tages auf der Internetseite der Mensa bis 8:30 Uhr storniert werden.<\/p>\n\n\n\n<p><strong>Bildung und Teilhabe<\/strong><\/p>\n\n\n\n<p>Bei Anspruch auf &#8222;Bildung und Teilhabe&#8220; kann der Antrag auf der Internetseite der Mensa heruntergeladen werden. Nachdem die Gemeinde Lastrup dem Antrag zugestimmt hat, kann das Mittagessen verg\u00fcnstigt zum Preis von 1,00 \u20ac erworben werden.<\/p>\n\n\n\n<p><strong>Essensausgabe<\/strong><\/p>\n\n\n\n<p>An der Essensausgabe in der Mensa erh\u00e4lt der Sch\u00fcler gegen Vorlage der Mensa-Card mit dem Barcode das gebuchte Essen.<\/p>\n\n\n\n<p><strong>Verlust der Mensa-Card<\/strong><\/p>\n\n\n\n<p>Bei Verlusst der Mensa-Card kann eine neue f\u00fcr 5,00 \u20ac im Sekretariat der Oberschule beantragt werden.<\/p>\n\n\n\n<p><strong>Fragen oder Probleme<\/strong><\/p>\n\n\n\n<p>Sollten Fragen bestehen, steht unser Sozialp\u00e4dagoge Herr Obuch unter der Telefonnummer 0 44 72 \/ 6 87 88 16 zur Verf\u00fcgung.<\/p>\n","protected":false},"excerpt":{"rendered":"<p>Zur Essensbestellung benutzt die Oberschule Lastrup das Bestellsystem sams-on.de. Dieses bietet sehr viele Vorteile: Das Mittagessen kann von Sch\u00fclern als auch von Eltern online bestellt werden. Dies ist auch per Handy m\u00f6glich. Sch\u00fcler und Eltern k\u00f6nnen das bestellte Essen unkompliziert &hellip; <a href=\"https:\/\/wordpress.nibis.de\/obslastrup\/neues-bestellsystem-sams-on\/\">Weiterlesen <span class=\"meta-nav\">&rarr;<\/span><\/a><\/p>\n","protected":false},"author":980,"featured_media":0,"parent":0,"menu_order":0,"comment_status":"closed","ping_status":"closed","template":"sidebar-page.php","meta":{"footnotes":""},"class_list":["post-445","page","type-page","status-publish","hentry"],"_links":{"self":[{"href":"https:\/\/wordpress.nibis.de\/obslastrup\/wp-json\/wp\/v2\/pages\/445","targetHints":{"allow":["GET"]}}],"collection":[{"href":"https:\/\/wordpress.nibis.de\/obslastrup\/wp-json\/wp\/v2\/pages"}],"about":[{"href":"https:\/\/wordpress.nibis.de\/obslastrup\/wp-json\/wp\/v2\/types\/page"}],"author":[{"embeddable":true,"href":"https:\/\/wordpress.nibis.de\/obslastrup\/wp-json\/wp\/v2\/users\/980"}],"replies":[{"embeddable":true,"href":"https:\/\/wordpress.nibis.de\/obslastrup\/wp-json\/wp\/v2\/comments?post=445"}],"version-history":[{"count":11,"href":"https:\/\/wordpress.nibis.de\/obslastrup\/wp-json\/wp\/v2\/pages\/445\/revisions"}],"predecessor-version":[{"id":1976,"href":"https:\/\/wordpress.nibis.de\/obslastrup\/wp-json\/wp\/v2\/pages\/445\/revisions\/1976"}],"wp:attachment":[{"href":"https:\/\/wordpress.nibis.de\/obslastrup\/wp-json\/wp\/v2\/media?parent=445"}],"curies":[{"name":"wp","href":"https:\/\/api.w.org\/{rel}","templated":true}]}}