{"id":58,"date":"2016-02-29T14:57:07","date_gmt":"2016-02-29T13:57:07","guid":{"rendered":"http:\/\/wordpress.nibis.de\/obslastrup\/?page_id=58"},"modified":"2019-04-24T12:23:26","modified_gmt":"2019-04-24T10:23:26","slug":"schulleitung","status":"publish","type":"page","link":"https:\/\/wordpress.nibis.de\/obslastrup\/schulleitung\/","title":{"rendered":"Schulleitung"},"content":{"rendered":"<p style=\"text-align: center\"><img loading=\"lazy\" decoding=\"async\" class=\"alignnone wp-image-1243 size-large\" src=\"http:\/\/wordpress.nibis.de\/obslastrup\/files\/2018\/08\/P1010650-e1534418951504-800x506.jpg\" alt=\"\" width=\"584\" height=\"369\" srcset=\"https:\/\/wordpress.nibis.de\/obslastrup\/files\/2018\/08\/P1010650-e1534418951504.jpg 800w, https:\/\/wordpress.nibis.de\/obslastrup\/files\/2018\/08\/P1010650-e1534418951504-300x190.jpg 300w, https:\/\/wordpress.nibis.de\/obslastrup\/files\/2018\/08\/P1010650-e1534418951504-474x300.jpg 474w\" sizes=\"auto, (max-width: 584px) 100vw, 584px\" \/><\/p>\n<p style=\"text-align: center\">Oberschulrektor Dirk Zumdohme, Schulleiter<\/p>\n<p style=\"text-align: center\"><strong>Aufgabenbereiche:<\/strong><\/p>\n<p style=\"text-align: center\">Gesamtverantwortung f\u00fcr die Schule<\/p>\n<p style=\"text-align: center\">Qualit\u00e4tssicherung und Qualit\u00e4tsentwicklung<\/p>\n<p style=\"text-align: center\">Personalwirtschaft und Personalentwicklung<\/p>\n<p style=\"text-align: center\">Einhaltung der Rechts- und Verwaltungsvorschriften und der Schulordnung<\/p>\n<p style=\"text-align: center\">F\u00fchrung der laufenden Verwaltungsgesch\u00e4fte<\/p>\n<p style=\"text-align: center\">Au\u00dfenvertretung der Schule<\/p>\n<p style=\"text-align: center\">Vorsitz in der Gesamtkonferenz<\/p>\n<p style=\"text-align: center\">Vorsitz im Schulvorstand<\/p>\n<p style=\"text-align: center\">Bewirtschaftung der Haushaltmittel und Budgets<\/p>\n<p style=\"text-align: center\"><img loading=\"lazy\" decoding=\"async\" class=\"alignnone wp-image-1244 size-large\" src=\"http:\/\/wordpress.nibis.de\/obslastrup\/files\/2018\/08\/P1010653-e1534419010167-800x490.jpg\" alt=\"\" width=\"584\" height=\"358\" srcset=\"https:\/\/wordpress.nibis.de\/obslastrup\/files\/2018\/08\/P1010653-e1534419010167.jpg 800w, https:\/\/wordpress.nibis.de\/obslastrup\/files\/2018\/08\/P1010653-e1534419010167-300x184.jpg 300w, https:\/\/wordpress.nibis.de\/obslastrup\/files\/2018\/08\/P1010653-e1534419010167-490x300.jpg 490w\" sizes=\"auto, (max-width: 584px) 100vw, 584px\" \/><\/p>\n<p style=\"text-align: center\">Oberschulkonrektorin Thi Viet Huong Pham<\/p>\n<p style=\"text-align: center\"><strong>Aufgabenbereiche:<\/strong><\/p>\n<p style=\"text-align: center\">St\u00e4ndige Vertretung des Schulleiters<\/p>\n<p style=\"text-align: center\">Stunden- und Vertretungsplanung<\/p>\n<p style=\"text-align: center\">Sonstige Organisations- und Verwaltungsaufgaben<\/p>\n","protected":false},"excerpt":{"rendered":"<p>Oberschulrektor Dirk Zumdohme, Schulleiter Aufgabenbereiche: Gesamtverantwortung f\u00fcr die Schule Qualit\u00e4tssicherung und Qualit\u00e4tsentwicklung Personalwirtschaft und Personalentwicklung Einhaltung der Rechts- und Verwaltungsvorschriften und der Schulordnung F\u00fchrung der laufenden Verwaltungsgesch\u00e4fte Au\u00dfenvertretung der Schule Vorsitz in der Gesamtkonferenz Vorsitz im Schulvorstand Bewirtschaftung der Haushaltmittel &hellip; <a href=\"https:\/\/wordpress.nibis.de\/obslastrup\/schulleitung\/\">Weiterlesen <span class=\"meta-nav\">&rarr;<\/span><\/a><\/p>\n","protected":false},"author":980,"featured_media":0,"parent":0,"menu_order":0,"comment_status":"closed","ping_status":"closed","template":"sidebar-page.php","meta":{"footnotes":""},"class_list":["post-58","page","type-page","status-publish","hentry"],"_links":{"self":[{"href":"https:\/\/wordpress.nibis.de\/obslastrup\/wp-json\/wp\/v2\/pages\/58","targetHints":{"allow":["GET"]}}],"collection":[{"href":"https:\/\/wordpress.nibis.de\/obslastrup\/wp-json\/wp\/v2\/pages"}],"about":[{"href":"https:\/\/wordpress.nibis.de\/obslastrup\/wp-json\/wp\/v2\/types\/page"}],"author":[{"embeddable":true,"href":"https:\/\/wordpress.nibis.de\/obslastrup\/wp-json\/wp\/v2\/users\/980"}],"replies":[{"embeddable":true,"href":"https:\/\/wordpress.nibis.de\/obslastrup\/wp-json\/wp\/v2\/comments?post=58"}],"version-history":[{"count":11,"href":"https:\/\/wordpress.nibis.de\/obslastrup\/wp-json\/wp\/v2\/pages\/58\/revisions"}],"predecessor-version":[{"id":1530,"href":"https:\/\/wordpress.nibis.de\/obslastrup\/wp-json\/wp\/v2\/pages\/58\/revisions\/1530"}],"wp:attachment":[{"href":"https:\/\/wordpress.nibis.de\/obslastrup\/wp-json\/wp\/v2\/media?parent=58"}],"curies":[{"name":"wp","href":"https:\/\/api.w.org\/{rel}","templated":true}]}}