{"id":64,"date":"2016-02-29T14:57:21","date_gmt":"2016-02-29T13:57:21","guid":{"rendered":"http:\/\/wordpress.nibis.de\/obslastrup\/?page_id=64"},"modified":"2018-02-09T12:37:23","modified_gmt":"2018-02-09T11:37:23","slug":"schulsozialarbeit","status":"publish","type":"page","link":"https:\/\/wordpress.nibis.de\/obslastrup\/schulsozialarbeit\/","title":{"rendered":"Schulsozialarbeit"},"content":{"rendered":"<p><img loading=\"lazy\" decoding=\"async\" class=\"size-full wp-image-65 aligncenter\" src=\"http:\/\/wordpress.nibis.de\/obslastrup\/files\/2016\/02\/Daniel.jpg\" alt=\"\" width=\"448\" height=\"336\" srcset=\"https:\/\/wordpress.nibis.de\/obslastrup\/files\/2016\/02\/Daniel.jpg 448w, https:\/\/wordpress.nibis.de\/obslastrup\/files\/2016\/02\/Daniel-300x225.jpg 300w\" sizes=\"auto, (max-width: 448px) 100vw, 448px\" \/><\/p>\n<p style=\"text-align: center\">Sozialp\u00e4dagoge Daniel Obuch<\/p>\n<p style=\"text-align: center\"><strong>Aufgabenbereiche:<\/strong><\/p>\n<p style=\"text-align: center\">Beratung und Unterst\u00fctzung der Sch\u00fclerinnen und Sch\u00fcler in Problemlagen<\/p>\n<p style=\"text-align: center\">Beratung von Eltern und Lehrern<\/p>\n<p style=\"text-align: center\">Unterst\u00fctzung bei der Berufwahl<\/p>\n<p style=\"text-align: center\">Unterst\u00fctzung bei Bewerbungsverfahren<\/p>\n<p style=\"text-align: center\">Organisation und Abwicklung des Mittagessens<\/p>\n<p style=\"text-align: center\">Organisation des Ganztagsbereichs<\/p>\n","protected":false},"excerpt":{"rendered":"<p>Sozialp\u00e4dagoge Daniel Obuch Aufgabenbereiche: Beratung und Unterst\u00fctzung der Sch\u00fclerinnen und Sch\u00fcler in Problemlagen Beratung von Eltern und Lehrern Unterst\u00fctzung bei der Berufwahl Unterst\u00fctzung bei Bewerbungsverfahren Organisation und Abwicklung des Mittagessens Organisation des Ganztagsbereichs<\/p>\n","protected":false},"author":980,"featured_media":0,"parent":0,"menu_order":0,"comment_status":"closed","ping_status":"closed","template":"sidebar-page.php","meta":{"footnotes":""},"class_list":["post-64","page","type-page","status-publish","hentry"],"_links":{"self":[{"href":"https:\/\/wordpress.nibis.de\/obslastrup\/wp-json\/wp\/v2\/pages\/64","targetHints":{"allow":["GET"]}}],"collection":[{"href":"https:\/\/wordpress.nibis.de\/obslastrup\/wp-json\/wp\/v2\/pages"}],"about":[{"href":"https:\/\/wordpress.nibis.de\/obslastrup\/wp-json\/wp\/v2\/types\/page"}],"author":[{"embeddable":true,"href":"https:\/\/wordpress.nibis.de\/obslastrup\/wp-json\/wp\/v2\/users\/980"}],"replies":[{"embeddable":true,"href":"https:\/\/wordpress.nibis.de\/obslastrup\/wp-json\/wp\/v2\/comments?post=64"}],"version-history":[{"count":7,"href":"https:\/\/wordpress.nibis.de\/obslastrup\/wp-json\/wp\/v2\/pages\/64\/revisions"}],"predecessor-version":[{"id":1125,"href":"https:\/\/wordpress.nibis.de\/obslastrup\/wp-json\/wp\/v2\/pages\/64\/revisions\/1125"}],"wp:attachment":[{"href":"https:\/\/wordpress.nibis.de\/obslastrup\/wp-json\/wp\/v2\/media?parent=64"}],"curies":[{"name":"wp","href":"https:\/\/api.w.org\/{rel}","templated":true}]}}