{"id":709,"date":"2016-11-08T13:36:12","date_gmt":"2016-11-08T12:36:12","guid":{"rendered":"http:\/\/wordpress.nibis.de\/obslastrup\/?page_id=709"},"modified":"2016-11-08T14:24:46","modified_gmt":"2016-11-08T13:24:46","slug":"schuelerlotsen","status":"publish","type":"page","link":"https:\/\/wordpress.nibis.de\/obslastrup\/schuelerlotsen\/","title":{"rendered":"Sch\u00fclerlotsen"},"content":{"rendered":"<p style=\"text-align: left\">F\u00fcr eine sichere \u00dcberquerung der an der Schule vorbeif\u00fchrenden und stark befahrenen Wallstra\u00dfe sorgen die Sch\u00fclerlotsen jeden Morgen in der Zeit von 7:30 Uhr bis 8:00 Uhr. Die Sch\u00fclerinnen und Sch\u00fcler der Oberschule und der benachbarten Astrid-Lindgren-Grundschule k\u00f6nnen so bei Wind und Wetter gefahrlos zu ihrer Schule gelangen.<\/p>\n<p><img loading=\"lazy\" decoding=\"async\" class=\"size-medium wp-image-725 aligncenter\" src=\"http:\/\/wordpress.nibis.de\/obslastrup\/files\/2016\/11\/Sch\u00fclerlotsen-HP-2016-300x225.jpg\" alt=\"schuelerlotsen-hp-2016\" width=\"300\" height=\"225\" srcset=\"https:\/\/wordpress.nibis.de\/obslastrup\/files\/2016\/11\/Sch\u00fclerlotsen-HP-2016-300x225.jpg 300w, https:\/\/wordpress.nibis.de\/obslastrup\/files\/2016\/11\/Sch\u00fclerlotsen-HP-2016-400x300.jpg 400w, https:\/\/wordpress.nibis.de\/obslastrup\/files\/2016\/11\/Sch\u00fclerlotsen-HP-2016.jpg 800w\" sizes=\"auto, (max-width: 300px) 100vw, 300px\" \/><\/p>\n<p style=\"text-align: left\">Wenn Sch\u00fclerinnen und Sch\u00fcler die Einm\u00fcndung zum Schulhof erreichen, sperren die Sch\u00fclerlotsen in Warnweste gekleidet und mit Handkelle ausger\u00fcstet die Stra\u00dfe, sodass ankommende Fahrzeuge anhalten m\u00fcssen. Nachdem die Sch\u00fclerinnen und Sch\u00fcler die Stra\u00dfe sicher \u00fcberquert haben, treten die Sch\u00fclerlotsen zur Seite und geben den Verkehr wieder frei.<\/p>\n<p><img loading=\"lazy\" decoding=\"async\" class=\"size-medium wp-image-710 aligncenter\" src=\"http:\/\/wordpress.nibis.de\/obslastrup\/files\/2016\/11\/DSCN3161-300x225.jpg\" alt=\"dscn3161\" width=\"300\" height=\"225\" srcset=\"https:\/\/wordpress.nibis.de\/obslastrup\/files\/2016\/11\/DSCN3161-300x225.jpg 300w, https:\/\/wordpress.nibis.de\/obslastrup\/files\/2016\/11\/DSCN3161-400x300.jpg 400w, https:\/\/wordpress.nibis.de\/obslastrup\/files\/2016\/11\/DSCN3161.jpg 800w\" sizes=\"auto, (max-width: 300px) 100vw, 300px\" \/><\/p>\n<p style=\"text-align: left\">Aus- und Weitergebildet werden die Sch\u00fclerlotsen an einigen Vormittagen im Schuljahr von der Polizei. Auch w\u00e4hrend des Dienstes der Sch\u00fclerlotsen schaut sie immer wieder nach dem Rechten und unterst\u00fctzt die Lotsen bei ihrer Arbeit.<\/p>\n","protected":false},"excerpt":{"rendered":"<p>F\u00fcr eine sichere \u00dcberquerung der an der Schule vorbeif\u00fchrenden und stark befahrenen Wallstra\u00dfe sorgen die Sch\u00fclerlotsen jeden Morgen in der Zeit von 7:30 Uhr bis 8:00 Uhr. Die Sch\u00fclerinnen und Sch\u00fcler der Oberschule und der benachbarten Astrid-Lindgren-Grundschule k\u00f6nnen so bei &hellip; <a href=\"https:\/\/wordpress.nibis.de\/obslastrup\/schuelerlotsen\/\">Weiterlesen <span class=\"meta-nav\">&rarr;<\/span><\/a><\/p>\n","protected":false},"author":980,"featured_media":0,"parent":0,"menu_order":0,"comment_status":"closed","ping_status":"closed","template":"sidebar-page.php","meta":{"footnotes":""},"class_list":["post-709","page","type-page","status-publish","hentry"],"_links":{"self":[{"href":"https:\/\/wordpress.nibis.de\/obslastrup\/wp-json\/wp\/v2\/pages\/709","targetHints":{"allow":["GET"]}}],"collection":[{"href":"https:\/\/wordpress.nibis.de\/obslastrup\/wp-json\/wp\/v2\/pages"}],"about":[{"href":"https:\/\/wordpress.nibis.de\/obslastrup\/wp-json\/wp\/v2\/types\/page"}],"author":[{"embeddable":true,"href":"https:\/\/wordpress.nibis.de\/obslastrup\/wp-json\/wp\/v2\/users\/980"}],"replies":[{"embeddable":true,"href":"https:\/\/wordpress.nibis.de\/obslastrup\/wp-json\/wp\/v2\/comments?post=709"}],"version-history":[{"count":8,"href":"https:\/\/wordpress.nibis.de\/obslastrup\/wp-json\/wp\/v2\/pages\/709\/revisions"}],"predecessor-version":[{"id":727,"href":"https:\/\/wordpress.nibis.de\/obslastrup\/wp-json\/wp\/v2\/pages\/709\/revisions\/727"}],"wp:attachment":[{"href":"https:\/\/wordpress.nibis.de\/obslastrup\/wp-json\/wp\/v2\/media?parent=709"}],"curies":[{"name":"wp","href":"https:\/\/api.w.org\/{rel}","templated":true}]}}