{"id":808,"date":"2017-03-30T14:47:34","date_gmt":"2017-03-30T12:47:34","guid":{"rendered":"http:\/\/wordpress.nibis.de\/obslastrup\/?page_id=808"},"modified":"2020-03-08T12:09:04","modified_gmt":"2020-03-08T11:09:04","slug":"informationen-zur-schulform","status":"publish","type":"page","link":"https:\/\/wordpress.nibis.de\/obslastrup\/informationen-zur-schulform\/","title":{"rendered":"Informationen zur Schulform"},"content":{"rendered":"\n<h1 class=\"wp-block-heading\"><span style=\"color: #000000\"><strong>Schulform<\/strong><\/span><\/h1>\n\n\n\n<figure class=\"wp-block-image\"><img loading=\"lazy\" decoding=\"async\" width=\"800\" height=\"500\" src=\"http:\/\/wordpress.nibis.de\/obslastrup\/files\/2017\/03\/Langfristige-Schustruktur-1-800x500.jpg\" alt=\"\" class=\"wp-image-810\" srcset=\"https:\/\/wordpress.nibis.de\/obslastrup\/files\/2017\/03\/Langfristige-Schustruktur-1.jpg 800w, https:\/\/wordpress.nibis.de\/obslastrup\/files\/2017\/03\/Langfristige-Schustruktur-1-300x188.jpg 300w, https:\/\/wordpress.nibis.de\/obslastrup\/files\/2017\/03\/Langfristige-Schustruktur-1-480x300.jpg 480w\" sizes=\"auto, (max-width: 800px) 100vw, 800px\" \/><\/figure>\n\n\n\n<p>Die Oberschule Lastrup ist eine jahrgangsbezogene Oberschule. <\/p>\n\n\n\n<p>Die Abbildung zeigt die Einbindung der jahrgangsbezogenen Oberschule in die Schulstruktur Niedersachsens. Grunds\u00e4tzlich steht es jedem Sch\u00fcler und jeder Sch\u00fclerin offen, nach der Grundschule ein Gymnasium, eine Oberschule, eine Realschule, eine Hauptschule oder eine Gesamtschule zu besuchen (F\u00f6rderschulen werden in der Abbildung nicht ber\u00fccksichtigt).<\/p>\n\n\n\n<p>Jahrgangsbezogene Oberschule bedeutet, dass die Sch\u00fclerinnen und Sch\u00fcler nicht in nach Schulzweigen getrennten Klassen unterrichtet werden (Hauptschulklassen und Realschulklassen), sondern alle Sch\u00fclerinnen und Sch\u00fcler werden mit ihren unterschiedlichen Lernst\u00e4rken und -schw\u00e4chen in einer Klasse gemeinsam unterrichtet.<\/p>\n\n\n\n<p style=\"text-align:center\"><em>Warum keine Trennung in Schulzweige?<\/em><\/p>\n\n\n\n<figure class=\"wp-block-image\"><img loading=\"lazy\" decoding=\"async\" width=\"668\" height=\"600\" src=\"https:\/\/wordpress.nibis.de\/obslastrup\/files\/2020\/03\/Differenzierung-668x600.png\" alt=\"\" class=\"wp-image-1732\" \/><\/figure>\n\n\n\n<p style=\"text-align:center\"><em> Die Karikatur beschreibt auf am\u00fcsanter Weise, dass man Vielf\u00e4ltigkeit nicht mit Vereinheitlichung und Homogenit\u00e4t begegnen kann. Sie l\u00e4sst sich ohne Weiteres auf unsere Sch\u00fclerinnen und Sch\u00fcler beziehen. Auch sie sind nicht gleich. Jede Sch\u00fclerin und jeder Sch\u00fcler hat individuelle F\u00e4higkeiten, Interessen, Begabungen und Talente. Die jahrgangsbezogene Oberschule reagiert auf die individuellen Bed\u00fcrfnisse der Sch\u00fclerinnen und Sch\u00fcler flexibel.<\/em><\/p>\n\n\n\n<p>Der Unterricht ist an der Oberschule Lastrup so organisiert, dass auf die pers\u00f6nlichen F\u00e4higkeiten und Begabungen der Sch\u00fclerinnen und Sch\u00fcler flexibel reagiert wird und eine individuelle und differenzierte F\u00f6rderung bzw. Forderung erfolgt.   <\/p>\n\n\n\n<p>Der Vorteil dieses Systems. Durch den gemeinsamen Unterricht k\u00f6nnen leistungsst\u00e4rkere Sch\u00fclerinnen und Sch\u00fcler in vielen Lernsituationen Leistungsschw\u00e4chere unterst\u00fctzen. Dies hat positive Auswirkungen sowohl auf leistungsschw\u00e4chere als auch auf leistungsst\u00e4rkere Sch\u00fclerinnen und Sch\u00fcler. Sch\u00fclerinnen und Sch\u00fcler haben h\u00e4ufig einen anderen Zugang zum Lerninhalt und erl\u00e4utern Sachverhalte auf einer &#8222;Sch\u00fcler zu Sch\u00fcler&#8220;-Ebene. Dies ist f\u00fcr leistungsschw\u00e4chere Sch\u00fclerinnen und Sch\u00fcler nachweislich enorm hilfreich, um sich Sachverhalte anzueignen. Auch leistungsst\u00e4rkere Sch\u00fclerinnen und Sch\u00fcler profitieren von dieser Situation, denn durch das Umstrukturieren des Lerninhaltes festigt sich das Erlernte und erm\u00f6glicht das Anwenden des Erlernten in anderen entsprechenden Sachverhalten. Der Gedanke, leistungsst\u00e4rke Sch\u00fclerinnen und Sch\u00fcler w\u00fcrden durch gemeinsamen Unterricht nicht genug gef\u00f6rdert, ist somit ein Trugschluss. Dass Sch\u00fclerinnen und Sch\u00fcler mit ihren unterschiedlichen Lernst\u00e4rken und -schw\u00e4chen gemeinsam in einer Klasse unterrichtet werden, ist auch die Grundlage der Beschulung in der Grund- und Gesamtschule.<\/p>\n\n\n\n<p><em>Ein weiterer Vorteil liegt in der Einrichtung von Fachleistungskursen in einzelnen F\u00e4chern<\/em>. In diesen F\u00e4chern nehmen Sch\u00fclerinnen und Sch\u00fcler je nach Begabung&nbsp;am Unterricht auf grundlegender oder erh\u00f6hter Anforderungsebene teilnehmen. So k\u00f6nnen Sch\u00fclerinnen und Sch\u00fcler beispielsweise in Deutsch und Englisch auf Realschulniveau und in Mathematik auf Hauptschulniveau unterrichtet werden. Dies ist bei getrennten Schulzweigen nicht m\u00f6glich.<\/p>\n\n\n\n<h1 class=\"wp-block-heading\"><span style=\"color: #000000\">Ziele der Oberschule<\/span><\/h1>\n\n\n\n<ul class=\"wp-block-list\"><li>Vermittlung einer grundlegenden, erweiterten und vertieften Allgemeinbildung<\/li><li>Erm\u00f6glichung einer individuellen Schwerpunktbildung<\/li><li>St\u00e4rkung von Grundfertigkeiten und selbstst\u00e4ndigem Lernen<\/li><li>F\u00f6rderung sozialer Kompetenzen<\/li><li>Erwerb von Qualifikationen zur Fortsetzung des Bildungsweges (berufs- und studienbezogen)<\/li><\/ul>\n\n\n\n<h1 class=\"wp-block-heading\"><span style=\"color: #000000\">Abschl\u00fcsse<\/span><\/h1>\n\n\n\n<p><strong><u>Nach Klasse 9:<\/u><\/strong><\/p>\n\n\n\n<ul class=\"wp-block-list\"><li>Hauptschulabschluss<\/li><\/ul>\n\n\n\n<p><strong><u>Nach Klasse 10:<\/u><\/strong><\/p>\n\n\n\n<ul class=\"wp-block-list\"><li>Sekundarabschluss I \u2013 Hauptschulabschluss<\/li><li>Sekundarabschluss I \u2013 Realschulabschluss<\/li><li>Erweiterter Sekundarabschluss I<\/li><li>Hauptschulabschluss<\/li><\/ul>\n\n\n\n<h1 class=\"wp-block-heading\"><span style=\"color: #000000\">Organisation des Unterrichts<\/span><\/h1>\n\n\n\n<figure class=\"wp-block-image\"><img loading=\"lazy\" decoding=\"async\" width=\"800\" height=\"457\" src=\"http:\/\/wordpress.nibis.de\/obslastrup\/files\/2017\/03\/Organisation-des-Unterrichts-800x457.jpg\" alt=\"\" class=\"wp-image-813\" srcset=\"https:\/\/wordpress.nibis.de\/obslastrup\/files\/2017\/03\/Organisation-des-Unterrichts.jpg 800w, https:\/\/wordpress.nibis.de\/obslastrup\/files\/2017\/03\/Organisation-des-Unterrichts-300x171.jpg 300w, https:\/\/wordpress.nibis.de\/obslastrup\/files\/2017\/03\/Organisation-des-Unterrichts-500x286.jpg 500w\" sizes=\"auto, (max-width: 800px) 100vw, 800px\" \/><\/figure>\n\n\n\n<p>Im Jahrgang 5 werden alle Sch\u00fclerinnen und Sch\u00fcler in allen F\u00e4chern gemeinsam in einer Klasse unterrichtet (jahrgangsbezogen). In den F\u00e4chern Mathematik und Englisch wird eine wechselnde Differenzierung durchgef\u00fchrt, das hei\u00dft, dass in besonderen Lernsituationen eine zus\u00e4tzliche Fachlehrkraft am Unterricht teilnimmt und das Erlernte mit einzelnen oder mehreren Sch\u00fclerinnen und Sch\u00fclern entweder wiederholt oder vertieft.<\/p>\n\n\n\n<p>Ab dem Jahrgang 6 aufsteigend wird in einzelnen F\u00e4chern (siehe Tabelle oben) eine Leistungsdifferenzierung durchgef\u00fchrt. In diesen F\u00e4chern werden zwei Kurse auf unterschiedlichen Lernniveaus eingerichtet. Im G-Kurs (grundlegende Anforderungsebene) werden Unterrichtsinhalte auf der Grundlage der Kerncurricula der Hauptschule und im E-Kurs (erh\u00f6hte Anforderungsebene) auf der Grundlage der Kerncurricula der&nbsp;Realschule unterrichtet. Diese Differenzierung ist notwendig, da f\u00fcr die m\u00f6glichen Abschl\u00fcsse unterschiedliche Lerninhalte vorausgesetzt werden. Bei Leistungs\u00e4nderungen k\u00f6nnen die Sch\u00fclerinnen und Sch\u00fcler jederzeit auf Beschluss der Klassenkonferenz in den jeweils anderen Kurs eines Faches wechseln. In den \u00fcbrigen F\u00e4chern findet weiterhin gemeinsamer Unterricht auf der Grundlage der Curricularen Vorgaben f\u00fcr die Oberschule statt.<\/p>\n\n\n\n<figure class=\"wp-block-image\"><img loading=\"lazy\" decoding=\"async\" width=\"800\" height=\"478\" src=\"https:\/\/wordpress.nibis.de\/obslastrup\/files\/2020\/03\/image-1-e1583142068973-800x478.png\" alt=\"\" class=\"wp-image-1735\" srcset=\"https:\/\/wordpress.nibis.de\/obslastrup\/files\/2020\/03\/image-1-e1583142068973-800x478.png 800w, https:\/\/wordpress.nibis.de\/obslastrup\/files\/2020\/03\/image-1-e1583142068973-300x179.png 300w, https:\/\/wordpress.nibis.de\/obslastrup\/files\/2020\/03\/image-1-e1583142068973-500x300.png 500w, https:\/\/wordpress.nibis.de\/obslastrup\/files\/2020\/03\/image-1-e1583142068973.png 1476w\" sizes=\"auto, (max-width: 800px) 100vw, 800px\" \/><\/figure>\n\n\n\n<p>Dies bedeutet eine hohe Flexibilit\u00e4t des Systems. Der Wechsel in die Haupt- bzw. Realschule ist nicht wie bei getrennten Systemen abh\u00e4ngig vom Gesamtzensurenbild der Sch\u00fclerin bzw. des Sch\u00fclers. In der jahrgangsbezogenen Oberschule werden Sch\u00fclerinnen und Sch\u00fcler in einzelnen F\u00e4chern je nach individuellen Leistungsm\u00f6glichkeiten auf Realschul- oder Hauptschulniveau unterrichtet. Dabei ist jeder Abschluss zu erreichen, auch wenn Sch\u00fclerinnen und Sch\u00fcler an einem oder mehreren G-Kursen teilnehmen (siehe Abschlussvoraussetzungen).<\/p>\n\n\n\n<h1 class=\"wp-block-heading\"><span style=\"color: #000000\">Stundentafel<\/span><\/h1>\n\n\n\n<figure class=\"wp-block-image\"><img loading=\"lazy\" decoding=\"async\" width=\"800\" height=\"484\" src=\"http:\/\/wordpress.nibis.de\/obslastrup\/files\/2017\/03\/Stundentafel-800x484.jpg\" alt=\"\" class=\"wp-image-814\" srcset=\"https:\/\/wordpress.nibis.de\/obslastrup\/files\/2017\/03\/Stundentafel.jpg 800w, https:\/\/wordpress.nibis.de\/obslastrup\/files\/2017\/03\/Stundentafel-300x182.jpg 300w, https:\/\/wordpress.nibis.de\/obslastrup\/files\/2017\/03\/Stundentafel-496x300.jpg 496w\" sizes=\"auto, (max-width: 800px) 100vw, 800px\" \/><\/figure>\n\n\n\n<p><em>Legende:<\/em><\/p>\n\n\n\n<ul class=\"wp-block-list\"><li>graue Zahlen: Vorgaben des Erlasses<\/li><li>schwarze Zahlen: Verteilung in der OBS Lastrup<\/li><li>farbige Zahlen: Verschiebungen<\/li><\/ul>\n\n\n\n<p>Der Stundentafel ist die Anzahl der Stunden jedes Faches zu entnehmen. Die Anzahl der Stunden in Mathematik, Deutsch und in Wahlpflichtkursen (WPK) bzw. Profilen ist abh\u00e4ngig von der Kursteilnahme der einzelnen Sch\u00fclerin bzw. des einzelnen Sch\u00fclers in Mathematik und Deutsch. Sch\u00fclerinnen und Sch\u00fcler, die in Mathematik und Deutsch am G-Kurs teilnehmen, haben in diesen F\u00e4chern jeweils f\u00fcnf statt vier Unterrichtsstunden und deshalb nur zwei statt vier Unterrichtsstunden WPK bzw. Profile.<\/p>\n\n\n\n<p>Aus organisatorischen Gr\u00fcnden werden in den Fachbereichen Arbeit\/Wirtschaft &#8211; Technik und musisch-kulturelle Bildung einzelne Stunden \u00fcber die Jahrg\u00e4nge &nbsp;7 bis 9 getauscht, was zur Folge hat, dass der Jahrgang 7 insgesamt 29 Stunden und der Jahrgang 9 insgesamt 31 Stunden Pflichtunterricht hat. Damit die Gesamtwochenstundenanzahl 34 Stunden nicht \u00fcberschreitet, wird im Jahrgang 9 die Hausaufgabenbetreuung (HAB) um eine Stunde gek\u00fcrzt.<\/p>\n","protected":false},"excerpt":{"rendered":"<p>Schulform Die Oberschule Lastrup ist eine jahrgangsbezogene Oberschule. Die Abbildung zeigt die Einbindung der jahrgangsbezogenen Oberschule in die Schulstruktur Niedersachsens. Grunds\u00e4tzlich steht es jedem Sch\u00fcler und jeder Sch\u00fclerin offen, nach der Grundschule ein Gymnasium, eine Oberschule, eine Realschule, eine Hauptschule &hellip; <a href=\"https:\/\/wordpress.nibis.de\/obslastrup\/informationen-zur-schulform\/\">Weiterlesen <span class=\"meta-nav\">&rarr;<\/span><\/a><\/p>\n","protected":false},"author":980,"featured_media":0,"parent":0,"menu_order":0,"comment_status":"closed","ping_status":"closed","template":"sidebar-page.php","meta":{"footnotes":""},"class_list":["post-808","page","type-page","status-publish","hentry"],"_links":{"self":[{"href":"https:\/\/wordpress.nibis.de\/obslastrup\/wp-json\/wp\/v2\/pages\/808","targetHints":{"allow":["GET"]}}],"collection":[{"href":"https:\/\/wordpress.nibis.de\/obslastrup\/wp-json\/wp\/v2\/pages"}],"about":[{"href":"https:\/\/wordpress.nibis.de\/obslastrup\/wp-json\/wp\/v2\/types\/page"}],"author":[{"embeddable":true,"href":"https:\/\/wordpress.nibis.de\/obslastrup\/wp-json\/wp\/v2\/users\/980"}],"replies":[{"embeddable":true,"href":"https:\/\/wordpress.nibis.de\/obslastrup\/wp-json\/wp\/v2\/comments?post=808"}],"version-history":[{"count":14,"href":"https:\/\/wordpress.nibis.de\/obslastrup\/wp-json\/wp\/v2\/pages\/808\/revisions"}],"predecessor-version":[{"id":1801,"href":"https:\/\/wordpress.nibis.de\/obslastrup\/wp-json\/wp\/v2\/pages\/808\/revisions\/1801"}],"wp:attachment":[{"href":"https:\/\/wordpress.nibis.de\/obslastrup\/wp-json\/wp\/v2\/media?parent=808"}],"curies":[{"name":"wp","href":"https:\/\/api.w.org\/{rel}","templated":true}]}}