{"id":845,"date":"2017-03-31T10:15:16","date_gmt":"2017-03-31T08:15:16","guid":{"rendered":"http:\/\/wordpress.nibis.de\/obslastrup\/?page_id=845"},"modified":"2017-04-03T13:45:09","modified_gmt":"2017-04-03T11:45:09","slug":"leitbild","status":"publish","type":"page","link":"https:\/\/wordpress.nibis.de\/obslastrup\/leitbild\/","title":{"rendered":"Leitbild"},"content":{"rendered":"<p><img loading=\"lazy\" decoding=\"async\" class=\"size-large wp-image-96 aligncenter\" src=\"http:\/\/wordpress.nibis.de\/obslastrup\/files\/2016\/03\/Logo-OBS-Lastrup-mit-Namen-Homepage-800x230.jpg\" alt=\"\" width=\"584\" height=\"168\" srcset=\"https:\/\/wordpress.nibis.de\/obslastrup\/files\/2016\/03\/Logo-OBS-Lastrup-mit-Namen-Homepage-800x230.jpg 800w, https:\/\/wordpress.nibis.de\/obslastrup\/files\/2016\/03\/Logo-OBS-Lastrup-mit-Namen-Homepage-300x86.jpg 300w, https:\/\/wordpress.nibis.de\/obslastrup\/files\/2016\/03\/Logo-OBS-Lastrup-mit-Namen-Homepage-1000x288.jpg 1000w, https:\/\/wordpress.nibis.de\/obslastrup\/files\/2016\/03\/Logo-OBS-Lastrup-mit-Namen-Homepage-500x144.jpg 500w, https:\/\/wordpress.nibis.de\/obslastrup\/files\/2016\/03\/Logo-OBS-Lastrup-mit-Namen-Homepage.jpg 1024w\" sizes=\"auto, (max-width: 584px) 100vw, 584px\" \/><\/p>\n<table style=\"border-color: #000000;width: 584px\">\n<tbody>\n<tr style=\"height: 24px\">\n<td style=\"width: 540px;height: 24px;border-color: #000000;background-color: #1863db;text-align: center\" colspan=\"4\"><span style=\"color: #ffffff\"><strong>Leitbild der Oberschule Lastrup<\/strong><\/span><\/td>\n<\/tr>\n<tr style=\"height: 24px\">\n<td style=\"width: 540px;height: 24px;border-color: #000000;background-color: #3b6ff5;text-align: center\" colspan=\"4\"><em>\u00a0\u00a0<span style=\"color: #ffffff\">\u00a0\u00a0miteinander leben \u00a0&#8211; \u00a0voneinander lernen \u00a0&#8211; \u00a0f\u00fcreinander da sein<\/span><\/em><\/td>\n<\/tr>\n<tr style=\"height: 87px\">\n<td style=\"width: 135px;border-color: #000000;height: 87px;background-color: #ebeb42;text-align: center;vertical-align: middle\" scope=\"rowgroup\"><strong><strong>\u00a0Berufliche Lebensplanung<\/strong><\/strong><\/td>\n<td style=\"width: 135px;border-color: #000000;height: 87px;background-color: #a4e838;text-align: center;vertical-align: middle\" scope=\"rowgroup\"><strong>Pers\u00f6nlichkeits-enwicklung\u00a0<\/strong><\/td>\n<td style=\"width: 135px;border-color: #000000;height: 87px;background-color: #e89725;text-align: center;vertical-align: middle\" scope=\"rowgroup\"><strong>\u00a0Wissen erwerben<\/strong><\/td>\n<td style=\"width: 135px;border-color: #000000;height: 87px;background-color: #fa4d4d;text-align: center;vertical-align: middle\" scope=\"rowgroup\"><strong>\u00a0Kooperation und Kommunikation<\/strong><\/td>\n<\/tr>\n<tr style=\"height: 87px\">\n<td style=\"width: 135px;border-color: #000000;height: 87px;background-color: #ebeb42;text-align: center;vertical-align: top\" scope=\"rowgroup\">\u00a0Berufswahl-entscheidung treffen<\/p>\n<p>Ausbildungsf\u00e4higkeit entwickeln<\/p>\n<p>selbstst\u00e4ndig planen und organisieren<\/td>\n<td style=\"width: 135px;border-color: #000000;height: 87px;background-color: #a4e838;text-align: center;vertical-align: top\" scope=\"rowgroup\">nach christlichen und humanistischen Werten leben<\/p>\n<p>gewaltfrei miteinander umgehen<\/p>\n<p>respektvolles und vertrauensvolles Miteinander pflegen<\/p>\n<p>Verantwortung f\u00fcr sich und andere \u00fcbernehmen<\/td>\n<td style=\"width: 135px;border-color: #000000;height: 87px;background-color: #e89725;text-align: center;vertical-align: top\" scope=\"rowgroup\">\u00a0Leistungs-bereitschaft zeigen<\/p>\n<p>Wissen erwerben<\/p>\n<p>qualitativ hochwertigen, effektiven Unterricht erleben<\/p>\n<p>f\u00f6rdern und fordern<\/td>\n<td style=\"width: 135px;border-color: #000000;height: 87px;background-color: #fa4d4d;text-align: center;vertical-align: top\" scope=\"rowgroup\">\u00a0an einem Strang ziehen<\/p>\n<p>mit Eltern zusammenarbeiten<\/p>\n<p>au\u00dferschulische Organisationen und Lernstandorte einbeziehen<\/td>\n<\/tr>\n<tr style=\"height: 24px\">\n<td style=\"width: 540px;height: 24px;background-color: #1863db;text-align: center\" colspan=\"4\"><span style=\"color: #ffffff\">Beratungskonzept, Sozialp\u00e4dagoge, Fachbereiche, Elternarbeit, Sch\u00fclermitverwaltung, schuleigene Arbeitspl\u00e4ne, Methodenkonzept, Fortbildungskonzept, F\u00f6rder-\/Forderkonzept, Schulleben, Gewaltpr\u00e4vention, Pers\u00f6nlichkeitsbildung, Schulleitung<\/span><\/td>\n<\/tr>\n<\/tbody>\n<\/table>\n<p>Die Oberschule Lastrup begreift sich als offene und lebendige Gemeinschaft, die sich st\u00e4ndig und immer wieder neu um gegenseitiges Verst\u00e4ndnis, Mitmenschlichkeit und Vertrauen bem\u00fcht. Das Ziel ist es in Zusammenarbeit mit allen an der Schule Beteiligten, die Sch\u00fclerinnen und Sch\u00fcler zu selbstst\u00e4ndigen, eigenverantwortlichen und selbstbewussten Pers\u00f6nlichkeiten zu erziehen, f\u00fcr die Einsatzbereitschaft, Toleranz und soziale Verantwortung selbstverst\u00e4ndlich sind.<\/p>\n<p>Die Schule will mit ihrer Arbeit den Sch\u00fclerinnen und Sch\u00fclern ein tragf\u00e4higes Grundwissen vermitteln, das sie in die Lage versetzt, nach der Grundschulzeit ihre F\u00e4higkeiten in einer weiterf\u00fchrenden Schule fortzuentwickeln mit dem Ziel, den Bildungsabschluss zu erreichen, der ihrem individuellen Lern- und Leistungsverm\u00f6gen entspricht.<\/p>\n<p>Die Schule ist der Ansicht, dass sich die Arbeit in der Schule nicht allein auf die F\u00f6rderung der Kulturtechniken Lesen, Schreiben, Rechnen sowie die Vermittlung fachbezogenen Wissens beschr\u00e4nken darf, sondern die Bildung der Gesamtpers\u00f6nlichkeit der jungen Menschen im Blick haben muss.<\/p>\n<p>Die Kinder und Jugendlichen sollen lernen, ihre Beziehungen zu anderen Menschen nach den Grunds\u00e4tzen der Gerechtigkeit, der Solidarit\u00e4t und der Toleranz zu gestalten, Konflikte auszuhalten bzw. sie gewaltfrei zu l\u00f6sen.<\/p>\n<p>Eine solche Werteerziehung schlie\u00dft die Achtung erhaltenswerter Kulturg\u00fcter sowie das Engagement f\u00fcr eine gesundheitsf\u00f6rdernde Umwelt ein.<\/p>\n<p>Indem die Schule den jungen Menschen die grundlegenden Kenntnisse im Bereich der neuen Technologien sowie die Bedeutung vom Zeitgeist unabh\u00e4ngiger Schl\u00fcsselqualifikationen vermittelt, bereiten sie sie angemessen auf die sich st\u00e4ndig ver\u00e4ndernden Anforderungen im Berufs- und Arbeitsleben vor.<\/p>\n<p>Gelingen kann dies nur in enger Zusammenarbeit der Schule mit dem Elternhaus und den mit der Schule kooperierenden Partnern.<\/p>\n<p>Wechselseitige Information und regelm\u00e4\u00dfiger Gedankenaustausch bilden daher die Grundlage f\u00fcr eine ganzheitliche Entwicklung der Sch\u00fclerpers\u00f6nlichkeit.<\/p>\n<p>Die Oberschule Lastrup befindet sich\u00a0auf dem Weg, sich st\u00e4ndig weiter zu entwickeln und sich auch organisatorisch auf die gesellschaftlichen Anforderungen im Ganzen und die Bed\u00fcrfnisse der Sch\u00fcler- und Elternschaft im Besonderen einzustellen.<\/p>\n","protected":false},"excerpt":{"rendered":"<p>Leitbild der Oberschule Lastrup \u00a0\u00a0\u00a0\u00a0miteinander leben \u00a0&#8211; \u00a0voneinander lernen \u00a0&#8211; \u00a0f\u00fcreinander da sein \u00a0Berufliche Lebensplanung Pers\u00f6nlichkeits-enwicklung\u00a0 \u00a0Wissen erwerben \u00a0Kooperation und Kommunikation \u00a0Berufswahl-entscheidung treffen Ausbildungsf\u00e4higkeit entwickeln selbstst\u00e4ndig planen und organisieren nach christlichen und humanistischen Werten leben gewaltfrei miteinander umgehen respektvolles und &hellip; <a href=\"https:\/\/wordpress.nibis.de\/obslastrup\/leitbild\/\">Weiterlesen <span class=\"meta-nav\">&rarr;<\/span><\/a><\/p>\n","protected":false},"author":980,"featured_media":0,"parent":0,"menu_order":0,"comment_status":"closed","ping_status":"closed","template":"sidebar-page.php","meta":{"footnotes":""},"class_list":["post-845","page","type-page","status-publish","hentry"],"_links":{"self":[{"href":"https:\/\/wordpress.nibis.de\/obslastrup\/wp-json\/wp\/v2\/pages\/845","targetHints":{"allow":["GET"]}}],"collection":[{"href":"https:\/\/wordpress.nibis.de\/obslastrup\/wp-json\/wp\/v2\/pages"}],"about":[{"href":"https:\/\/wordpress.nibis.de\/obslastrup\/wp-json\/wp\/v2\/types\/page"}],"author":[{"embeddable":true,"href":"https:\/\/wordpress.nibis.de\/obslastrup\/wp-json\/wp\/v2\/users\/980"}],"replies":[{"embeddable":true,"href":"https:\/\/wordpress.nibis.de\/obslastrup\/wp-json\/wp\/v2\/comments?post=845"}],"version-history":[{"count":15,"href":"https:\/\/wordpress.nibis.de\/obslastrup\/wp-json\/wp\/v2\/pages\/845\/revisions"}],"predecessor-version":[{"id":876,"href":"https:\/\/wordpress.nibis.de\/obslastrup\/wp-json\/wp\/v2\/pages\/845\/revisions\/876"}],"wp:attachment":[{"href":"https:\/\/wordpress.nibis.de\/obslastrup\/wp-json\/wp\/v2\/media?parent=845"}],"curies":[{"name":"wp","href":"https:\/\/api.w.org\/{rel}","templated":true}]}}