{"id":369,"date":"2018-04-13T13:24:08","date_gmt":"2018-04-13T11:24:08","guid":{"rendered":"http:\/\/wordpress.nibis.de\/obsvienenburg\/?page_id=369"},"modified":"2025-03-31T12:41:46","modified_gmt":"2025-03-31T10:41:46","slug":"schwerpunkte-unserer-arbeit","status":"publish","type":"page","link":"https:\/\/wordpress.nibis.de\/obsvienenburg\/wichtiges\/schwerpunkte-unserer-arbeit\/","title":{"rendered":"Schwerpunkte unserer Arbeit"},"content":{"rendered":"<h5><a href=\"https:\/\/wordpress.nibis.de\/obsvienenburg\/unsere-schule\/\">Unsere Schule<\/a><br \/>\n<span style=\"color: #ffffff\">www<\/span><\/h5>\n<p><strong>Leitbild<\/strong><\/p>\n<p>Wir sind eine Schule, die die Individualit\u00e4t jedes einzelnen annimmt, unterst\u00fctzt, f\u00f6rdert und fordert.<\/p>\n<p>Die Sch\u00fclerinnen und Sch\u00fcler werden ganzheitlich, d.h. sowohl in ihrer emotional \u2013 sozialen als auch in ihrer fachlichen Kompetenzentwicklung gest\u00e4rkt.<\/p>\n<p>Wir stehen f\u00fcr Nachhaltigkeit, Umweltbewusstsein, Vielfalt und Toleranz und treten neuen Herausforderungen mutig entgegen.<\/p>\n<p>Wir legen besonderen Wert auf die Unterst\u00fctzung bei der individuellen Berufsorientierung und der eigenverantwortlichen Lebensgestaltung.<\/p>\n<p>Ein wertsch\u00e4tzender, respektvoller und vorurteilsfreier Umgang ist die Grundlage unseres t\u00e4glichen Miteinanders. Transparenz und kooperative Kommunikation innerhalb und au\u00dferhalb der Schule mit den Familien und Partnern in der Region sind uns wichtig.<\/p>\n<p>Wir arbeiten an einer kontinuierlichen Weiterentwicklung unserer Schule als Lern- und Lebensort.<\/p>\n<p><span style=\"color: #ffffff\">hxjxjxj<\/span><\/p>\n<p>1. Differenzierung<br \/>\n2. F\u00f6rderung<br \/>\n3. Berufsorientierung<\/p>\n<p><strong>1.\u00a0 Differenzierung in der Oberschule<\/strong><\/p>\n<p><span style=\"text-decoration: underline\">Leitgedanken<\/span><\/p>\n<p>Individuell F\u00f6rdern durch innere und \u00e4u\u00dfere Differenzierung<img loading=\"lazy\" decoding=\"async\" class=\"alignnone size-medium wp-image-211\" src=\"http:\/\/wordpress.nibis.de\/obsvienenburg\/files\/2018\/04\/Bild2-804x478.jpg\" alt=\"\" width=\"804\" height=\"478\" \/><\/p>\n<p><b>Unser Ziel:\u00a0 <\/b>Unter Ber\u00fccksichtigung individueller\u00a0 Lernvoraussetzungen \u00a0 vergleichbare Kenntnisse und F\u00e4higkeiten vermitteln.<\/p>\n<p><b>2.\u00a0 F\u00f6rdern und Fordern<\/b><\/p>\n<p><span style=\"text-decoration: underline\">Leitgedanken<\/span><\/p>\n<p>Gezielte F\u00f6rderung aller Sch\u00fclerinnen und Sch\u00fcler.<\/p>\n<p>Klassen 5-10 in FAL\u00dc-Stunden \u2013 F\u00f6rdern, Arbeiten, Lernen, \u00dcben<\/p>\n<p>Klasse 5 und 6 im Fach \u201eGrundkompetenzen\u201c<\/p>\n<ul>\n<li>zus\u00e4tzliche Sportf\u00f6rderung in Klasse 5 und 6<\/li>\n<li>zus\u00e4tzliche Lesef\u00f6rderung in Klasse 5-7<\/li>\n<li>zus\u00e4tzliche LRS-F\u00f6rderung in Klasse 5-7<\/li>\n<li>F\u00f6rderung der Medienkompetenz in Klasse 6<\/li>\n<\/ul>\n<p><b>3.\u00a0 Berufsorientierung<\/b><\/p>\n<p>Leitgedanken<\/p>\n<ul>\n<li>F\u00f6rderung von eigenverantwortlichem Handeln und selbstst\u00e4ndigem Lernen<\/li>\n<li>praxisorientierte Vorbereitung auf das Berufsleben<\/li>\n<li>Orientierung auf eine realistische Berufswahl entsprechend der Voraussetzungen der Sch\u00fclerinnen und Sch\u00fcler mit dem Elternhaus, der Agentur f\u00fcr Arbeit und den Betrieben<\/li>\n<\/ul>\n<p>Umsetzung<\/p>\n<ul>\n<li>Haushaltsf\u00fchrerschein in Klasse 5<\/li>\n<li>Zukunftstag in Klasse 6 bis 7<\/li>\n<li>Kompetenzfeststellungsverfahren in Klasse 8<\/li>\n<li>Praxistage an den BBS in Klasse 8<\/li>\n<li>Berufsstarterklasse Jahrgang 8 und 9<\/li>\n<li>Benimm in den Jahrg\u00e4ngen 8-10<\/li>\n<li>Betriebspraktika in den Klassen 8,9 und10<\/li>\n<li>Profilbildung an den BBS in Klasse 9 und 10 (Technik, Gesundheit und Soziales) Profil Sprachen (Franz\u00f6sisch) an der Schule<\/li>\n<li>Arbeit in der Sch\u00fclerfirma \u201eKr\u00fcmelkiste\u201c<\/li>\n<li>Vertreter der Arbeitsagentur sind bei Elternsprechtagen und weiteren Sprechtagen in der Schule anwesend<\/li>\n<li>Einbeziehung berufsorientierender Schwerpunkte in den Unterricht<\/li>\n<li>Anschluss an das Bildungsportal \u201eAusbildungsnetz 38\u201c<\/li>\n<li>Besuche im BIZ (Agentur f\u00fcr Arbeit)<\/li>\n<li>Besuch von Bildungsmessen: Berufsstarterb\u00f6rse, vocatium<\/li>\n<\/ul>\n<p>Abschl\u00fcsse<\/p>\n<ul>\n<li>Hauptschulabschluss (nach Kl.9)<\/li>\n<li>Sekundarabschluss I (nach Kl.10)<\/li>\n<li>Erweiterter Sekundarabschluss I (nach Kl. 10)<\/li>\n<li>Durchl\u00e4ssigkeit zwischen den Schulformen zu jedem Zeugnistermin<\/li>\n<\/ul>\n<p>Zugangsberechtigung<\/p>\n<ul>\n<li>Berufsschulen<\/li>\n<li>Berufsfachschulen<\/li>\n<li>Fachoberschulen<\/li>\n<li>Berufliches Gymnasium<\/li>\n<li>Gymnasium<\/li>\n<\/ul>\n","protected":false},"excerpt":{"rendered":"<p>Unsere Schule www Leitbild Wir sind eine Schule, die die Individualit\u00e4t jedes einzelnen annimmt, unterst\u00fctzt, f\u00f6rdert und fordert. Die Sch\u00fclerinnen und Sch\u00fcler werden ganzheitlich, d.h. sowohl in ihrer emotional \u2013 sozialen als auch in ihrer fachlichen Kompetenzentwicklung gest\u00e4rkt. Wir stehen f\u00fcr Nachhaltigkeit, Umweltbewusstsein, Vielfalt und Toleranz und treten neuen Herausforderungen mutig entgegen. Wir legen besonderen [&hellip;]<\/p>\n","protected":false},"author":9192430,"featured_media":0,"parent":23,"menu_order":0,"comment_status":"closed","ping_status":"closed","template":"","meta":{"footnotes":""},"class_list":["post-369","page","type-page","status-publish","hentry"],"_links":{"self":[{"href":"https:\/\/wordpress.nibis.de\/obsvienenburg\/wp-json\/wp\/v2\/pages\/369","targetHints":{"allow":["GET"]}}],"collection":[{"href":"https:\/\/wordpress.nibis.de\/obsvienenburg\/wp-json\/wp\/v2\/pages"}],"about":[{"href":"https:\/\/wordpress.nibis.de\/obsvienenburg\/wp-json\/wp\/v2\/types\/page"}],"author":[{"embeddable":true,"href":"https:\/\/wordpress.nibis.de\/obsvienenburg\/wp-json\/wp\/v2\/users\/9192430"}],"replies":[{"embeddable":true,"href":"https:\/\/wordpress.nibis.de\/obsvienenburg\/wp-json\/wp\/v2\/comments?post=369"}],"version-history":[{"count":9,"href":"https:\/\/wordpress.nibis.de\/obsvienenburg\/wp-json\/wp\/v2\/pages\/369\/revisions"}],"predecessor-version":[{"id":2401,"href":"https:\/\/wordpress.nibis.de\/obsvienenburg\/wp-json\/wp\/v2\/pages\/369\/revisions\/2401"}],"up":[{"embeddable":true,"href":"https:\/\/wordpress.nibis.de\/obsvienenburg\/wp-json\/wp\/v2\/pages\/23"}],"wp:attachment":[{"href":"https:\/\/wordpress.nibis.de\/obsvienenburg\/wp-json\/wp\/v2\/media?parent=369"}],"curies":[{"name":"wp","href":"https:\/\/api.w.org\/{rel}","templated":true}]}}