{"id":37,"date":"2018-02-26T21:20:28","date_gmt":"2018-02-26T20:20:28","guid":{"rendered":"http:\/\/wordpress.nibis.de\/obsvienenburg\/?page_id=37"},"modified":"2025-03-31T12:57:06","modified_gmt":"2025-03-31T10:57:06","slug":"unsere-schule","status":"publish","type":"page","link":"https:\/\/wordpress.nibis.de\/obsvienenburg\/wichtiges\/unsere-schule\/","title":{"rendered":"Unsere Schule"},"content":{"rendered":"<p><strong><br>Allgemeines<br><\/strong><\/p>\n<ul>\n<li>seit 2011 Oberschule<\/li>\n<li>ca. 330 Sch\u00fclerinnen und Sch\u00fcler in 17 Klassen<\/li>\n<li>36 Kolleginnen und Kollegen<\/li>\n<li>2 Schulsozialarbeiterinnen, davon 1 zust\u00e4ndig f\u00fcr die Berufsorientierung<\/li>\n<li>1 Hausmeister und 2 Sekret\u00e4rinnen<\/li>\n<li>2 Verantwortliche f\u00fcr die Schulbuchausleihe<\/li>\n<li>1 K\u00f6chin f\u00fcr die Mittagsverpflegung<\/li>\n<\/ul>\n<p><strong>Aufgaben und Ziele der Oberschule<\/strong><\/p>\n<p>An der Oberschule erwerben die Sch\u00fclerinnen und Sch\u00fcler Qualifikationen, mit denen sie ihren Bildungsweg berufs- aber auch studienbezogen fortsetzen k\u00f6nnen.<\/p>\n<p><span style=\"text-decoration: underline\">Das hei\u00dft, die Oberschule<\/span><\/p>\n<ul>\n<li>&nbsp; \u00ad st\u00e4rkt Grundfertigkeiten und selbstst\u00e4ndiges Lernen<\/li>\n<li>&nbsp; \u00ad f\u00f6rdert soziales Lernen<\/li>\n<li>&nbsp; \u00ad vermittelt eine grundlegende, erweiterte oder vertiefte<br>Allgemeinbildung<\/li>\n<li>&nbsp;erm\u00f6glicht eine individuelle Schwerpunktbildung<\/li>\n<li>&nbsp;bietet berufspraktische Schwerpunkte mit Ma\u00dfnahmen zur<br>Berufsorientierung und Berufsbildung<\/li>\n<li>&nbsp;Klassenlehrerinnen u. Lehrer sollten mindestens 6 Stunden<br>Unterricht in ihrer Klasse erteilen<\/li>\n<li>&nbsp;Anzahl der Lehrkr\u00e4fte in einer Klasse soll m\u00f6glichst gering sein<\/li>\n<li>&nbsp;2. Fremdsprache ist ab dem 6. Jahrgang durchg\u00e4ngig einzurichten<\/li>\n<li>&nbsp;Wahlpflichtkurse k\u00f6nnen jahrgangs- und schulzweigbezogen<br>durchgef\u00fchrt werden<\/li>\n<\/ul>\n<p><b>Grundlegendes in unserer Arbeit<\/b><\/p>\n<p>\u201eWir lernen gemeinsam und nehmen die Vielfalt wahr.\u201c \u2013 das hei\u00dft:<\/p>\n<p>alle Sch\u00fclerinnen und Sch\u00fcler werden gemeinsam unterrichtet<\/p>\n<p>\u2192 aufsteigend im Klassenverband<\/p>\n<p>\u2192 jahrgangsgebunden&nbsp; (unabh\u00e4ngig von der<br><span style=\"color: #ffffff\">&#8212;-<\/span>Schullaufbahnempfehlung)<\/p>\n\n\n<div class=\"page\" title=\"Page 1\">\n<div class=\"layoutArea\">\n<div class=\"column\">\n<p><strong>U\u0308bersicht zu den Pru\u0308fungen und Abschlu\u0308ssen<\/strong><\/p>\n<\/div>\n<\/div>\n<\/div>\n\n\n\n<p><a rel=\"noreferrer noopener\" href=\"https:\/\/wordpress.nibis.de\/obsvienenburg\/files\/2023\/09\/Broschu\u0308re_Abschlu\u0308sse.pdf\" target=\"_blank\">Hier klicken!<\/a><\/p>\n","protected":false},"excerpt":{"rendered":"<p>Allgemeines seit 2011 Oberschule ca. 330 Sch\u00fclerinnen und Sch\u00fcler in 17 Klassen 36 Kolleginnen und Kollegen 2 Schulsozialarbeiterinnen, davon 1 zust\u00e4ndig f\u00fcr die Berufsorientierung 1 Hausmeister und 2 Sekret\u00e4rinnen 2 Verantwortliche f\u00fcr die Schulbuchausleihe 1 K\u00f6chin f\u00fcr die Mittagsverpflegung Aufgaben und Ziele der Oberschule An der Oberschule erwerben die Sch\u00fclerinnen und Sch\u00fcler Qualifikationen, mit denen [&hellip;]<\/p>\n","protected":false},"author":9192430,"featured_media":0,"parent":23,"menu_order":0,"comment_status":"closed","ping_status":"closed","template":"","meta":{"footnotes":""},"class_list":["post-37","page","type-page","status-publish","hentry"],"_links":{"self":[{"href":"https:\/\/wordpress.nibis.de\/obsvienenburg\/wp-json\/wp\/v2\/pages\/37","targetHints":{"allow":["GET"]}}],"collection":[{"href":"https:\/\/wordpress.nibis.de\/obsvienenburg\/wp-json\/wp\/v2\/pages"}],"about":[{"href":"https:\/\/wordpress.nibis.de\/obsvienenburg\/wp-json\/wp\/v2\/types\/page"}],"author":[{"embeddable":true,"href":"https:\/\/wordpress.nibis.de\/obsvienenburg\/wp-json\/wp\/v2\/users\/9192430"}],"replies":[{"embeddable":true,"href":"https:\/\/wordpress.nibis.de\/obsvienenburg\/wp-json\/wp\/v2\/comments?post=37"}],"version-history":[{"count":18,"href":"https:\/\/wordpress.nibis.de\/obsvienenburg\/wp-json\/wp\/v2\/pages\/37\/revisions"}],"predecessor-version":[{"id":3134,"href":"https:\/\/wordpress.nibis.de\/obsvienenburg\/wp-json\/wp\/v2\/pages\/37\/revisions\/3134"}],"up":[{"embeddable":true,"href":"https:\/\/wordpress.nibis.de\/obsvienenburg\/wp-json\/wp\/v2\/pages\/23"}],"wp:attachment":[{"href":"https:\/\/wordpress.nibis.de\/obsvienenburg\/wp-json\/wp\/v2\/media?parent=37"}],"curies":[{"name":"wp","href":"https:\/\/api.w.org\/{rel}","templated":true}]}}