{"id":173,"date":"2023-10-16T16:23:27","date_gmt":"2023-10-16T14:23:27","guid":{"rendered":"https:\/\/wordpress.nibis.de\/obswdorf\/?page_id=173"},"modified":"2023-10-21T20:58:17","modified_gmt":"2023-10-21T18:58:17","slug":"trainingsraum","status":"publish","type":"page","link":"https:\/\/wordpress.nibis.de\/obswdorf\/trainingsraum\/","title":{"rendered":"Trainingsraum"},"content":{"rendered":"\n<p>Eine wichtige Voraussetzung zum Lernen in unserer Schule ist eine angenehme und ruhige Stimmung in der Klasse.<\/p>\n\n\n\n<p>Dabei helfen uns folgende Grundregeln:<\/p>\n\n\n\n<ul class=\"wp-block-list\"><li>Jede*r Sch\u00fcler*in hat das Recht ungest\u00f6rt zu lernen.<\/li><li>Die Lehrkr\u00e4fte haben das Recht ungest\u00f6rt zu unterrichten.<\/li><li>Jede*r muss stets die Rechte der anderen wahren.<\/li><\/ul>\n\n\n\n<p><strong>Durch die Trainingsraummethode lernen Sch\u00fcler*innen, selbst \u00fcber ihr Verhalten zu entscheiden und Verantwortung daf\u00fcr zu \u00fcbernehmen.<\/strong><\/p>\n","protected":false},"excerpt":{"rendered":"<p>Eine wichtige Voraussetzung zum Lernen in unserer Schule ist eine angenehme und ruhige Stimmung in der Klasse. Dabei helfen uns folgende Grundregeln: Jede*r Sch\u00fcler*in hat das Recht ungest\u00f6rt zu lernen. Die Lehrkr\u00e4fte haben das Recht ungest\u00f6rt zu unterrichten. Jede*r muss stets die Rechte der anderen wahren. Durch die Trainingsraummethode lernen Sch\u00fcler*innen, selbst \u00fcber ihr Verhalten [&hellip;]<\/p>\n","protected":false},"author":9194295,"featured_media":0,"parent":0,"menu_order":0,"comment_status":"closed","ping_status":"closed","template":"","meta":{"footnotes":""},"class_list":["post-173","page","type-page","status-publish","hentry"],"_links":{"self":[{"href":"https:\/\/wordpress.nibis.de\/obswdorf\/wp-json\/wp\/v2\/pages\/173","targetHints":{"allow":["GET"]}}],"collection":[{"href":"https:\/\/wordpress.nibis.de\/obswdorf\/wp-json\/wp\/v2\/pages"}],"about":[{"href":"https:\/\/wordpress.nibis.de\/obswdorf\/wp-json\/wp\/v2\/types\/page"}],"author":[{"embeddable":true,"href":"https:\/\/wordpress.nibis.de\/obswdorf\/wp-json\/wp\/v2\/users\/9194295"}],"replies":[{"embeddable":true,"href":"https:\/\/wordpress.nibis.de\/obswdorf\/wp-json\/wp\/v2\/comments?post=173"}],"version-history":[{"count":2,"href":"https:\/\/wordpress.nibis.de\/obswdorf\/wp-json\/wp\/v2\/pages\/173\/revisions"}],"predecessor-version":[{"id":447,"href":"https:\/\/wordpress.nibis.de\/obswdorf\/wp-json\/wp\/v2\/pages\/173\/revisions\/447"}],"wp:attachment":[{"href":"https:\/\/wordpress.nibis.de\/obswdorf\/wp-json\/wp\/v2\/media?parent=173"}],"curies":[{"name":"wp","href":"https:\/\/api.w.org\/{rel}","templated":true}]}}