{"id":200,"date":"2023-10-18T13:06:07","date_gmt":"2023-10-18T11:06:07","guid":{"rendered":"https:\/\/wordpress.nibis.de\/obswdorf\/?page_id=200"},"modified":"2026-04-17T13:33:48","modified_gmt":"2026-04-17T11:33:48","slug":"news","status":"publish","type":"page","link":"https:\/\/wordpress.nibis.de\/obswdorf\/news\/","title":{"rendered":"Schulbuchausleihe"},"content":{"rendered":"\n<figure class=\"wp-block-image size-large\"><img loading=\"lazy\" decoding=\"async\" width=\"1024\" height=\"320\" src=\"https:\/\/wordpress.nibis.de\/obswdorf\/files\/2023\/10\/buecherleihe_obs-1024x320.jpg\" alt=\"\" class=\"wp-image-316\" srcset=\"https:\/\/wordpress.nibis.de\/obswdorf\/files\/2023\/10\/buecherleihe_obs-1024x320.jpg 1024w, https:\/\/wordpress.nibis.de\/obswdorf\/files\/2023\/10\/buecherleihe_obs-300x94.jpg 300w, https:\/\/wordpress.nibis.de\/obswdorf\/files\/2023\/10\/buecherleihe_obs-768x240.jpg 768w, https:\/\/wordpress.nibis.de\/obswdorf\/files\/2023\/10\/buecherleihe_obs-1536x480.jpg 1536w, https:\/\/wordpress.nibis.de\/obswdorf\/files\/2023\/10\/buecherleihe_obs.jpg 1600w\" sizes=\"auto, (max-width: 1024px) 100vw, 1024px\" \/><\/figure>\n\n\n\n<p style=\"font-size:17px\">Alle Schulb\u00fccher k\u00f6nnen gegen eine Leihgeb\u00fchr von der Schule ausgeliehen werden. Dazu kommt ein Schuljahresbeitrag, der Kopiergeld, einen Nutzungsbeitrag f\u00fcr den Wassersprudler und je nach Jahrgang Beitr\u00e4ge f\u00fcr Schulveranstaltungen und Materialgeld f\u00fcr einige F\u00e4cher beinhaltet.<\/p>\n\n\n\n<p style=\"font-size:17px\">Die Schulbuchausleihe erfolgt \u00fcber das Modul Schulbuchausleihe bei <a href=\"https:\/\/obswesendorf.de\/buecher\">Iserv.<\/a><\/p>\n\n\n\n<div class=\"wp-block-media-text alignwide is-stacked-on-mobile is-style-default\" style=\"grid-template-columns:29% auto\"><figure class=\"wp-block-media-text__media\"><a href=\"https:\/\/wordpress.nibis.de\/obswdorf\/files\/2023\/10\/schulbuchausleihe_iserv.png\" target=\"_blank\" rel=\"noopener\"><img loading=\"lazy\" decoding=\"async\" width=\"585\" height=\"339\" src=\"https:\/\/wordpress.nibis.de\/obswdorf\/files\/2023\/10\/schulbuchausleihe_iserv.png\" alt=\"\" class=\"wp-image-319 size-full\" srcset=\"https:\/\/wordpress.nibis.de\/obswdorf\/files\/2023\/10\/schulbuchausleihe_iserv.png 585w, https:\/\/wordpress.nibis.de\/obswdorf\/files\/2023\/10\/schulbuchausleihe_iserv-300x174.png 300w\" sizes=\"auto, (max-width: 585px) 100vw, 585px\" \/><\/a><\/figure><div class=\"wp-block-media-text__content\">\n<p style=\"font-size:17px\">Dort k\u00f6nnen Sie sich \u00fcber die Leihbedingungen informieren, ihr Kind zur Ausleihe anmelden, die Schulbuchlisten abrufen, die Zahlungsmodalit\u00e4ten einsehen und \u00fcberpr\u00fcfen, welche B\u00fccher Sie aktuell ausgeliehen haben.<\/p>\n<\/div><\/div>\n\n\n\n<p style=\"font-size:17px\">Rechtzeitig zum Schuljahresende bzw. bei der Schulanmeldung erhalten Sie Informationen zu den Kosten und zur Zahlungsabwicklung.<\/p>\n\n\n\n<p>Eine Materialliste f\u00fcr alle Jahrg\u00e4nge finden Sie <a href=\"http:\/\/wordpress.nibis.de\/obswdorf\/files\/2026\/04\/Materialliste-26.pdf\">hier.<\/a><\/p>\n\n\n\n<p><\/p>\n","protected":false},"excerpt":{"rendered":"<p>Alle Schulb\u00fccher k\u00f6nnen gegen eine Leihgeb\u00fchr von der Schule ausgeliehen werden. Dazu kommt ein Schuljahresbeitrag, der Kopiergeld, einen Nutzungsbeitrag f\u00fcr den Wassersprudler und je nach Jahrgang Beitr\u00e4ge f\u00fcr Schulveranstaltungen und Materialgeld f\u00fcr einige F\u00e4cher beinhaltet. Die Schulbuchausleihe erfolgt \u00fcber das Modul Schulbuchausleihe bei Iserv. Dort k\u00f6nnen Sie sich \u00fcber die Leihbedingungen informieren, ihr Kind zur [&hellip;]<\/p>\n","protected":false},"author":9194295,"featured_media":0,"parent":0,"menu_order":0,"comment_status":"closed","ping_status":"closed","template":"","meta":{"footnotes":""},"class_list":["post-200","page","type-page","status-publish","hentry"],"_links":{"self":[{"href":"https:\/\/wordpress.nibis.de\/obswdorf\/wp-json\/wp\/v2\/pages\/200","targetHints":{"allow":["GET"]}}],"collection":[{"href":"https:\/\/wordpress.nibis.de\/obswdorf\/wp-json\/wp\/v2\/pages"}],"about":[{"href":"https:\/\/wordpress.nibis.de\/obswdorf\/wp-json\/wp\/v2\/types\/page"}],"author":[{"embeddable":true,"href":"https:\/\/wordpress.nibis.de\/obswdorf\/wp-json\/wp\/v2\/users\/9194295"}],"replies":[{"embeddable":true,"href":"https:\/\/wordpress.nibis.de\/obswdorf\/wp-json\/wp\/v2\/comments?post=200"}],"version-history":[{"count":33,"href":"https:\/\/wordpress.nibis.de\/obswdorf\/wp-json\/wp\/v2\/pages\/200\/revisions"}],"predecessor-version":[{"id":1150,"href":"https:\/\/wordpress.nibis.de\/obswdorf\/wp-json\/wp\/v2\/pages\/200\/revisions\/1150"}],"wp:attachment":[{"href":"https:\/\/wordpress.nibis.de\/obswdorf\/wp-json\/wp\/v2\/media?parent=200"}],"curies":[{"name":"wp","href":"https:\/\/api.w.org\/{rel}","templated":true}]}}