{"id":32,"date":"2023-10-16T11:57:55","date_gmt":"2023-10-16T09:57:55","guid":{"rendered":"https:\/\/wordpress.nibis.de\/obswdorf\/?page_id=32"},"modified":"2023-10-22T11:39:07","modified_gmt":"2023-10-22T09:39:07","slug":"ganztagsangebote","status":"publish","type":"page","link":"https:\/\/wordpress.nibis.de\/obswdorf\/ganztagsangebote\/","title":{"rendered":"Ganztagsangebote"},"content":{"rendered":"\n<figure class=\"wp-block-image size-large\"><img loading=\"lazy\" decoding=\"async\" width=\"1024\" height=\"320\" src=\"https:\/\/wordpress.nibis.de\/obswdorf\/files\/2023\/10\/fussball_pausenhof_header-01-large-1024x320.jpg\" alt=\"\" class=\"wp-image-368\" srcset=\"https:\/\/wordpress.nibis.de\/obswdorf\/files\/2023\/10\/fussball_pausenhof_header-01-large-1024x320.jpg 1024w, https:\/\/wordpress.nibis.de\/obswdorf\/files\/2023\/10\/fussball_pausenhof_header-01-large-300x94.jpg 300w, https:\/\/wordpress.nibis.de\/obswdorf\/files\/2023\/10\/fussball_pausenhof_header-01-large-768x240.jpg 768w, https:\/\/wordpress.nibis.de\/obswdorf\/files\/2023\/10\/fussball_pausenhof_header-01-large-1536x480.jpg 1536w, https:\/\/wordpress.nibis.de\/obswdorf\/files\/2023\/10\/fussball_pausenhof_header-01-large.jpg 1600w\" sizes=\"auto, (max-width: 1024px) 100vw, 1024px\" \/><\/figure>\n\n\n\n<h2 class=\"wp-block-heading\">Verl\u00e4ssliche Betreuungszeiten an der OBS Wesendorf:<\/h2>\n\n\n\n<p>F\u00fcr Familien ist es oft eine besonders schwierige Situation, wenn der Unterricht f\u00fcr die Kinder erst zum zweiten Block beginnt, sei es im Stundenplan so verankert oder durch Ausf\u00e4lle bedingt. Viele Eltern sind dann gezwungen, die Kinder alleine Zuhause zu lassen und diese m\u00fcssen sich dann selbstst\u00e4ndig auf den Weg in die Schule machen.<\/p>\n\n\n\n<!--more--> \n\n\n\n<p>Viele Eltern sind dann gezwungen, die Kinder alleine Zuhause zu lassen und diese m\u00fcssen sich dann selbstst\u00e4ndig auf den Weg in die Schule machen.<br>Die OBS Wesendorf bietet deshalb an jeden Tag von 7:45 Uhr &#8211; 9:25 Uhr eine verl\u00e4ssliche Betreuung durch Sozialp\u00e4dagogen und p\u00e4dagogische Mitarbeiterinnen an. Dieses Angebot richtet sich in erster Linie an j\u00fcngere Sch\u00fcler*innen aus den f\u00fcnften und sechsten Klassen.<br>In der Betreuungszeit werden die Sch\u00fcler*innen aber nicht nur beaufsichtigt sondern es gibt vielf\u00e4ltige Angebote: an drei Tagen in der Woche wird ein Fr\u00fchst\u00fcck bereitgestellt, Spiel und Sport, sowie die Mitarbeit in der Filzwerkstatt sind m\u00f6glich und die Sch\u00fcler*innen haben w\u00e4hrend der ganzen Zeit Ansprechpartner*innen.<\/p>\n\n\n\n<p>Durch den Schulschluss um 15:00 Uhr bleibt nach der Schule noch viel Zeit f\u00fcr au\u00dferschulische Aktivit\u00e4ten (Sport oder Hobby).<br>Die Sch\u00fcler*innen haben an einem oder zwei Nachmittagen verpflichtenden Unterricht, wer sein Kind aber auch an weiteren Nachmittagen in der Schule betreut wissen m\u00f6chte, kann die Sch\u00fcler*innen bei w\u00f6chentlich stattfindenden Arbeitsgemeinschaften anmelden.<\/p>\n","protected":false},"excerpt":{"rendered":"<p>Verl\u00e4ssliche Betreuungszeiten an der OBS Wesendorf: F\u00fcr Familien ist es oft eine besonders schwierige Situation, wenn der Unterricht f\u00fcr die Kinder erst zum zweiten Block beginnt, sei es im Stundenplan so verankert oder durch Ausf\u00e4lle bedingt. Viele Eltern sind dann gezwungen, die Kinder alleine Zuhause zu lassen und diese m\u00fcssen sich dann selbstst\u00e4ndig auf den [&hellip;]<\/p>\n","protected":false},"author":9194295,"featured_media":0,"parent":0,"menu_order":0,"comment_status":"closed","ping_status":"closed","template":"","meta":{"footnotes":""},"class_list":["post-32","page","type-page","status-publish","hentry"],"_links":{"self":[{"href":"https:\/\/wordpress.nibis.de\/obswdorf\/wp-json\/wp\/v2\/pages\/32","targetHints":{"allow":["GET"]}}],"collection":[{"href":"https:\/\/wordpress.nibis.de\/obswdorf\/wp-json\/wp\/v2\/pages"}],"about":[{"href":"https:\/\/wordpress.nibis.de\/obswdorf\/wp-json\/wp\/v2\/types\/page"}],"author":[{"embeddable":true,"href":"https:\/\/wordpress.nibis.de\/obswdorf\/wp-json\/wp\/v2\/users\/9194295"}],"replies":[{"embeddable":true,"href":"https:\/\/wordpress.nibis.de\/obswdorf\/wp-json\/wp\/v2\/comments?post=32"}],"version-history":[{"count":14,"href":"https:\/\/wordpress.nibis.de\/obswdorf\/wp-json\/wp\/v2\/pages\/32\/revisions"}],"predecessor-version":[{"id":477,"href":"https:\/\/wordpress.nibis.de\/obswdorf\/wp-json\/wp\/v2\/pages\/32\/revisions\/477"}],"wp:attachment":[{"href":"https:\/\/wordpress.nibis.de\/obswdorf\/wp-json\/wp\/v2\/media?parent=32"}],"curies":[{"name":"wp","href":"https:\/\/api.w.org\/{rel}","templated":true}]}}