{"id":36,"date":"2023-10-16T11:58:25","date_gmt":"2023-10-16T09:58:25","guid":{"rendered":"https:\/\/wordpress.nibis.de\/obswdorf\/?page_id=36"},"modified":"2023-10-22T11:26:33","modified_gmt":"2023-10-22T09:26:33","slug":"ags-und-projekte","status":"publish","type":"page","link":"https:\/\/wordpress.nibis.de\/obswdorf\/ags-und-projekte\/","title":{"rendered":"AGs und Projekte"},"content":{"rendered":"\n<h1 class=\"wp-block-heading\">AG-Angebote und Projekte<\/h1>\n\n\n\n<p>Arbeitsgemeinschaften werden f\u00fcr Sch\u00fcler*innen der Oberschule Wesendorf von Lehrkr\u00e4ften oder p\u00e4dagogischen Mitarbeiterinnen zu verschiedensten Themen in sportlichen, kreativen, spielerischen u.a. Bereichen angeboten.<\/p>\n\n\n\n<p>Das AG Programm wechselt j\u00e4hrlich, auch wenn einige AGs seit Jahren beliebt sind und immer wieder angeboten werden. Das Programm wird am Anfang eines Schuljahres zusammengestellt und in der zweiten Unterrichtswoche den Sch\u00fcler*innen vorgestellt. AGs werden nicht benotet und es werden keinen Arbeiten geschrieben, aber es sollte doch Interesse und Engagement vorhanden sein.<\/p>\n\n\n\n<p>Verabredet euch mit Freunden oder Klassenkammeraden zu einer AG und habt dort euren Spa\u00df. Die Anmeldung ist f\u00fcr ein Jahr verpflichtend (oftmals macht es ja auch erst richtig viel Spa\u00df, wenn man sich ein bisschen auskennt) und ihr m\u00fcsst euch genau wie f\u00fcr den Unterricht entschuldigen.<\/p>\n\n\n\n<p>Die Teilnahme an einer AG wird positiv auf dem Zeugnis vermerkt.<\/p>\n","protected":false},"excerpt":{"rendered":"<p>AG-Angebote und Projekte Arbeitsgemeinschaften werden f\u00fcr Sch\u00fcler*innen der Oberschule Wesendorf von Lehrkr\u00e4ften oder p\u00e4dagogischen Mitarbeiterinnen zu verschiedensten Themen in sportlichen, kreativen, spielerischen u.a. Bereichen angeboten. Das AG Programm wechselt j\u00e4hrlich, auch wenn einige AGs seit Jahren beliebt sind und immer wieder angeboten werden. Das Programm wird am Anfang eines Schuljahres zusammengestellt und in der zweiten [&hellip;]<\/p>\n","protected":false},"author":9194295,"featured_media":0,"parent":0,"menu_order":0,"comment_status":"closed","ping_status":"closed","template":"","meta":{"footnotes":""},"class_list":["post-36","page","type-page","status-publish","hentry"],"_links":{"self":[{"href":"https:\/\/wordpress.nibis.de\/obswdorf\/wp-json\/wp\/v2\/pages\/36","targetHints":{"allow":["GET"]}}],"collection":[{"href":"https:\/\/wordpress.nibis.de\/obswdorf\/wp-json\/wp\/v2\/pages"}],"about":[{"href":"https:\/\/wordpress.nibis.de\/obswdorf\/wp-json\/wp\/v2\/types\/page"}],"author":[{"embeddable":true,"href":"https:\/\/wordpress.nibis.de\/obswdorf\/wp-json\/wp\/v2\/users\/9194295"}],"replies":[{"embeddable":true,"href":"https:\/\/wordpress.nibis.de\/obswdorf\/wp-json\/wp\/v2\/comments?post=36"}],"version-history":[{"count":2,"href":"https:\/\/wordpress.nibis.de\/obswdorf\/wp-json\/wp\/v2\/pages\/36\/revisions"}],"predecessor-version":[{"id":469,"href":"https:\/\/wordpress.nibis.de\/obswdorf\/wp-json\/wp\/v2\/pages\/36\/revisions\/469"}],"wp:attachment":[{"href":"https:\/\/wordpress.nibis.de\/obswdorf\/wp-json\/wp\/v2\/media?parent=36"}],"curies":[{"name":"wp","href":"https:\/\/api.w.org\/{rel}","templated":true}]}}