{"id":38,"date":"2023-10-16T11:58:41","date_gmt":"2023-10-16T09:58:41","guid":{"rendered":"https:\/\/wordpress.nibis.de\/obswdorf\/?page_id=38"},"modified":"2023-11-01T14:31:39","modified_gmt":"2023-11-01T13:31:39","slug":"sport-an-der-obs","status":"publish","type":"page","link":"https:\/\/wordpress.nibis.de\/obswdorf\/sport-an-der-obs\/","title":{"rendered":"Sport an der OBS"},"content":{"rendered":"\n<figure class=\"wp-block-image size-large\"><img loading=\"lazy\" decoding=\"async\" width=\"1024\" height=\"320\" src=\"http:\/\/wordpress.nibis.de\/obswdorf\/files\/2023\/10\/sport_obs-1024x320.jpg\" alt=\"\" class=\"wp-image-605\" srcset=\"https:\/\/wordpress.nibis.de\/obswdorf\/files\/2023\/10\/sport_obs-1024x320.jpg 1024w, https:\/\/wordpress.nibis.de\/obswdorf\/files\/2023\/10\/sport_obs-300x94.jpg 300w, https:\/\/wordpress.nibis.de\/obswdorf\/files\/2023\/10\/sport_obs-768x240.jpg 768w, https:\/\/wordpress.nibis.de\/obswdorf\/files\/2023\/10\/sport_obs-1536x480.jpg 1536w, https:\/\/wordpress.nibis.de\/obswdorf\/files\/2023\/10\/sport_obs.jpg 1600w\" sizes=\"auto, (max-width: 1024px) 100vw, 1024px\" \/><\/figure>\n\n\n\n<p><strong>SPORT<\/strong><strong>&nbsp;wird an der OBS-Wesendorf gro\u00df geschrieben.<\/strong><\/p>\n\n\n\n<p>Zu den Halbjahreszeugnissen findet f\u00fcr jeden Jahrgang ein\u00a0<strong>Sportturnier<\/strong>\u00a0statt. Mit Begeisterung feuern Mitsch\u00fcler*innen, Lehrkr\u00e4fte und Eltern ihre Mannschaften beim Brettball, Mattenv\u00f6lkerball, Volleyball, Langbank-Fu\u00dfball oder Frisbee an.<\/p>\n\n\n\n<p>Alle zwei Jahre  finden unsere\u00a0<strong>Spiele\u2013ohne\u2013Grenzen<\/strong>\u00a0statt. Mit viel Einfallsreichtum bereitet jede Klasse eine Station vor. Geschick, Teamgeist, Mut und K\u00f6pfchen sind am Aktionstag gefragt \u2013 Spa\u00df ist garantiert!<\/p>\n\n\n\n<p>Ein weiteres Highlight unseres Schulalltags ist die\u00a0<strong>Pausenliga<\/strong>. Hier treten jahrgangsweise die besten Kicker\/Innen gegeneinander an. Ein fester Spielplan regelt den Einsatz der Klassenteams bis zum Finale.<\/p>\n\n\n\n<p>Teams der Oberschule Wesendorf nehmen regelm\u00e4\u00dfig an au\u00dferschulischen Turnieren und am Gifhorner Lauftag teil. <\/p>\n\n\n\n<p>Unser weitl\u00e4ufiger&nbsp;<strong>Schulhof<\/strong>&nbsp;l\u00e4dt zur aktiven Pausengestaltung ein, wie z.B. Basketball, Tischtennis, Fu\u00dfball, Balancieren und Klettern.<\/p>\n\n\n\n<p>Die\u00a0<strong>Schwimm-AG, Kanu-AG, Ski-Freizeit\u00a0<\/strong>und<strong>\u00a0 <\/strong>das<strong> Erlangen des Deutschen Sportabzeichens \u00a0<\/strong>runden das sportliche Angebot ab.<\/p>\n","protected":false},"excerpt":{"rendered":"<p>SPORT&nbsp;wird an der OBS-Wesendorf gro\u00df geschrieben. Zu den Halbjahreszeugnissen findet f\u00fcr jeden Jahrgang ein\u00a0Sportturnier\u00a0statt. Mit Begeisterung feuern Mitsch\u00fcler*innen, Lehrkr\u00e4fte und Eltern ihre Mannschaften beim Brettball, Mattenv\u00f6lkerball, Volleyball, Langbank-Fu\u00dfball oder Frisbee an. Alle zwei Jahre finden unsere\u00a0Spiele\u2013ohne\u2013Grenzen\u00a0statt. Mit viel Einfallsreichtum bereitet jede Klasse eine Station vor. Geschick, Teamgeist, Mut und K\u00f6pfchen sind am Aktionstag gefragt \u2013 [&hellip;]<\/p>\n","protected":false},"author":9194295,"featured_media":0,"parent":0,"menu_order":0,"comment_status":"closed","ping_status":"closed","template":"","meta":{"footnotes":""},"class_list":["post-38","page","type-page","status-publish","hentry"],"_links":{"self":[{"href":"https:\/\/wordpress.nibis.de\/obswdorf\/wp-json\/wp\/v2\/pages\/38","targetHints":{"allow":["GET"]}}],"collection":[{"href":"https:\/\/wordpress.nibis.de\/obswdorf\/wp-json\/wp\/v2\/pages"}],"about":[{"href":"https:\/\/wordpress.nibis.de\/obswdorf\/wp-json\/wp\/v2\/types\/page"}],"author":[{"embeddable":true,"href":"https:\/\/wordpress.nibis.de\/obswdorf\/wp-json\/wp\/v2\/users\/9194295"}],"replies":[{"embeddable":true,"href":"https:\/\/wordpress.nibis.de\/obswdorf\/wp-json\/wp\/v2\/comments?post=38"}],"version-history":[{"count":2,"href":"https:\/\/wordpress.nibis.de\/obswdorf\/wp-json\/wp\/v2\/pages\/38\/revisions"}],"predecessor-version":[{"id":707,"href":"https:\/\/wordpress.nibis.de\/obswdorf\/wp-json\/wp\/v2\/pages\/38\/revisions\/707"}],"wp:attachment":[{"href":"https:\/\/wordpress.nibis.de\/obswdorf\/wp-json\/wp\/v2\/media?parent=38"}],"curies":[{"name":"wp","href":"https:\/\/api.w.org\/{rel}","templated":true}]}}