{"id":40,"date":"2023-10-16T11:59:04","date_gmt":"2023-10-16T09:59:04","guid":{"rendered":"https:\/\/wordpress.nibis.de\/obswdorf\/?page_id=40"},"modified":"2023-10-22T20:50:22","modified_gmt":"2023-10-22T18:50:22","slug":"das-deutsche-sprachdiplom","status":"publish","type":"page","link":"https:\/\/wordpress.nibis.de\/obswdorf\/das-deutsche-sprachdiplom\/","title":{"rendered":"Das Deutsche Sprachdiplom"},"content":{"rendered":"\n<div class=\"wp-block-media-text alignwide is-stacked-on-mobile\" style=\"grid-template-columns:31% auto\"><figure class=\"wp-block-media-text__media\"><img loading=\"lazy\" decoding=\"async\" width=\"432\" height=\"318\" src=\"https:\/\/wordpress.nibis.de\/obswdorf\/files\/2023\/10\/deutsches-sprachdiplom-logo-2.jpg\" alt=\"\" class=\"wp-image-629 size-full\" srcset=\"https:\/\/wordpress.nibis.de\/obswdorf\/files\/2023\/10\/deutsches-sprachdiplom-logo-2.jpg 432w, https:\/\/wordpress.nibis.de\/obswdorf\/files\/2023\/10\/deutsches-sprachdiplom-logo-2-300x221.jpg 300w\" sizes=\"auto, (max-width: 432px) 100vw, 432px\" \/><\/figure><div class=\"wp-block-media-text__content\">\n<p style=\"font-size:17px\">Die OBS Wesendorf ist eine von 71 DSD Schulen in Niedersachen und die einzige allgemeinbildende Schule im Landkreis Gifhorn, an der Sch\u00fcler*innen, die Deutsch als Zweitsprache erlernen, die M\u00f6glichkeit haben, eine Pr\u00fcfung zum Erwerb des Deutsche Sprachdiploms der Stufe 1 abzulegen.<\/p>\n<\/div><\/div>\n\n\n\n<p style=\"font-size:17px\">Das Deutsche Sprachdiplom (DSD) der Kultusministerkonferenz ist das einzige schulische Programm der Bundesrepublik Deutschland f\u00fcr Deutsch als Fremdsprache im Ausland. Es kann in \u00fcber 70 L\u00e4ndern der Erde erworben werden. Seit 2012 ist es m\u00f6glich, diese zentrale Pr\u00fcfung auch innerhalb der Bundesrepublik Deutschland abzulegen. Das DSD richtet sich an Sch\u00fcler*innen  mit Migrationshintergrund sowie auch an Gastsch\u00fcler*innen aus der ganzen Welt und bescheinigt Deutschkenntnisse auf dem Niveau A2\/B1 des Gemeinsamen europ\u00e4ischen Referenzrahmens f\u00fcr Sprachen (GeR). Ein DSD I gilt z.B. als Nachweis der notwendigen deutschen Sprachkenntnisse f\u00fcr den Zugang zu einem Studienkolleg in Deutschland. Ein DSD II gilt als Nachweis der deutschen Sprachkenntnisse f\u00fcr ein Hochschulstudium in Deutschland.<\/p>\n\n\n\n<p style=\"font-size:17px\">Die Pr\u00fcfungen, auf die unsere Sch\u00fcler*innen gezielt vorbereitet werden, finden einmal j\u00e4hrlich im M\u00e4rz an unserer Schule statt.<br><\/p>\n\n\n\n<p style=\"font-size:17px\">F\u00fcr weitere Informationen folgen Sie den <a rel=\"noreferrer noopener\" href=\"https:\/\/www.kmk.org\/themen\/deutsches-sprachdiplom-dsd.html\" target=\"_blank\">Link<\/a>. <\/p>\n","protected":false},"excerpt":{"rendered":"<p>Die OBS Wesendorf ist eine von 71 DSD Schulen in Niedersachen und die einzige allgemeinbildende Schule im Landkreis Gifhorn, an der Sch\u00fcler*innen, die Deutsch als Zweitsprache erlernen, die M\u00f6glichkeit haben, eine Pr\u00fcfung zum Erwerb des Deutsche Sprachdiploms der Stufe 1 abzulegen. Das Deutsche Sprachdiplom (DSD) der Kultusministerkonferenz ist das einzige schulische Programm der Bundesrepublik Deutschland [&hellip;]<\/p>\n","protected":false},"author":9194295,"featured_media":0,"parent":0,"menu_order":0,"comment_status":"closed","ping_status":"closed","template":"","meta":{"footnotes":""},"class_list":["post-40","page","type-page","status-publish","hentry"],"_links":{"self":[{"href":"https:\/\/wordpress.nibis.de\/obswdorf\/wp-json\/wp\/v2\/pages\/40","targetHints":{"allow":["GET"]}}],"collection":[{"href":"https:\/\/wordpress.nibis.de\/obswdorf\/wp-json\/wp\/v2\/pages"}],"about":[{"href":"https:\/\/wordpress.nibis.de\/obswdorf\/wp-json\/wp\/v2\/types\/page"}],"author":[{"embeddable":true,"href":"https:\/\/wordpress.nibis.de\/obswdorf\/wp-json\/wp\/v2\/users\/9194295"}],"replies":[{"embeddable":true,"href":"https:\/\/wordpress.nibis.de\/obswdorf\/wp-json\/wp\/v2\/comments?post=40"}],"version-history":[{"count":6,"href":"https:\/\/wordpress.nibis.de\/obswdorf\/wp-json\/wp\/v2\/pages\/40\/revisions"}],"predecessor-version":[{"id":632,"href":"https:\/\/wordpress.nibis.de\/obswdorf\/wp-json\/wp\/v2\/pages\/40\/revisions\/632"}],"wp:attachment":[{"href":"https:\/\/wordpress.nibis.de\/obswdorf\/wp-json\/wp\/v2\/media?parent=40"}],"curies":[{"name":"wp","href":"https:\/\/api.w.org\/{rel}","templated":true}]}}