{"id":42,"date":"2023-10-16T11:59:19","date_gmt":"2023-10-16T09:59:19","guid":{"rendered":"https:\/\/wordpress.nibis.de\/obswdorf\/?page_id=42"},"modified":"2023-10-16T16:20:19","modified_gmt":"2023-10-16T14:20:19","slug":"mediation","status":"publish","type":"page","link":"https:\/\/wordpress.nibis.de\/obswdorf\/mediation\/","title":{"rendered":"Mediation"},"content":{"rendered":"\n<h1 class=\"wp-block-heading\"><\/h1>\n\n\n\n<p>Wer? Sabine Gleim und NN (Schulmediatorinnen laut BM)<\/p>\n\n\n\n<p>Wann?  nach Absprache<\/p>\n\n\n\n<p>Wo? Raum 11<\/p>\n\n\n\n<p>Wenn Sch\u00fcler*innen unserer Schule untereinander einen Konflikt haben, bieten wir ihnen im Rahmen unserer w\u00f6chentlich stattfindenden Sprechstunde ein vertrauensvolles Gespr\u00e4ch in unserem Mediationsraum an.<\/p>\n\n\n\n<p>Hierbei unterst\u00fctzen wir die Jugendlichen, ihren Konflikt ohne Schuldzuweisung in ruhiger Atmosph\u00e4re zu besprechen.<\/p>\n\n\n\n<p>Das Ziel besteht darin, dass die Sch\u00fcler*innen gemeinsam eine L\u00f6sung f\u00fcr ihr Problem finden.<\/p>\n\n\n\n<p>Dar\u00fcber hinaus helfen wir ihnen dabei, einen Weg f\u00fcr ihr zuk\u00fcnftiges Miteinander zu erarbeiten.<\/p>\n\n\n\n<p>Ein weiterer Baustein der Mediation ist die Ausbildung  zu Streitschlichtern.<\/p>\n\n\n\n<p>Jedes Schuljahr bieten wir mehrere Projekttage an, bei denen die Jugendlichen in Rollenspielen lernen, einen Streit friedlich und nachhaltig zu l\u00f6sen.<\/p>\n\n\n\n<p>Nach erfolgreichem Abschluss der Streitschlichterausbildung erhalten engagierte Sch\u00fcler*innen ein Zertifikat.<\/p>\n","protected":false},"excerpt":{"rendered":"<p>Wer? Sabine Gleim und NN (Schulmediatorinnen laut BM) Wann? nach Absprache Wo? Raum 11 Wenn Sch\u00fcler*innen unserer Schule untereinander einen Konflikt haben, bieten wir ihnen im Rahmen unserer w\u00f6chentlich stattfindenden Sprechstunde ein vertrauensvolles Gespr\u00e4ch in unserem Mediationsraum an. Hierbei unterst\u00fctzen wir die Jugendlichen, ihren Konflikt ohne Schuldzuweisung in ruhiger Atmosph\u00e4re zu besprechen. Das Ziel besteht [&hellip;]<\/p>\n","protected":false},"author":9194295,"featured_media":0,"parent":0,"menu_order":0,"comment_status":"closed","ping_status":"closed","template":"","meta":{"footnotes":""},"class_list":["post-42","page","type-page","status-publish","hentry"],"_links":{"self":[{"href":"https:\/\/wordpress.nibis.de\/obswdorf\/wp-json\/wp\/v2\/pages\/42","targetHints":{"allow":["GET"]}}],"collection":[{"href":"https:\/\/wordpress.nibis.de\/obswdorf\/wp-json\/wp\/v2\/pages"}],"about":[{"href":"https:\/\/wordpress.nibis.de\/obswdorf\/wp-json\/wp\/v2\/types\/page"}],"author":[{"embeddable":true,"href":"https:\/\/wordpress.nibis.de\/obswdorf\/wp-json\/wp\/v2\/users\/9194295"}],"replies":[{"embeddable":true,"href":"https:\/\/wordpress.nibis.de\/obswdorf\/wp-json\/wp\/v2\/comments?post=42"}],"version-history":[{"count":2,"href":"https:\/\/wordpress.nibis.de\/obswdorf\/wp-json\/wp\/v2\/pages\/42\/revisions"}],"predecessor-version":[{"id":172,"href":"https:\/\/wordpress.nibis.de\/obswdorf\/wp-json\/wp\/v2\/pages\/42\/revisions\/172"}],"wp:attachment":[{"href":"https:\/\/wordpress.nibis.de\/obswdorf\/wp-json\/wp\/v2\/media?parent=42"}],"curies":[{"name":"wp","href":"https:\/\/api.w.org\/{rel}","templated":true}]}}