{"id":44,"date":"2023-10-16T11:59:33","date_gmt":"2023-10-16T09:59:33","guid":{"rendered":"https:\/\/wordpress.nibis.de\/obswdorf\/?page_id=44"},"modified":"2023-11-07T09:49:20","modified_gmt":"2023-11-07T08:49:20","slug":"schulsozialarbeit","status":"publish","type":"page","link":"https:\/\/wordpress.nibis.de\/obswdorf\/schulsozialarbeit\/","title":{"rendered":"Schulsozialarbeit"},"content":{"rendered":"\n<p>Schulsozialarbeit ist ein freiwilliges und kostenloses Unterst\u00fctzungs- und Hilfsangebot, das von allen Sch\u00fcler*innen, Eltern sowie Lehrkr\u00e4ften in Anspruch genommen werden kann.<\/p>\n\n\n\n<p><strong>Unsere Angebote:<\/strong><\/p>\n\n\n\n<ul class=\"wp-block-list\"><li>individuelle Hilfe zur schulischen und au\u00dferschulischen Alltagsbew\u00e4ltigung<\/li><li>Sozialtraining, Projekte, Exkursionen<\/li><li>Paten-AG in Kooperation mit der Jugendf\u00f6rderung<\/li><li>Rat f\u00fcr Eltern, Lehrkr\u00e4fte und andere Vertrauenspersonen<\/li><li>Hilfe bei der Berufsorientierung und \u2013findung<\/li><li>Bewerbungshilfe und \u2013training<\/li><li>Betreuung w\u00e4hrend der Pausen<\/li><li>kostenloses Fr\u00fchst\u00fccksangebot<\/li><li>therapeutische Begleitung durch einen ausgebildeten Schul- und Lernbegleithund<\/li><\/ul>\n\n\n\n<p><strong>R\u00e4umlichkeiten:<\/strong>&nbsp;B\u00fcro, B\u00fccherei, Bewegungsraum, mehrere Aufenthalts-\/ Spielr\u00e4ume<\/p>\n\n\n\n<ul class=\"wp-block-list\"><li>bei pers\u00f6nlichen Problemen, z.B. in der Familie, im Freundeskreis oder mit dir selbst<\/li><li>bei schulischen Problemen, z.B. Lernschwierigkeiten und Schulangst<\/li><li>bei Konflikten innerhalb deiner Klasse<\/li><li>hinsichtlich der Vermittlung in au\u00dferschulischen Einrichtungen oder zu sozialen Diensten<\/li><li>bei Fragen zur weiteren beruflichen Ausbildung, z.B. Praktika, Praxistage, Ausbildung, Bewerbung usw.<\/li><li>f\u00fcr alles was dich bewegt!<\/li><\/ul>\n\n\n\n<h3 class=\"wp-block-heading\">Kontakte:<\/h3>\n\n\n\n<p><strong>Kristin Beck, Ricarda Dieckmann und&nbsp;<\/strong><strong>Anne Heyen<\/strong><\/p>\n\n\n\n<p>Tel. 05376\/899-79<\/p>\n\n\n\n<p><strong>Team:<\/strong><br>Annette Berenz, Marion Gertken, Marina Klass, Lilly Koch, Gina W\u00f6lfer<\/p>\n","protected":false},"excerpt":{"rendered":"<p>Schulsozialarbeit ist ein freiwilliges und kostenloses Unterst\u00fctzungs- und Hilfsangebot, das von allen Sch\u00fcler*innen, Eltern sowie Lehrkr\u00e4ften in Anspruch genommen werden kann. Unsere Angebote: individuelle Hilfe zur schulischen und au\u00dferschulischen Alltagsbew\u00e4ltigung Sozialtraining, Projekte, Exkursionen Paten-AG in Kooperation mit der Jugendf\u00f6rderung Rat f\u00fcr Eltern, Lehrkr\u00e4fte und andere Vertrauenspersonen Hilfe bei der Berufsorientierung und \u2013findung Bewerbungshilfe und \u2013training [&hellip;]<\/p>\n","protected":false},"author":9194295,"featured_media":0,"parent":0,"menu_order":0,"comment_status":"closed","ping_status":"closed","template":"","meta":{"footnotes":""},"class_list":["post-44","page","type-page","status-publish","hentry"],"_links":{"self":[{"href":"https:\/\/wordpress.nibis.de\/obswdorf\/wp-json\/wp\/v2\/pages\/44","targetHints":{"allow":["GET"]}}],"collection":[{"href":"https:\/\/wordpress.nibis.de\/obswdorf\/wp-json\/wp\/v2\/pages"}],"about":[{"href":"https:\/\/wordpress.nibis.de\/obswdorf\/wp-json\/wp\/v2\/types\/page"}],"author":[{"embeddable":true,"href":"https:\/\/wordpress.nibis.de\/obswdorf\/wp-json\/wp\/v2\/users\/9194295"}],"replies":[{"embeddable":true,"href":"https:\/\/wordpress.nibis.de\/obswdorf\/wp-json\/wp\/v2\/comments?post=44"}],"version-history":[{"count":5,"href":"https:\/\/wordpress.nibis.de\/obswdorf\/wp-json\/wp\/v2\/pages\/44\/revisions"}],"predecessor-version":[{"id":725,"href":"https:\/\/wordpress.nibis.de\/obswdorf\/wp-json\/wp\/v2\/pages\/44\/revisions\/725"}],"wp:attachment":[{"href":"https:\/\/wordpress.nibis.de\/obswdorf\/wp-json\/wp\/v2\/media?parent=44"}],"curies":[{"name":"wp","href":"https:\/\/api.w.org\/{rel}","templated":true}]}}