{"id":46,"date":"2023-10-16T11:59:50","date_gmt":"2023-10-16T09:59:50","guid":{"rendered":"https:\/\/wordpress.nibis.de\/obswdorf\/?page_id=46"},"modified":"2023-10-19T19:07:44","modified_gmt":"2023-10-19T17:07:44","slug":"beratungslehrerin","status":"publish","type":"page","link":"https:\/\/wordpress.nibis.de\/obswdorf\/beratungslehrerin\/","title":{"rendered":"Beratungslehrerin"},"content":{"rendered":"\n<p><strong>Wann?<\/strong>\u00a0Montag von 9:20 -10:50 Uhr und nach Absprache<br><strong>Wo?<\/strong>\u00a0Beratungsb\u00fcro R13 (Westfl\u00fcgel oben)<br><strong>Mail<\/strong>: &#x64;&#x69;&#x61;&#x6e;&#x61;&#x2e;&#x6c;&#x69;&#x65;&#x62;&#x69;&#99;&#104;&#64;&#111;&#98;&#115;&#119;esendo&#x72;&#x66;&#x2e;&#x64;&#x65;<\/p>\n\n\n\n<div class=\"wp-block-media-text alignwide has-media-on-the-right is-stacked-on-mobile\" style=\"grid-template-columns:auto 40%\"><figure class=\"wp-block-media-text__media\"><img loading=\"lazy\" decoding=\"async\" width=\"449\" height=\"458\" src=\"https:\/\/wordpress.nibis.de\/obswdorf\/files\/2023\/10\/dianaliebich.jpg\" alt=\"\" class=\"wp-image-250 size-full\" srcset=\"https:\/\/wordpress.nibis.de\/obswdorf\/files\/2023\/10\/dianaliebich.jpg 449w, https:\/\/wordpress.nibis.de\/obswdorf\/files\/2023\/10\/dianaliebich-294x300.jpg 294w\" sizes=\"auto, (max-width: 449px) 100vw, 449px\" \/><\/figure><div class=\"wp-block-media-text__content\">\n<p><strong>Was macht eine Beratungslehrerin?<\/strong><br>Im Schulalltag gibt es immer wieder Konflikte, Sorgen und Fragen bei Sch\u00fcler*innen, Eltern und Lehrkr\u00e4ften.<br>\u00dcber Konflikte und Sorgen sollten wir rechtzeitig miteinander reden und alles auch aus einem anderen Blickwinkel betrachten.<br>Die Beratungslehrerin hilft, indem sie sich Zeit nimmt, zuh\u00f6rt, unterst\u00fctzt und eine Probleml\u00f6sung begleitet.<br>Wichtig ist, dass die Beratung immer der Schweigepflicht unterliegt und immer freiwillig ist.<\/p>\n<\/div><\/div>\n\n\n\n<p><br><strong>Ich berate:<\/strong><\/p>\n\n\n\n<ul class=\"wp-block-list\"><li>Sch\u00fcler*innen bei Lern-, Leistungs- und Verhaltensproblemen und bei Konflikten in<br>der Schule<\/li><li>Eltern: wir f\u00fchren gemeinsam individuelle Beratungsgespr\u00e4che<\/li><li>Lehrkr\u00e4fte: im Umgang mit schwierigen Situationen im Schulalltag<\/li><\/ul>\n\n\n\n<p><br><strong>bei Gespr\u00e4chsbedarf<\/strong>:<\/p>\n\n\n\n<ul class=\"wp-block-list\"><li>am Montag in meinem B\u00fcro vorbeikommen oder mich in der Pause ansprechen<\/li><li>eine kurze E-Mail schreiben, in der bitte ein Grund und eine Telefonnummer zum R\u00fcckruf<br>steht.<\/li><li>Einen Zettel mit Namen, Grund und Telefonnummer in mein Postfach legen lassen.<br>Ich melde mich in allen F\u00e4llen innerhalb einer Woche bei Ihnen\/Euch<\/li><\/ul>\n","protected":false},"excerpt":{"rendered":"<p>Wann?\u00a0Montag von 9:20 -10:50 Uhr und nach AbspracheWo?\u00a0Beratungsb\u00fcro R13 (Westfl\u00fcgel oben)Mail: &#x64;&#x69;&#x61;&#x6e;&#x61;&#x2e;&#x6c;&#x69;&#101;&#98;&#105;&#99;&#104;&#64;&#111;bswe&#x73;&#x65;&#x6e;&#x64;&#x6f;&#x72;&#x66;&#x2e;&#x64;&#101; Was macht eine Beratungslehrerin?Im Schulalltag gibt es immer wieder Konflikte, Sorgen und Fragen bei Sch\u00fcler*innen, Eltern und Lehrkr\u00e4ften.\u00dcber Konflikte und Sorgen sollten wir rechtzeitig miteinander reden und alles auch aus einem anderen Blickwinkel betrachten.Die Beratungslehrerin hilft, indem sie sich Zeit nimmt, zuh\u00f6rt, unterst\u00fctzt [&hellip;]<\/p>\n","protected":false},"author":9194295,"featured_media":0,"parent":0,"menu_order":0,"comment_status":"closed","ping_status":"closed","template":"","meta":{"footnotes":""},"class_list":["post-46","page","type-page","status-publish","hentry"],"_links":{"self":[{"href":"https:\/\/wordpress.nibis.de\/obswdorf\/wp-json\/wp\/v2\/pages\/46","targetHints":{"allow":["GET"]}}],"collection":[{"href":"https:\/\/wordpress.nibis.de\/obswdorf\/wp-json\/wp\/v2\/pages"}],"about":[{"href":"https:\/\/wordpress.nibis.de\/obswdorf\/wp-json\/wp\/v2\/types\/page"}],"author":[{"embeddable":true,"href":"https:\/\/wordpress.nibis.de\/obswdorf\/wp-json\/wp\/v2\/users\/9194295"}],"replies":[{"embeddable":true,"href":"https:\/\/wordpress.nibis.de\/obswdorf\/wp-json\/wp\/v2\/comments?post=46"}],"version-history":[{"count":7,"href":"https:\/\/wordpress.nibis.de\/obswdorf\/wp-json\/wp\/v2\/pages\/46\/revisions"}],"predecessor-version":[{"id":253,"href":"https:\/\/wordpress.nibis.de\/obswdorf\/wp-json\/wp\/v2\/pages\/46\/revisions\/253"}],"wp:attachment":[{"href":"https:\/\/wordpress.nibis.de\/obswdorf\/wp-json\/wp\/v2\/media?parent=46"}],"curies":[{"name":"wp","href":"https:\/\/api.w.org\/{rel}","templated":true}]}}