{"id":478,"date":"2023-10-22T14:35:53","date_gmt":"2023-10-22T12:35:53","guid":{"rendered":"https:\/\/wordpress.nibis.de\/obswdorf\/?page_id=478"},"modified":"2023-11-07T19:00:17","modified_gmt":"2023-11-07T18:00:17","slug":"deutsch","status":"publish","type":"page","link":"https:\/\/wordpress.nibis.de\/obswdorf\/deutsch\/","title":{"rendered":"Deutsch"},"content":{"rendered":"\n<figure class=\"wp-block-image size-full\"><img loading=\"lazy\" decoding=\"async\" width=\"500\" height=\"300\" src=\"http:\/\/wordpress.nibis.de\/obswdorf\/files\/2023\/10\/fb_deutsch1.jpg\" alt=\"\" class=\"wp-image-376\" srcset=\"https:\/\/wordpress.nibis.de\/obswdorf\/files\/2023\/10\/fb_deutsch1.jpg 500w, https:\/\/wordpress.nibis.de\/obswdorf\/files\/2023\/10\/fb_deutsch1-300x180.jpg 300w\" sizes=\"auto, (max-width: 500px) 100vw, 500px\" \/><\/figure>\n\n\n\n<p>Leitsatz<\/p>\n\n\n\n<p>Fachleitung: Frau Manninga und Herr Mayer-Brandt<\/p>\n\n\n\n<p><strong>Willkommen im Fachbereich Deutsch!<\/strong><\/p>\n\n\n\n<p>Die Fachlehrkr\u00e4fte unserer Schule im Fach Deutsch sind Frau Ambrass, Frau Ehrhardt, Frau Knopp, Frau Manninga, Frau Mayer-Brandt, Herr Mayer-Brandt, Frau R\u00fcckold, Frau Stabrey, und Frau Fleischer als Fachbereichsleiterin Sprachen.<\/p>\n\n\n\n<p><strong>Unterrichtsorganisation<\/strong><\/p>\n\n\n\n<p>Im Fach Deutsch werden alle Sch\u00fcler*innen in den ersten beiden Jahren gemeinsam unterrichtet. Am Ende der 6. Klasse findet eine Einteilung in Erweiterungskurse (Realschulniveau) und Grundkurse (Hauptschulniveau) statt. Die Kurseinteilung basiert auf der Bewertung der bereits erreichten Kompetenzen des Deutschunterrichts. Innerhalb dieses Kurssystems k\u00f6nnen die Sch\u00fcler*innen zu den Zeugniskonferenzen auf Antrag der jeweiligen Fachlehrkraft die Kurse wechseln. Ab Klasse 8 findet der Deutschunterricht entweder als Klassenunterricht im Realschul- oder im Hauptschulzweig statt.<\/p>\n\n\n\n<p><strong>Zusammensetzung der Fachnote<\/strong><\/p>\n\n\n\n<p>Die Deutschnote setzt sich aus drei Teilen zusammen, welche unterschiedlich gewichtet sind und folgendes beinhalten k\u00f6nnen:<\/p>\n\n\n\n<ol class=\"wp-block-list\"><li><strong>30% M\u00fcndliche Leistungen:<\/strong><\/li><\/ol>\n\n\n\n<p>Mitarbeit im Unterricht, Pr\u00e4sentation von Hausaufgaben u.\u00c4.<\/p>\n\n\n\n<ol class=\"wp-block-list\" start=\"2\"><li><strong>20% Fachspezifische Leistungen bspw.:<\/strong><\/li><\/ol>\n\n\n\n<ul class=\"wp-block-list\"><li>Pr\u00e4sentationen<\/li><li>Lesetageb\u00fccher<\/li><li>Textproduktionen<\/li><li>Lautes Vorlesen usw.<\/li><\/ul>\n\n\n\n<ol class=\"wp-block-list\" start=\"3\"><li><strong>50% Schriftliche Leistungen:<\/strong><\/li><\/ol>\n\n\n\n<ul class=\"wp-block-list\"><li>Klassenarbeiten, welche die vier Kompetenzbereiche \u201cZuh\u00f6ren, Schreiben, Lesen\u201d und \u201cSprache untersuchen\u201d \u00fcberpr\u00fcfen (ca.5-6 pro Schuljahr)<\/li><\/ul>\n\n\n\n<p>Eine R\u00fcckmeldung zum aktuellen Leistungsstand erhalten die Sch\u00fcler*innen bei R\u00fcckgabe einer Klassenarbeit.<\/p>\n\n\n\n<p><strong>Material<\/strong><\/p>\n\n\n\n<p>Wir arbeiten mit dem Lehrwerk \u201c<strong>D wie Deutsch<\/strong>\u201d und in den Jahrg\u00e4ngen 9 und 10 mit dem Lehrwerk&nbsp;<strong>\u201cPraxis Sprache Differenziert\u201d<\/strong>&nbsp;vom Westermann-Verlag. Jeder Sch\u00fcler ben\u00f6tigt das Sch\u00fclerbuch und ein Arbeitsheft.<\/p>\n\n\n\n<p>Au\u00dferdem ben\u00f6tigen alle einen Duden und einen Linienblock bzw. Heft.<\/p>\n\n\n\n<div class=\"wp-block-buttons is-layout-flex wp-block-buttons-is-layout-flex\">\n<div class=\"wp-block-button aligncenter has-custom-width wp-block-button__width-25 is-style-fill\"><a class=\"wp-block-button__link has-luminous-vivid-amber-to-luminous-vivid-orange-gradient-background has-background\" href=\"https:\/\/wordpress.nibis.de\/obswdorf\/fachbereiche\/\" style=\"border-radius:37px\">zur\u00fcck zu den Fachbereichen<\/a><\/div>\n<\/div>\n","protected":false},"excerpt":{"rendered":"<p>Leitsatz Fachleitung: Frau Manninga und Herr Mayer-Brandt Willkommen im Fachbereich Deutsch! Die Fachlehrkr\u00e4fte unserer Schule im Fach Deutsch sind Frau Ambrass, Frau Ehrhardt, Frau Knopp, Frau Manninga, Frau Mayer-Brandt, Herr Mayer-Brandt, Frau R\u00fcckold, Frau Stabrey, und Frau Fleischer als Fachbereichsleiterin Sprachen. Unterrichtsorganisation Im Fach Deutsch werden alle Sch\u00fcler*innen in den ersten beiden Jahren gemeinsam unterrichtet. [&hellip;]<\/p>\n","protected":false},"author":9194295,"featured_media":0,"parent":0,"menu_order":0,"comment_status":"closed","ping_status":"closed","template":"","meta":{"footnotes":""},"class_list":["post-478","page","type-page","status-publish","hentry"],"_links":{"self":[{"href":"https:\/\/wordpress.nibis.de\/obswdorf\/wp-json\/wp\/v2\/pages\/478","targetHints":{"allow":["GET"]}}],"collection":[{"href":"https:\/\/wordpress.nibis.de\/obswdorf\/wp-json\/wp\/v2\/pages"}],"about":[{"href":"https:\/\/wordpress.nibis.de\/obswdorf\/wp-json\/wp\/v2\/types\/page"}],"author":[{"embeddable":true,"href":"https:\/\/wordpress.nibis.de\/obswdorf\/wp-json\/wp\/v2\/users\/9194295"}],"replies":[{"embeddable":true,"href":"https:\/\/wordpress.nibis.de\/obswdorf\/wp-json\/wp\/v2\/comments?post=478"}],"version-history":[{"count":7,"href":"https:\/\/wordpress.nibis.de\/obswdorf\/wp-json\/wp\/v2\/pages\/478\/revisions"}],"predecessor-version":[{"id":731,"href":"https:\/\/wordpress.nibis.de\/obswdorf\/wp-json\/wp\/v2\/pages\/478\/revisions\/731"}],"wp:attachment":[{"href":"https:\/\/wordpress.nibis.de\/obswdorf\/wp-json\/wp\/v2\/media?parent=478"}],"curies":[{"name":"wp","href":"https:\/\/api.w.org\/{rel}","templated":true}]}}