{"id":48,"date":"2023-10-16T12:00:05","date_gmt":"2023-10-16T10:00:05","guid":{"rendered":"https:\/\/wordpress.nibis.de\/obswdorf\/?page_id=48"},"modified":"2023-11-01T14:32:30","modified_gmt":"2023-11-01T13:32:30","slug":"berufsorientierung","status":"publish","type":"page","link":"https:\/\/wordpress.nibis.de\/obswdorf\/berufsorientierung\/","title":{"rendered":"Berufsorientierung"},"content":{"rendered":"\n<figure class=\"wp-block-image size-large\"><img loading=\"lazy\" decoding=\"async\" width=\"1024\" height=\"320\" src=\"https:\/\/wordpress.nibis.de\/obswdorf\/files\/2023\/10\/berufsorientierung-1024x320.jpg\" alt=\"\" class=\"wp-image-363\" srcset=\"https:\/\/wordpress.nibis.de\/obswdorf\/files\/2023\/10\/berufsorientierung-1024x320.jpg 1024w, https:\/\/wordpress.nibis.de\/obswdorf\/files\/2023\/10\/berufsorientierung-300x94.jpg 300w, https:\/\/wordpress.nibis.de\/obswdorf\/files\/2023\/10\/berufsorientierung-768x240.jpg 768w, https:\/\/wordpress.nibis.de\/obswdorf\/files\/2023\/10\/berufsorientierung-1536x480.jpg 1536w, https:\/\/wordpress.nibis.de\/obswdorf\/files\/2023\/10\/berufsorientierung.jpg 1600w\" sizes=\"auto, (max-width: 1024px) 100vw, 1024px\" \/><\/figure>\n\n\n\n<p>TEXT<\/p>\n\n\n\n<h2 class=\"wp-block-heading\">Berufsberatung durch die Agentur f\u00fcr Arbeit, Gifhorn<\/h2>\n\n\n\n<p><strong>Beratungsgespr\u00e4che:<\/strong><\/p>\n\n\n\n<ul class=\"wp-block-list\"><li>regelm\u00e4\u00dfige Sprechstunden f\u00fcr kurze Gespr\u00e4che in der Schule<\/li><li>ausf\u00fchrliche Beratungsgespr\u00e4che an der Agentur f\u00fcr Arbeit<\/li><\/ul>\n\n\n\n<p><strong>Vermittlung von Ausbildungsstellen:<\/strong><\/p>\n\n\n\n<ul class=\"wp-block-list\"><li>Hilfe bei der Suche von passenden Ausbildungspl\u00e4tzen und Vermittlung<\/li><li>Informationen zu Betrieben und schulischen Ausbildungsg\u00e4ngen (Fachschule)<\/li><\/ul>\n\n\n\n<h3 class=\"wp-block-heading\">Kontaktdaten<\/h3>\n\n\n\n<p>Frau Schulz<br>Agentur f\u00fcr Arbeit Gifhorn<br>Winkeler Stra\u00dfe 1<br>38518 Gifhorn<br><br>Telefon: 08004555500 (kostenlos)<br>Email:&nbsp;<a href=\"ma&#105;&#108;&#116;&#x6f;&#x3a;&#x47;&#x69;fh&#111;&#114;&#110;&#x2e;&#x31;&#x35;&#x31;-U&#50;&#53;&#64;&#x61;&#x72;&#x62;&#x65;it&#115;&#97;&#103;&#x65;&#x6e;&#x74;&#x75;r&#46;&#100;&#101;\">&#71;i&#102;h&#111;r&#x6e;&#46;&#x31;5&#x31;-&#x55;2&#x35;&#64;&#x61;r&#x62;e&#x69;t&#x73;a&#x67;&#101;&#x6e;&#116;&#x75;&#114;&#x2e;&#100;&#x65;<\/a><\/p>\n","protected":false},"excerpt":{"rendered":"<p>TEXT Berufsberatung durch die Agentur f\u00fcr Arbeit, Gifhorn Beratungsgespr\u00e4che: regelm\u00e4\u00dfige Sprechstunden f\u00fcr kurze Gespr\u00e4che in der Schule ausf\u00fchrliche Beratungsgespr\u00e4che an der Agentur f\u00fcr Arbeit Vermittlung von Ausbildungsstellen: Hilfe bei der Suche von passenden Ausbildungspl\u00e4tzen und Vermittlung Informationen zu Betrieben und schulischen Ausbildungsg\u00e4ngen (Fachschule) Kontaktdaten Frau SchulzAgentur f\u00fcr Arbeit GifhornWinkeler Stra\u00dfe 138518 Gifhorn Telefon: 08004555500 (kostenlos)Email:&nbsp;&#71;&#x69;&#102;&#x68;&#111;&#x72;n&#x2e;1&#53;&#x31;&#45;&#x55;&#50;&#x35;&#64;&#x61;r&#98;&#x65;&#105;&#x74;&#115;&#x61;&#103;&#x65;n&#x74;u&#114;&#x2e;&#100;&#x65;<\/p>\n","protected":false},"author":9194295,"featured_media":0,"parent":0,"menu_order":0,"comment_status":"closed","ping_status":"closed","template":"","meta":{"footnotes":""},"class_list":["post-48","page","type-page","status-publish","hentry"],"_links":{"self":[{"href":"https:\/\/wordpress.nibis.de\/obswdorf\/wp-json\/wp\/v2\/pages\/48","targetHints":{"allow":["GET"]}}],"collection":[{"href":"https:\/\/wordpress.nibis.de\/obswdorf\/wp-json\/wp\/v2\/pages"}],"about":[{"href":"https:\/\/wordpress.nibis.de\/obswdorf\/wp-json\/wp\/v2\/types\/page"}],"author":[{"embeddable":true,"href":"https:\/\/wordpress.nibis.de\/obswdorf\/wp-json\/wp\/v2\/users\/9194295"}],"replies":[{"embeddable":true,"href":"https:\/\/wordpress.nibis.de\/obswdorf\/wp-json\/wp\/v2\/comments?post=48"}],"version-history":[{"count":4,"href":"https:\/\/wordpress.nibis.de\/obswdorf\/wp-json\/wp\/v2\/pages\/48\/revisions"}],"predecessor-version":[{"id":708,"href":"https:\/\/wordpress.nibis.de\/obswdorf\/wp-json\/wp\/v2\/pages\/48\/revisions\/708"}],"wp:attachment":[{"href":"https:\/\/wordpress.nibis.de\/obswdorf\/wp-json\/wp\/v2\/media?parent=48"}],"curies":[{"name":"wp","href":"https:\/\/api.w.org\/{rel}","templated":true}]}}