{"id":480,"date":"2023-10-22T14:36:14","date_gmt":"2023-10-22T12:36:14","guid":{"rendered":"https:\/\/wordpress.nibis.de\/obswdorf\/?page_id=480"},"modified":"2023-10-26T16:50:07","modified_gmt":"2023-10-26T14:50:07","slug":"deutsch-als-zweitsprache","status":"publish","type":"page","link":"https:\/\/wordpress.nibis.de\/obswdorf\/deutsch-als-zweitsprache\/","title":{"rendered":"Deutsch als Zweitsprache"},"content":{"rendered":"\n<figure class=\"wp-block-image size-full\"><img loading=\"lazy\" decoding=\"async\" width=\"500\" height=\"300\" src=\"https:\/\/wordpress.nibis.de\/obswdorf\/files\/2023\/10\/fb_daz_500x300.jpg\" alt=\"\" class=\"wp-image-537\" srcset=\"https:\/\/wordpress.nibis.de\/obswdorf\/files\/2023\/10\/fb_daz_500x300.jpg 500w, https:\/\/wordpress.nibis.de\/obswdorf\/files\/2023\/10\/fb_daz_500x300-300x180.jpg 300w\" sizes=\"auto, (max-width: 500px) 100vw, 500px\" \/><\/figure>\n\n\n\n<p>Leitsatz<\/p>\n\n\n\n<p>Fachleitung: Frau Ambra\u00df<\/p>\n\n\n\n<p>Unsere Schule bietet DaZ- Unterricht in unterschiedlichen Sprachlerngruppen an.<br>In einem pers\u00f6nlichen Aufnahmegespr\u00e4ch in Anwesenheit der Sprachenlehrkraft werden zun\u00e4chst der Bildungshintergrund und die Sprachkenntnisse festgestellt.<\/p>\n\n\n\n<p>Die Sch\u00fcler*innen erwerben im DaZ- Unterricht grundlegende Kenntnisse in der deutschen Sprache. Die Neuank\u00f6mmlinge werden gleich zu Beginn einer Regelklasse zugeordnet. Schritt f\u00fcr Schritt werden sie dann in den Regelunterricht integriert.<\/p>\n\n\n\n<p>Jede*r Sch\u00fclerin hat die M\u00f6glichkeit in ihrem\/seinem individuellen Lerntempo zu arbeiten. Um dies zu erm\u00f6glichen, wurde das Lehrwerk \u201eGenial Klick\u201c angeschafft und in verschiedene Arbeitspl\u00e4ne aufgeteilt. Somit wird jedes Kind entsprechend seines Sprach- und Lernstandes beschult. Jede*r Sch\u00fcler*in erh\u00e4lt nach einer drei monatigen Orientierungsphase ihren\/seinen pers\u00f6nlichen Stundenplan. Bei Alphabetisierungsbedarf wird die Orientierungsphase verl\u00e4ngert.<\/p>\n\n\n\n<p>Um den Sch\u00fcler*innen den bestm\u00f6glichen Schulabschluss zu erm\u00f6glichen, werden in den h\u00f6heren Jahrg\u00e4ngen Sprachfeststellungspr\u00fcfungen in der Muttersprache angeboten. Diese Pr\u00fcfungsnote ersetzt im Zeugnis die Englischnote.<\/p>\n\n\n\n<p>An der Oberschule Wesendorf haben die Sch\u00fcler*innen au\u00dferdem die M\u00f6glichkeit das <a href=\"https:\/\/wordpress.nibis.de\/obswdorf\/das-deutsche-sprachdiplom\/\">Deutsche Sprachdiplom der KMK<\/a> abzulegen. <\/p>\n\n\n\n<div class=\"wp-block-buttons is-layout-flex wp-block-buttons-is-layout-flex\">\n<div class=\"wp-block-button aligncenter has-custom-width wp-block-button__width-25 is-style-fill\"><a class=\"wp-block-button__link has-luminous-vivid-amber-to-luminous-vivid-orange-gradient-background has-background\" href=\"https:\/\/wordpress.nibis.de\/obswdorf\/fachbereiche\/\" style=\"border-radius:37px\">zur\u00fcck zu den Fachbereichen<\/a><\/div>\n<\/div>\n\n\n\n<p><\/p>\n","protected":false},"excerpt":{"rendered":"<p>Leitsatz Fachleitung: Frau Ambra\u00df Unsere Schule bietet DaZ- Unterricht in unterschiedlichen Sprachlerngruppen an.In einem pers\u00f6nlichen Aufnahmegespr\u00e4ch in Anwesenheit der Sprachenlehrkraft werden zun\u00e4chst der Bildungshintergrund und die Sprachkenntnisse festgestellt. Die Sch\u00fcler*innen erwerben im DaZ- Unterricht grundlegende Kenntnisse in der deutschen Sprache. Die Neuank\u00f6mmlinge werden gleich zu Beginn einer Regelklasse zugeordnet. Schritt f\u00fcr Schritt werden sie dann [&hellip;]<\/p>\n","protected":false},"author":9194295,"featured_media":0,"parent":0,"menu_order":0,"comment_status":"closed","ping_status":"closed","template":"","meta":{"footnotes":""},"class_list":["post-480","page","type-page","status-publish","hentry"],"_links":{"self":[{"href":"https:\/\/wordpress.nibis.de\/obswdorf\/wp-json\/wp\/v2\/pages\/480","targetHints":{"allow":["GET"]}}],"collection":[{"href":"https:\/\/wordpress.nibis.de\/obswdorf\/wp-json\/wp\/v2\/pages"}],"about":[{"href":"https:\/\/wordpress.nibis.de\/obswdorf\/wp-json\/wp\/v2\/types\/page"}],"author":[{"embeddable":true,"href":"https:\/\/wordpress.nibis.de\/obswdorf\/wp-json\/wp\/v2\/users\/9194295"}],"replies":[{"embeddable":true,"href":"https:\/\/wordpress.nibis.de\/obswdorf\/wp-json\/wp\/v2\/comments?post=480"}],"version-history":[{"count":14,"href":"https:\/\/wordpress.nibis.de\/obswdorf\/wp-json\/wp\/v2\/pages\/480\/revisions"}],"predecessor-version":[{"id":668,"href":"https:\/\/wordpress.nibis.de\/obswdorf\/wp-json\/wp\/v2\/pages\/480\/revisions\/668"}],"wp:attachment":[{"href":"https:\/\/wordpress.nibis.de\/obswdorf\/wp-json\/wp\/v2\/media?parent=480"}],"curies":[{"name":"wp","href":"https:\/\/api.w.org\/{rel}","templated":true}]}}