{"id":482,"date":"2023-10-22T14:36:28","date_gmt":"2023-10-22T12:36:28","guid":{"rendered":"https:\/\/wordpress.nibis.de\/obswdorf\/?page_id=482"},"modified":"2023-11-08T10:13:59","modified_gmt":"2023-11-08T09:13:59","slug":"englisch","status":"publish","type":"page","link":"https:\/\/wordpress.nibis.de\/obswdorf\/englisch\/","title":{"rendered":"Englisch"},"content":{"rendered":"\n<figure class=\"wp-block-image size-full\"><img loading=\"lazy\" decoding=\"async\" width=\"500\" height=\"300\" src=\"https:\/\/wordpress.nibis.de\/obswdorf\/files\/2023\/10\/fachbereichenglisch_500x300.jpg\" alt=\"\" class=\"wp-image-544\" srcset=\"https:\/\/wordpress.nibis.de\/obswdorf\/files\/2023\/10\/fachbereichenglisch_500x300.jpg 500w, https:\/\/wordpress.nibis.de\/obswdorf\/files\/2023\/10\/fachbereichenglisch_500x300-300x180.jpg 300w\" sizes=\"auto, (max-width: 500px) 100vw, 500px\" \/><\/figure>\n\n\n\n<p>Leitsatz<\/p>\n\n\n\n<p><strong>Teachers<\/strong><\/p>\n\n\n\n<div class=\"wp-block-columns is-layout-flex wp-container-core-columns-is-layout-abceabcf wp-block-columns-is-layout-flex\">\n<div class=\"wp-block-column is-layout-flow wp-block-column-is-layout-flow\">\n<p><strong>Ms Mommert<br><\/strong>Head of the English Department<br>Hobbies: cooking, traveling, being creative<br>Teacher at this school: since 2020<br><\/p>\n\n\n\n<p><strong>Ms Ambra\u00df<br><\/strong>Hobbies: meeting friends, listening to music<br>Teacher at this school: since 2016<\/p>\n\n\n\n<p><strong>Mr Mayer-Brandt<br><\/strong>Hobbies: taking his dog for a walk, playing in a band<br>Teacher at this school: since 2007<\/p>\n\n\n\n<p><strong>Mr Scheiffele<br><\/strong>Hobbies: playing the saxophone, reading books<br>Teacher at this school: since 2001<\/p>\n<\/div>\n\n\n\n<div class=\"wp-block-column is-layout-flow wp-block-column-is-layout-flow\">\n<p><strong>Ms Kreller<br><\/strong>Head of the English Department<br>Hobbies: knitting, playing badminton<br>Teacher at this school: since 2011<\/p>\n\n\n\n<p><strong>Ms Perschmann<br><\/strong>Hobbies: swimming, first aid assistant<br>Teacher at this school: since 1994<\/p>\n\n\n\n<p><strong>Ms R\u00fcckold<br><\/strong>Hobbies:<br>Teacher at this school: since 2020<\/p>\n<\/div>\n<\/div>\n\n\n\n<p><strong>Fachleistungsdifferenzierung<\/strong><\/p>\n\n\n\n<p>Im Fach Englisch werden die Sch\u00fcler*innen in Klasse 5 gemeinsam im Klassenverband beschult. Am Ende der Klasse 5 erfolgt die Einteilung in Grundkurse (G-Kurse) oder Erweiterungskurse (E-Kurse).<\/p>\n\n\n\n<p>Nach der 7. Klasse werden die Sch\u00fcler*innen in den Realschul- oder Hauptschulzweig \u00fcbergehen. Im Hauptschulzweig erfolgt ab Jahrgang 9 erneut die Einteilung in G-Kurse bzw. E-Kurse. Innerhalb dieses Kurssystems k\u00f6nnen die Sch\u00fcler*innen zu den Zeugniskonferenzen auf Antrag des jeweiligen Fachlehrers die Kurse wechseln.<\/p>\n\n\n\n<p><strong>Lehrwerk<\/strong><\/p>\n\n\n\n<p>An der Oberschule Wesendorf wird mit dem Lehrwerk Blue Line vom Klettverlag gearbeitet.<\/p>\n\n\n\n<p><strong>Zusammensetzung der Note<\/strong><\/p>\n\n\n\n<p>Die Englischnote setzt sich aus drei Teilen zusammen, welche unterschiedlich gewichtet sind und folgendes beinhalten k\u00f6nnen:<\/p>\n\n\n\n<ol class=\"wp-block-list\"><li>30% M\u00fcndliche Leistungen:<\/li><\/ol>\n\n\n\n<ul class=\"wp-block-list\"><li>Mitarbeit im Unterricht<\/li><\/ul>\n\n\n\n<ol class=\"wp-block-list\" start=\"2\"><li>30% Fachspezifische Leistungen:<\/li><\/ol>\n\n\n\n<ul class=\"wp-block-list\"><li>Pr\u00e4sentationen<\/li><li>Dialoge<\/li><li>Vokabeltests<\/li><li>Grammatiktest<\/li><\/ul>\n\n\n\n<ol class=\"wp-block-list\" start=\"3\"><li>40% Schriftliche Leistungen:<\/li><\/ol>\n\n\n\n<ul class=\"wp-block-list\"><li>Klassenarbeiten, welche die vier Kompetenzen Listening (H\u00f6ren), Reading (Lesen), Writing (Schreiben) und Mediation (Sprachmittlung) \u00fcberpr\u00fcfen<\/li><\/ul>\n\n\n\n<p><strong>Abschlusspr\u00fcfungen im Fach Englisch<\/strong><\/p>\n\n\n\n<p><strong>Speaking Test<br><\/strong>Am Ende der Klasse 10 absolvieren alle Sch\u00fcler einen verbindlichen Speaking Test.<br>Dieser Speaking Test erfolgt gemeinsam mit einem Pr\u00fcfungspartner und umfasst f\u00fcr die Realschule und den E-Kurs der Hauptschule folgende Teile:<\/p>\n\n\n\n<ul class=\"wp-block-list\"><li>jeweils eine Selbstvorstellung<\/li><li>jeweils eine Bildbeschreibung<\/li><li>dialogisches Sprechen mit dem Pr\u00fcfungspartner<\/li><\/ul>\n\n\n\n<p>Die Sch\u00fcler des G-Kurses der Hauptschule werden in den folgenden Inhalten gepr\u00fcft:<\/p>\n\n\n\n<ul class=\"wp-block-list\"><li>jeweils eine Selbstvorstellung<\/li><li>dialogisches Sprechen mit dem Pr\u00fcfungspartner<\/li><\/ul>\n\n\n\n<p>Im Speaking Test k\u00f6nnen insgesamt 40 Punkte erreicht werden.<\/p>\n\n\n\n<p><strong>Verbindliche schriftliche Pr\u00fcfungen<br><\/strong>Die schriftliche Pr\u00fcfung im Fach Englisch pr\u00fcft wie die Klassenarbeiten die vier Kompetenzen Listening (H\u00f6ren), Reading (Lesen), Writing (Schreiben) und Mediation (Sprachmittlung). Hier k\u00f6nnen maximal 80 Punkte erreicht werden.<\/p>\n\n\n\n<p><strong>Pr\u00fcfungsnote, Zeugnisnote, Jahresnote und Zusatzpr\u00fcfung<\/strong><\/p>\n\n\n\n<p>Pr\u00fcfungsnote:<\/p>\n\n\n\n<p>Die erreichte Punktzahl aus dem Speaking Test und der schriftlichen Pr\u00fcfung (maximal 120) ergibt nach Umrechnung eine Pr\u00fcfungsnote.<\/p>\n\n\n\n<p>Zeugnisnote:<\/p>\n\n\n\n<p>Diese Pr\u00fcfungsnote macht 1\/3 der Zeugnisnote aus. 2\/3 der Zeugnisnote stellt die Jahresnote (die Note der im Schuljahr erbrachten Leistungen).<\/p>\n\n\n\n<p>M\u00fcndliche Zusatzpr\u00fcfung:<\/p>\n\n\n\n<p>Um die Zeugnisnote zu verbessern, besteht die M\u00f6glichkeit, eine m\u00fcndliche Zusatzpr\u00fcfung abzulegen. <\/p>\n\n\n\n<p>Mit dieser Zusatzpr\u00fcfung kann jedoch&nbsp;<em>nur die<\/em>&nbsp;<em>Pr\u00fcfungsnote&nbsp;<\/em>verbessert werden. Hier macht die Zusatzpr\u00fcfung 1\/3 der Pr\u00fcfungsnote aus.<\/p>\n\n\n\n<p>Nicht immer w\u00fcrde sich durch eine Zusatzpr\u00fcfung die Pr\u00fcfungs- bzw. Zeugnisnote verbessern. Darum ist eine Beratung durch den jeweiligen Fachlehrer ratsam und dringend n\u00f6tig.<\/p>\n\n\n\n<div class=\"wp-block-buttons is-layout-flex wp-block-buttons-is-layout-flex\">\n<div class=\"wp-block-button aligncenter has-custom-width wp-block-button__width-25 is-style-fill\"><a class=\"wp-block-button__link has-luminous-vivid-amber-to-luminous-vivid-orange-gradient-background has-background\" href=\"https:\/\/wordpress.nibis.de\/obswdorf\/fachbereiche\/\" style=\"border-radius:37px\">zur\u00fcck zu den Fachbereichen<\/a><\/div>\n<\/div>\n","protected":false},"excerpt":{"rendered":"<p>Leitsatz Teachers Ms MommertHead of the English DepartmentHobbies: cooking, traveling, being creativeTeacher at this school: since 2020 Ms Ambra\u00dfHobbies: meeting friends, listening to musicTeacher at this school: since 2016 Mr Mayer-BrandtHobbies: taking his dog for a walk, playing in a bandTeacher at this school: since 2007 Mr ScheiffeleHobbies: playing the saxophone, reading booksTeacher at this [&hellip;]<\/p>\n","protected":false},"author":9194295,"featured_media":0,"parent":0,"menu_order":0,"comment_status":"closed","ping_status":"closed","template":"","meta":{"footnotes":""},"class_list":["post-482","page","type-page","status-publish","hentry"],"_links":{"self":[{"href":"https:\/\/wordpress.nibis.de\/obswdorf\/wp-json\/wp\/v2\/pages\/482","targetHints":{"allow":["GET"]}}],"collection":[{"href":"https:\/\/wordpress.nibis.de\/obswdorf\/wp-json\/wp\/v2\/pages"}],"about":[{"href":"https:\/\/wordpress.nibis.de\/obswdorf\/wp-json\/wp\/v2\/types\/page"}],"author":[{"embeddable":true,"href":"https:\/\/wordpress.nibis.de\/obswdorf\/wp-json\/wp\/v2\/users\/9194295"}],"replies":[{"embeddable":true,"href":"https:\/\/wordpress.nibis.de\/obswdorf\/wp-json\/wp\/v2\/comments?post=482"}],"version-history":[{"count":8,"href":"https:\/\/wordpress.nibis.de\/obswdorf\/wp-json\/wp\/v2\/pages\/482\/revisions"}],"predecessor-version":[{"id":748,"href":"https:\/\/wordpress.nibis.de\/obswdorf\/wp-json\/wp\/v2\/pages\/482\/revisions\/748"}],"wp:attachment":[{"href":"https:\/\/wordpress.nibis.de\/obswdorf\/wp-json\/wp\/v2\/media?parent=482"}],"curies":[{"name":"wp","href":"https:\/\/api.w.org\/{rel}","templated":true}]}}