{"id":484,"date":"2023-10-22T14:36:40","date_gmt":"2023-10-22T12:36:40","guid":{"rendered":"https:\/\/wordpress.nibis.de\/obswdorf\/?page_id=484"},"modified":"2023-10-26T17:01:18","modified_gmt":"2023-10-26T15:01:18","slug":"franzoesisch","status":"publish","type":"page","link":"https:\/\/wordpress.nibis.de\/obswdorf\/franzoesisch\/","title":{"rendered":"Franz\u00f6sisch"},"content":{"rendered":"\n<p>Leitsatz<\/p>\n\n\n\n<p>Fachleitung: Frau Prilinski<\/p>\n\n\n\n<p>Der Franz\u00f6sischunterricht wird von Klasse 6 bis Klasse 8 im Rahmen von Wahlpflichtkursen angeboten, in Klasse 9 und 10 als Sprachprofil.<br><strong>Der Wahlpflichtkurs Franz\u00f6sisch kann nur in Klasse 6 gew\u00e4hlt werden, ein sp\u00e4teres Einsteigen ist nicht m\u00f6glich.<\/strong><\/p>\n\n\n\n<p>Die Franz\u00f6sischzensur setzt sich aus m\u00fcndlichen, schriftlichen und fachspezifischen Leistungen zusammen und ist versetzungsrelevant. Nur Sch\u00fcler, die am Franz\u00f6sischunterricht teilnehmen, k\u00f6nnen vorzeitig zum Gymnasium \u00fcbergehen.<\/p>\n\n\n\n<p>Sch\u00fcler*innen, die von Klasse 6 bis 10 am Franz\u00f6sischunterricht teilgenommen haben, m\u00fcssen in der Oberstufe einer weiterf\u00fchrenden Schule keine neue Fremdsprache erlernen.<\/p>\n\n\n\n<p>Wir bieten unseren Franz\u00f6sischsch\u00fclern in Klasse 9 und 10 die M\u00f6glichkeit, das international anerkannte und f\u00fcr Bewerbungen attraktive&nbsp;DELF-Zertifikat&nbsp;zu erwerben. Der erfolgreiche Abschluss des f\u00fcnfj\u00e4hrigen Sprachlehrgangs Franz\u00f6sisch sowie auch der zus\u00e4tzliche Erwerb des DELF-Diploms erh\u00f6hen die Chancen auf dem Arbeitsmarkt und attestieren den Sch\u00fcler\/innen Lern- und Einsatzbereitschaft als geforderte Schl\u00fcsselqualifikation in einer globalisierten Arbeitswelt.<\/p>\n\n\n\n<p>Alle zwei Jahre bieten wir Fahrten nach Frankreich\u00a0an, zum Beispiel nach Paris. Dar\u00fcber hinaus bringen wir, unseren Sch\u00fcler*innen  Frankreichs Kultur und Sprache nahe, indem wir das\u00a0France Mobil\u00a0regelm\u00e4\u00dfig an die Oberschule Wesendorf holen, Kino- oder Theaterbesuche organisieren, franz\u00f6sisch kochen oder den Deutsch-Franz\u00f6sischen Tag begehen.<\/p>\n\n\n\n<div class=\"wp-block-buttons is-layout-flex wp-block-buttons-is-layout-flex\">\n<div class=\"wp-block-button aligncenter has-custom-width wp-block-button__width-25 is-style-fill\"><a class=\"wp-block-button__link has-luminous-vivid-amber-to-luminous-vivid-orange-gradient-background has-background\" href=\"https:\/\/wordpress.nibis.de\/obswdorf\/fachbereiche\/\" style=\"border-radius:37px\">zur\u00fcck zu den Fachbereichen<\/a><\/div>\n<\/div>\n","protected":false},"excerpt":{"rendered":"<p>Leitsatz Fachleitung: Frau Prilinski Der Franz\u00f6sischunterricht wird von Klasse 6 bis Klasse 8 im Rahmen von Wahlpflichtkursen angeboten, in Klasse 9 und 10 als Sprachprofil.Der Wahlpflichtkurs Franz\u00f6sisch kann nur in Klasse 6 gew\u00e4hlt werden, ein sp\u00e4teres Einsteigen ist nicht m\u00f6glich. Die Franz\u00f6sischzensur setzt sich aus m\u00fcndlichen, schriftlichen und fachspezifischen Leistungen zusammen und ist versetzungsrelevant. Nur [&hellip;]<\/p>\n","protected":false},"author":9194295,"featured_media":0,"parent":0,"menu_order":0,"comment_status":"closed","ping_status":"closed","template":"","meta":{"footnotes":""},"class_list":["post-484","page","type-page","status-publish","hentry"],"_links":{"self":[{"href":"https:\/\/wordpress.nibis.de\/obswdorf\/wp-json\/wp\/v2\/pages\/484","targetHints":{"allow":["GET"]}}],"collection":[{"href":"https:\/\/wordpress.nibis.de\/obswdorf\/wp-json\/wp\/v2\/pages"}],"about":[{"href":"https:\/\/wordpress.nibis.de\/obswdorf\/wp-json\/wp\/v2\/types\/page"}],"author":[{"embeddable":true,"href":"https:\/\/wordpress.nibis.de\/obswdorf\/wp-json\/wp\/v2\/users\/9194295"}],"replies":[{"embeddable":true,"href":"https:\/\/wordpress.nibis.de\/obswdorf\/wp-json\/wp\/v2\/comments?post=484"}],"version-history":[{"count":5,"href":"https:\/\/wordpress.nibis.de\/obswdorf\/wp-json\/wp\/v2\/pages\/484\/revisions"}],"predecessor-version":[{"id":673,"href":"https:\/\/wordpress.nibis.de\/obswdorf\/wp-json\/wp\/v2\/pages\/484\/revisions\/673"}],"wp:attachment":[{"href":"https:\/\/wordpress.nibis.de\/obswdorf\/wp-json\/wp\/v2\/media?parent=484"}],"curies":[{"name":"wp","href":"https:\/\/api.w.org\/{rel}","templated":true}]}}