{"id":492,"date":"2023-10-22T14:37:29","date_gmt":"2023-10-22T12:37:29","guid":{"rendered":"https:\/\/wordpress.nibis.de\/obswdorf\/?page_id=492"},"modified":"2023-10-26T16:57:58","modified_gmt":"2023-10-26T14:57:58","slug":"chemie","status":"publish","type":"page","link":"https:\/\/wordpress.nibis.de\/obswdorf\/chemie\/","title":{"rendered":"Chemie"},"content":{"rendered":"\n<figure class=\"wp-block-image size-full\"><img loading=\"lazy\" decoding=\"async\" width=\"500\" height=\"300\" src=\"https:\/\/wordpress.nibis.de\/obswdorf\/files\/2023\/10\/fb_natuwissenschaft.jpg\" alt=\"\" class=\"wp-image-567\" srcset=\"https:\/\/wordpress.nibis.de\/obswdorf\/files\/2023\/10\/fb_natuwissenschaft.jpg 500w, https:\/\/wordpress.nibis.de\/obswdorf\/files\/2023\/10\/fb_natuwissenschaft-300x180.jpg 300w\" sizes=\"auto, (max-width: 500px) 100vw, 500px\" \/><\/figure>\n\n\n\n<p>Im Fach Chemie sollen unsere Sch\u00fcler*innen mit Entdeckergeist den Alltagsph\u00e4nomenen<br>auf die Spur kommen und das Wissen verantwortungsbewusst f\u00fcr unsere Umwelt einsetzen.<\/p>\n\n\n\n<p>Fachleitung: Herr Dr. Brenig<\/p>\n\n\n\n<p>Text&#8230;<\/p>\n\n\n\n<div class=\"wp-block-buttons is-layout-flex wp-block-buttons-is-layout-flex\">\n<div class=\"wp-block-button aligncenter has-custom-width wp-block-button__width-25 is-style-fill\"><a class=\"wp-block-button__link has-luminous-vivid-amber-to-luminous-vivid-orange-gradient-background has-background\" href=\"https:\/\/wordpress.nibis.de\/obswdorf\/fachbereiche\/\" style=\"border-radius:37px\">zur\u00fcck zu den Fachbereichen<\/a><\/div>\n<\/div>\n","protected":false},"excerpt":{"rendered":"<p>Im Fach Chemie sollen unsere Sch\u00fcler*innen mit Entdeckergeist den Alltagsph\u00e4nomenenauf die Spur kommen und das Wissen verantwortungsbewusst f\u00fcr unsere Umwelt einsetzen. Fachleitung: Herr Dr. Brenig Text&#8230;<\/p>\n","protected":false},"author":9194295,"featured_media":0,"parent":0,"menu_order":0,"comment_status":"closed","ping_status":"closed","template":"","meta":{"footnotes":""},"class_list":["post-492","page","type-page","status-publish","hentry"],"_links":{"self":[{"href":"https:\/\/wordpress.nibis.de\/obswdorf\/wp-json\/wp\/v2\/pages\/492","targetHints":{"allow":["GET"]}}],"collection":[{"href":"https:\/\/wordpress.nibis.de\/obswdorf\/wp-json\/wp\/v2\/pages"}],"about":[{"href":"https:\/\/wordpress.nibis.de\/obswdorf\/wp-json\/wp\/v2\/types\/page"}],"author":[{"embeddable":true,"href":"https:\/\/wordpress.nibis.de\/obswdorf\/wp-json\/wp\/v2\/users\/9194295"}],"replies":[{"embeddable":true,"href":"https:\/\/wordpress.nibis.de\/obswdorf\/wp-json\/wp\/v2\/comments?post=492"}],"version-history":[{"count":4,"href":"https:\/\/wordpress.nibis.de\/obswdorf\/wp-json\/wp\/v2\/pages\/492\/revisions"}],"predecessor-version":[{"id":669,"href":"https:\/\/wordpress.nibis.de\/obswdorf\/wp-json\/wp\/v2\/pages\/492\/revisions\/669"}],"wp:attachment":[{"href":"https:\/\/wordpress.nibis.de\/obswdorf\/wp-json\/wp\/v2\/media?parent=492"}],"curies":[{"name":"wp","href":"https:\/\/api.w.org\/{rel}","templated":true}]}}