{"id":494,"date":"2023-10-22T14:37:38","date_gmt":"2023-10-22T12:37:38","guid":{"rendered":"https:\/\/wordpress.nibis.de\/obswdorf\/?page_id=494"},"modified":"2023-11-17T10:43:30","modified_gmt":"2023-11-17T09:43:30","slug":"biologie","status":"publish","type":"page","link":"https:\/\/wordpress.nibis.de\/obswdorf\/biologie\/","title":{"rendered":"Biologie"},"content":{"rendered":"\n<figure class=\"wp-block-image size-full\"><img loading=\"lazy\" decoding=\"async\" width=\"500\" height=\"300\" src=\"http:\/\/wordpress.nibis.de\/obswdorf\/files\/2023\/11\/Biologie-bearbeitet.jpg\" alt=\"\" class=\"wp-image-773\" srcset=\"https:\/\/wordpress.nibis.de\/obswdorf\/files\/2023\/11\/Biologie-bearbeitet.jpg 500w, https:\/\/wordpress.nibis.de\/obswdorf\/files\/2023\/11\/Biologie-bearbeitet-300x180.jpg 300w\" sizes=\"auto, (max-width: 500px) 100vw, 500px\" \/><\/figure>\n\n\n\n<p>Im Fach Biologie wollen wir den Respekt f\u00fcr den eigenen K\u00f6rper und seine F\u00e4higkeiten und f\u00fcr die komplexe Beschaffenheit und Vielfalt der Tier- und Pflanzenwelt f\u00f6rdern.<\/p>\n\n\n\n<p>Fachleitung: Frau Bendewald<\/p>\n\n\n\n<p>Text&#8230;<\/p>\n\n\n\n<div class=\"wp-block-buttons is-layout-flex wp-block-buttons-is-layout-flex\">\n<div class=\"wp-block-button aligncenter has-custom-width wp-block-button__width-25 is-style-fill\"><a class=\"wp-block-button__link has-luminous-vivid-amber-to-luminous-vivid-orange-gradient-background has-background\" href=\"https:\/\/wordpress.nibis.de\/obswdorf\/fachbereiche\/\" style=\"border-radius:37px\">zur\u00fcck zu den Fachbereichen<\/a><\/div>\n<\/div>\n","protected":false},"excerpt":{"rendered":"<p>Im Fach Biologie wollen wir den Respekt f\u00fcr den eigenen K\u00f6rper und seine F\u00e4higkeiten und f\u00fcr die komplexe Beschaffenheit und Vielfalt der Tier- und Pflanzenwelt f\u00f6rdern. Fachleitung: Frau Bendewald Text&#8230;<\/p>\n","protected":false},"author":9194295,"featured_media":0,"parent":0,"menu_order":0,"comment_status":"closed","ping_status":"closed","template":"","meta":{"footnotes":""},"class_list":["post-494","page","type-page","status-publish","hentry"],"_links":{"self":[{"href":"https:\/\/wordpress.nibis.de\/obswdorf\/wp-json\/wp\/v2\/pages\/494","targetHints":{"allow":["GET"]}}],"collection":[{"href":"https:\/\/wordpress.nibis.de\/obswdorf\/wp-json\/wp\/v2\/pages"}],"about":[{"href":"https:\/\/wordpress.nibis.de\/obswdorf\/wp-json\/wp\/v2\/types\/page"}],"author":[{"embeddable":true,"href":"https:\/\/wordpress.nibis.de\/obswdorf\/wp-json\/wp\/v2\/users\/9194295"}],"replies":[{"embeddable":true,"href":"https:\/\/wordpress.nibis.de\/obswdorf\/wp-json\/wp\/v2\/comments?post=494"}],"version-history":[{"count":4,"href":"https:\/\/wordpress.nibis.de\/obswdorf\/wp-json\/wp\/v2\/pages\/494\/revisions"}],"predecessor-version":[{"id":776,"href":"https:\/\/wordpress.nibis.de\/obswdorf\/wp-json\/wp\/v2\/pages\/494\/revisions\/776"}],"wp:attachment":[{"href":"https:\/\/wordpress.nibis.de\/obswdorf\/wp-json\/wp\/v2\/media?parent=494"}],"curies":[{"name":"wp","href":"https:\/\/api.w.org\/{rel}","templated":true}]}}