{"id":496,"date":"2023-10-22T14:37:54","date_gmt":"2023-10-22T12:37:54","guid":{"rendered":"https:\/\/wordpress.nibis.de\/obswdorf\/?page_id=496"},"modified":"2023-10-26T18:49:49","modified_gmt":"2023-10-26T16:49:49","slug":"gsw","status":"publish","type":"page","link":"https:\/\/wordpress.nibis.de\/obswdorf\/gsw\/","title":{"rendered":"GSW"},"content":{"rendered":"\n<figure class=\"wp-block-image size-full\"><img loading=\"lazy\" decoding=\"async\" width=\"500\" height=\"300\" src=\"https:\/\/wordpress.nibis.de\/obswdorf\/files\/2023\/10\/fb_erdkunde500x300.jpg\" alt=\"\" class=\"wp-image-561\" srcset=\"https:\/\/wordpress.nibis.de\/obswdorf\/files\/2023\/10\/fb_erdkunde500x300.jpg 500w, https:\/\/wordpress.nibis.de\/obswdorf\/files\/2023\/10\/fb_erdkunde500x300-300x180.jpg 300w\" sizes=\"auto, (max-width: 500px) 100vw, 500px\" \/><\/figure>\n\n\n\n<p>Leitsatz<\/p>\n\n\n\n<p>Fachleitung: Herr Scheiffele<\/p>\n\n\n\n<p>Der Fachbereich Geschichtlich-Soziale Weltkunde (GSW) umfasst die klassischen Unterrichtsf\u00e4cher Geschichte, Erdkunde und Politik.<br><\/p>\n\n\n\n<p><strong>Bewertungskriterien<\/strong><\/p>\n\n\n\n<p><strong>Bewertungsschl\u00fcssel:<\/strong><\/p>\n\n\n\n<p>ab 95% = 1 \/ ab 80% = 2 \/ ab 65% = 3 \/ ab 50% = 4 \/ ab 30% = 5 \/ 29-0% = 6<\/p>\n\n\n\n<p><strong>Gewichtung der Notenbereiche (Klassen 5-10):<\/strong><\/p>\n\n\n\n<p>m\u00fcndliche Beteiligung: 60% schriftlicher Bereich: 40%<\/p>\n\n\n\n<p><strong>Inhalte der Notenbereiche:<\/strong><\/p>\n\n\n\n<p>M\u00fcndlich:&nbsp;Referate, Pr\u00e4sentationen, Podiumsdiskussionen, Gruppenarbeiten, Partnerarbeiten, LZK,<\/p>\n\n\n\n<p>Beteiligung am Unterrichtsgespr\u00e4ch, Mitarbeit bei Vorbereitung, Durchf\u00fchrung und<\/p>\n\n\n\n<p>Nachbereitung von Exkursionen, Erarbeitung von Ausstellungen etc.<\/p>\n\n\n\n<p>Schriftlich: Arbeit, Referatsausarbeitung, Plakatgestaltung &amp; Inhalt, Pr\u00e4sentationstext, Kurztest<\/p>\n\n\n\n<p><strong>Projekte und au\u00dferschulische Lernorte<\/strong><\/p>\n\n\n\n<p><strong>Geschichte:<\/strong><\/p>\n\n\n\n<p>Landesmuseum Braunschweig\/Wolfenb\u00fcttel, Arch\u00e4ologisches Zentrum Hitzacker (Jungsteinzeit), Gedenkst\u00e4tte Bergen-Belsen, Roemer- und Pelizaeus-Museum Hildesheim, Gedenkst\u00e4tte<\/p>\n\n\n\n<p>Deutsche Teilung Marienborn<\/p>\n\n\n\n<p><strong>Erdkunde:<\/strong><\/p>\n\n\n\n<p>Exkursionen am Schulort (Orientierung), Planetarium Wolfsburg, Klimahaus Bremerhaven<\/p>\n\n\n\n<p><strong>Politik:<\/strong><\/p>\n\n\n\n<p>Bundes- und Landtag<\/p>\n\n\n\n<p><strong>Regelm\u00e4\u00dfige innerschulische Projekte<\/strong><\/p>\n\n\n\n<p><strong>Verkehrserziehung:<\/strong><\/p>\n\n\n\n<p>Die Sch\u00fcler*innen der 5. und 6. Klassen erhalten einmal pro Jahr Verkehrsunterricht, der von der Polizeiinspektion Gifhorn durchgef\u00fchrt wird.<\/p>\n\n\n\n<p><strong>Gewaltpr\u00e4vention:<\/strong><\/p>\n\n\n\n<p>Auch in diesem Bereich arbeit die OBS Wesendorf seit vielen Jahren mit der Polizeiinspektion Gifhorn zusammen.<\/p>\n\n\n\n<p>Jahrg\u00e4nge 5 und 6: Themenschwerpunkt Internetgefahren<br>Jahrg\u00e4nge 6 bis 10: Themenschwerpunkt Jugendstrafrecht<br>Mobbing\/Cyber-Mobbing (Recht am eigenen Bild), Zivilcourage<br>Jahrg\u00e4nge 7 bis 10: Themenschwerpunkt Jugendschutzgesetz<br>Suchtmittelmissbrauch (Alkohol, Cannabis etc.) sowie strafrechtliche, zivilrechtliche und f\u00fchrerscheinrechtliche Auswirkungen<\/p>\n\n\n\n<div class=\"wp-block-buttons is-layout-flex wp-block-buttons-is-layout-flex\">\n<div class=\"wp-block-button aligncenter has-custom-width wp-block-button__width-25 is-style-fill\"><a class=\"wp-block-button__link has-luminous-vivid-amber-to-luminous-vivid-orange-gradient-background has-background\" href=\"https:\/\/wordpress.nibis.de\/obswdorf\/fachbereiche\/\" style=\"border-radius:37px\">zur\u00fcck zu den Fachbereichen<\/a><\/div>\n<\/div>\n","protected":false},"excerpt":{"rendered":"<p>Leitsatz Fachleitung: Herr Scheiffele Der Fachbereich Geschichtlich-Soziale Weltkunde (GSW) umfasst die klassischen Unterrichtsf\u00e4cher Geschichte, Erdkunde und Politik. Bewertungskriterien Bewertungsschl\u00fcssel: ab 95% = 1 \/ ab 80% = 2 \/ ab 65% = 3 \/ ab 50% = 4 \/ ab 30% = 5 \/ 29-0% = 6 Gewichtung der Notenbereiche (Klassen 5-10): m\u00fcndliche Beteiligung: 60% [&hellip;]<\/p>\n","protected":false},"author":9194295,"featured_media":0,"parent":0,"menu_order":0,"comment_status":"closed","ping_status":"closed","template":"","meta":{"footnotes":""},"class_list":["post-496","page","type-page","status-publish","hentry"],"_links":{"self":[{"href":"https:\/\/wordpress.nibis.de\/obswdorf\/wp-json\/wp\/v2\/pages\/496","targetHints":{"allow":["GET"]}}],"collection":[{"href":"https:\/\/wordpress.nibis.de\/obswdorf\/wp-json\/wp\/v2\/pages"}],"about":[{"href":"https:\/\/wordpress.nibis.de\/obswdorf\/wp-json\/wp\/v2\/types\/page"}],"author":[{"embeddable":true,"href":"https:\/\/wordpress.nibis.de\/obswdorf\/wp-json\/wp\/v2\/users\/9194295"}],"replies":[{"embeddable":true,"href":"https:\/\/wordpress.nibis.de\/obswdorf\/wp-json\/wp\/v2\/comments?post=496"}],"version-history":[{"count":3,"href":"https:\/\/wordpress.nibis.de\/obswdorf\/wp-json\/wp\/v2\/pages\/496\/revisions"}],"predecessor-version":[{"id":674,"href":"https:\/\/wordpress.nibis.de\/obswdorf\/wp-json\/wp\/v2\/pages\/496\/revisions\/674"}],"wp:attachment":[{"href":"https:\/\/wordpress.nibis.de\/obswdorf\/wp-json\/wp\/v2\/media?parent=496"}],"curies":[{"name":"wp","href":"https:\/\/api.w.org\/{rel}","templated":true}]}}