{"id":50,"date":"2023-10-16T12:00:33","date_gmt":"2023-10-16T10:00:33","guid":{"rendered":"https:\/\/wordpress.nibis.de\/obswdorf\/?page_id=50"},"modified":"2025-06-26T13:28:47","modified_gmt":"2025-06-26T11:28:47","slug":"anmeldung-an-der-obs","status":"publish","type":"page","link":"https:\/\/wordpress.nibis.de\/obswdorf\/anmeldung-an-der-obs\/","title":{"rendered":"Anmeldung an der OBS"},"content":{"rendered":"\n<figure class=\"wp-block-image size-large\"><img loading=\"lazy\" decoding=\"async\" width=\"1024\" height=\"320\" src=\"https:\/\/wordpress.nibis.de\/obswdorf\/files\/2023\/10\/fb_chemie-1024x320.jpg\" alt=\"\" class=\"wp-image-623\" srcset=\"https:\/\/wordpress.nibis.de\/obswdorf\/files\/2023\/10\/fb_chemie-1024x320.jpg 1024w, https:\/\/wordpress.nibis.de\/obswdorf\/files\/2023\/10\/fb_chemie-300x94.jpg 300w, https:\/\/wordpress.nibis.de\/obswdorf\/files\/2023\/10\/fb_chemie-768x240.jpg 768w, https:\/\/wordpress.nibis.de\/obswdorf\/files\/2023\/10\/fb_chemie-1536x480.jpg 1536w, https:\/\/wordpress.nibis.de\/obswdorf\/files\/2023\/10\/fb_chemie.jpg 1600w\" sizes=\"auto, (max-width: 1024px) 100vw, 1024px\" \/><\/figure>\n\n\n\n<p>Neue Sch\u00fcler*innen hei\u00dfen wir jederzeit herzlich willkommen. Unser Sekretariat ist montags bis donnerstags von 8 -13 Uhr und freitags von 8 \u2013 12 Uhr besetzt.<\/p>\n\n\n\n<p>Wenn Sie m\u00f6chten, k\u00f6nnen Sie die <a href=\"http:\/\/wordpress.nibis.de\/obswdorf\/files\/2025\/06\/Anmeldepaket.pdf\" target=\"_blank\" rel=\"noreferrer noopener\">Anmeldeformulare hier<\/a> ausdrucken und in Ruhe zu Hause ausf\u00fcllen.<br>Die Anmeldung muss von allen Sorgeberechtigten unterzeichnet sein.<br>Zus\u00e4tzlich ben\u00f6tigen wir eine Kopie der Geburtsurkunde, einen Masernschutznachweis (Impfbuch) und ggf. das Schwimmabzeichen.<\/p>\n\n\n\n<p><\/p>\n","protected":false},"excerpt":{"rendered":"<p>Neue Sch\u00fcler*innen hei\u00dfen wir jederzeit herzlich willkommen. Unser Sekretariat ist montags bis donnerstags von 8 -13 Uhr und freitags von 8 \u2013 12 Uhr besetzt. Wenn Sie m\u00f6chten, k\u00f6nnen Sie die Anmeldeformulare hier ausdrucken und in Ruhe zu Hause ausf\u00fcllen.Die Anmeldung muss von allen Sorgeberechtigten unterzeichnet sein.Zus\u00e4tzlich ben\u00f6tigen wir eine Kopie der Geburtsurkunde, einen Masernschutznachweis [&hellip;]<\/p>\n","protected":false},"author":9194295,"featured_media":0,"parent":0,"menu_order":0,"comment_status":"closed","ping_status":"closed","template":"","meta":{"footnotes":""},"class_list":["post-50","page","type-page","status-publish","hentry"],"_links":{"self":[{"href":"https:\/\/wordpress.nibis.de\/obswdorf\/wp-json\/wp\/v2\/pages\/50","targetHints":{"allow":["GET"]}}],"collection":[{"href":"https:\/\/wordpress.nibis.de\/obswdorf\/wp-json\/wp\/v2\/pages"}],"about":[{"href":"https:\/\/wordpress.nibis.de\/obswdorf\/wp-json\/wp\/v2\/types\/page"}],"author":[{"embeddable":true,"href":"https:\/\/wordpress.nibis.de\/obswdorf\/wp-json\/wp\/v2\/users\/9194295"}],"replies":[{"embeddable":true,"href":"https:\/\/wordpress.nibis.de\/obswdorf\/wp-json\/wp\/v2\/comments?post=50"}],"version-history":[{"count":9,"href":"https:\/\/wordpress.nibis.de\/obswdorf\/wp-json\/wp\/v2\/pages\/50\/revisions"}],"predecessor-version":[{"id":969,"href":"https:\/\/wordpress.nibis.de\/obswdorf\/wp-json\/wp\/v2\/pages\/50\/revisions\/969"}],"wp:attachment":[{"href":"https:\/\/wordpress.nibis.de\/obswdorf\/wp-json\/wp\/v2\/media?parent=50"}],"curies":[{"name":"wp","href":"https:\/\/api.w.org\/{rel}","templated":true}]}}