{"id":506,"date":"2023-10-22T14:39:08","date_gmt":"2023-10-22T12:39:08","guid":{"rendered":"https:\/\/wordpress.nibis.de\/obswdorf\/?page_id=506"},"modified":"2023-10-26T17:10:35","modified_gmt":"2023-10-26T15:10:35","slug":"religion","status":"publish","type":"page","link":"https:\/\/wordpress.nibis.de\/obswdorf\/religion\/","title":{"rendered":"Religion"},"content":{"rendered":"\n<p>Der Religionsunterricht erm\u00f6glicht den Sch\u00fcler*innen, die Grundlagen christlichen Glaubens zu verstehen und kritisch zu hinterfragen, Antwortm\u00f6glichkeiten auf Lebensfragen zu finden und Orientierung f\u00fcr gesellschaftliches Handeln zu gewinnen.<\/p>\n\n\n\n<p>Fachleitung: Frau Mayer-Brandt<\/p>\n\n\n\n<p>Text<\/p>\n\n\n\n<div class=\"wp-block-buttons is-layout-flex wp-block-buttons-is-layout-flex\">\n<div class=\"wp-block-button aligncenter has-custom-width wp-block-button__width-25 is-style-fill\"><a class=\"wp-block-button__link has-luminous-vivid-amber-to-luminous-vivid-orange-gradient-background has-background\" href=\"https:\/\/wordpress.nibis.de\/obswdorf\/fachbereiche\/\" style=\"border-radius:37px\">zur\u00fcck zu den Fachbereichen<\/a><\/div>\n<\/div>\n","protected":false},"excerpt":{"rendered":"<p>Der Religionsunterricht erm\u00f6glicht den Sch\u00fcler*innen, die Grundlagen christlichen Glaubens zu verstehen und kritisch zu hinterfragen, Antwortm\u00f6glichkeiten auf Lebensfragen zu finden und Orientierung f\u00fcr gesellschaftliches Handeln zu gewinnen. Fachleitung: Frau Mayer-Brandt Text<\/p>\n","protected":false},"author":9194295,"featured_media":0,"parent":0,"menu_order":0,"comment_status":"closed","ping_status":"closed","template":"","meta":{"footnotes":""},"class_list":["post-506","page","type-page","status-publish","hentry"],"_links":{"self":[{"href":"https:\/\/wordpress.nibis.de\/obswdorf\/wp-json\/wp\/v2\/pages\/506","targetHints":{"allow":["GET"]}}],"collection":[{"href":"https:\/\/wordpress.nibis.de\/obswdorf\/wp-json\/wp\/v2\/pages"}],"about":[{"href":"https:\/\/wordpress.nibis.de\/obswdorf\/wp-json\/wp\/v2\/types\/page"}],"author":[{"embeddable":true,"href":"https:\/\/wordpress.nibis.de\/obswdorf\/wp-json\/wp\/v2\/users\/9194295"}],"replies":[{"embeddable":true,"href":"https:\/\/wordpress.nibis.de\/obswdorf\/wp-json\/wp\/v2\/comments?post=506"}],"version-history":[{"count":3,"href":"https:\/\/wordpress.nibis.de\/obswdorf\/wp-json\/wp\/v2\/pages\/506\/revisions"}],"predecessor-version":[{"id":682,"href":"https:\/\/wordpress.nibis.de\/obswdorf\/wp-json\/wp\/v2\/pages\/506\/revisions\/682"}],"wp:attachment":[{"href":"https:\/\/wordpress.nibis.de\/obswdorf\/wp-json\/wp\/v2\/media?parent=506"}],"curies":[{"name":"wp","href":"https:\/\/api.w.org\/{rel}","templated":true}]}}