{"id":508,"date":"2023-10-22T14:39:19","date_gmt":"2023-10-22T12:39:19","guid":{"rendered":"https:\/\/wordpress.nibis.de\/obswdorf\/?page_id=508"},"modified":"2023-10-26T19:59:40","modified_gmt":"2023-10-26T17:59:40","slug":"werte-und-normen","status":"publish","type":"page","link":"https:\/\/wordpress.nibis.de\/obswdorf\/werte-und-normen\/","title":{"rendered":"Werte und Normen"},"content":{"rendered":"\n<p>Durch den Unterricht in Werte und Normen werden kulturelle und gesellschaftliche<br>Auswirkungen der Weltanschauungen auf das eigene gegenw\u00e4rtige Leben erkannt und die Sch\u00fcler*innen lernen die f\u00fcr sie bedeutsamen Erscheinungen und Zusammenh\u00e4nge ihrer<br>kulturellen Mitwelt kennen.<\/p>\n\n\n\n<p>Fachleitung: Frau Mayer-Brandt<\/p>\n\n\n\n<p>Text<\/p>\n\n\n\n<div class=\"wp-block-buttons is-layout-flex wp-block-buttons-is-layout-flex\">\n<div class=\"wp-block-button aligncenter has-custom-width wp-block-button__width-25 is-style-fill\"><a class=\"wp-block-button__link has-luminous-vivid-amber-to-luminous-vivid-orange-gradient-background has-background\" href=\"https:\/\/wordpress.nibis.de\/obswdorf\/fachbereiche\/\" style=\"border-radius:37px\">zur\u00fcck zu den Fachbereichen<\/a><\/div>\n<\/div>\n","protected":false},"excerpt":{"rendered":"<p>Durch den Unterricht in Werte und Normen werden kulturelle und gesellschaftlicheAuswirkungen der Weltanschauungen auf das eigene gegenw\u00e4rtige Leben erkannt und die Sch\u00fcler*innen lernen die f\u00fcr sie bedeutsamen Erscheinungen und Zusammenh\u00e4nge ihrerkulturellen Mitwelt kennen. Fachleitung: Frau Mayer-Brandt Text<\/p>\n","protected":false},"author":9194295,"featured_media":0,"parent":0,"menu_order":0,"comment_status":"closed","ping_status":"closed","template":"","meta":{"footnotes":""},"class_list":["post-508","page","type-page","status-publish","hentry"],"_links":{"self":[{"href":"https:\/\/wordpress.nibis.de\/obswdorf\/wp-json\/wp\/v2\/pages\/508","targetHints":{"allow":["GET"]}}],"collection":[{"href":"https:\/\/wordpress.nibis.de\/obswdorf\/wp-json\/wp\/v2\/pages"}],"about":[{"href":"https:\/\/wordpress.nibis.de\/obswdorf\/wp-json\/wp\/v2\/types\/page"}],"author":[{"embeddable":true,"href":"https:\/\/wordpress.nibis.de\/obswdorf\/wp-json\/wp\/v2\/users\/9194295"}],"replies":[{"embeddable":true,"href":"https:\/\/wordpress.nibis.de\/obswdorf\/wp-json\/wp\/v2\/comments?post=508"}],"version-history":[{"count":3,"href":"https:\/\/wordpress.nibis.de\/obswdorf\/wp-json\/wp\/v2\/pages\/508\/revisions"}],"predecessor-version":[{"id":702,"href":"https:\/\/wordpress.nibis.de\/obswdorf\/wp-json\/wp\/v2\/pages\/508\/revisions\/702"}],"wp:attachment":[{"href":"https:\/\/wordpress.nibis.de\/obswdorf\/wp-json\/wp\/v2\/media?parent=508"}],"curies":[{"name":"wp","href":"https:\/\/api.w.org\/{rel}","templated":true}]}}