{"id":52,"date":"2023-10-16T12:00:49","date_gmt":"2023-10-16T10:00:49","guid":{"rendered":"https:\/\/wordpress.nibis.de\/obswdorf\/?page_id=52"},"modified":"2025-02-19T11:04:26","modified_gmt":"2025-02-19T10:04:26","slug":"formulare","status":"publish","type":"page","link":"https:\/\/wordpress.nibis.de\/obswdorf\/formulare\/","title":{"rendered":"Formulare"},"content":{"rendered":"\n<p>Wichtige Formulare, die im Laufe des Schuljahres ben\u00f6tigt werden, k\u00f6nnen hier ausgedruckt werden. Bitte ggf. die Abgabefristen beachten!<\/p>\n\n\n\n<div class=\"wp-block-file\"><a id=\"wp-block-file--media-a43fa700-2dd4-423f-abc2-ab2211a3b056\" href=\"https:\/\/wordpress.nibis.de\/obswdorf\/files\/2023\/10\/Unterrichtsbefreiung-religioese-Feiertage.pdf\" target=\"_blank\" rel=\"noreferrer noopener\">Antrag auf Unterrichtsbefreiung f\u00fcr religi\u00f6se Feiertage<\/a><\/div>\n\n\n\n<div class=\"wp-block-file\"><a id=\"wp-block-file--media-219258fa-2bad-46a5-b338-8dc6a4661964\" href=\"https:\/\/wordpress.nibis.de\/obswdorf\/files\/2023\/10\/antrag-freiwilliges-zuruecktreten.pdf\" target=\"_blank\" rel=\"noreferrer noopener\">Antrag auf freiwilliges Zur\u00fccktreten<\/a><\/div>\n\n\n\n<div class=\"wp-block-file\"><a id=\"wp-block-file--media-9287d1f7-a3e7-484d-876d-08d8bfd5ef59\" href=\"https:\/\/wordpress.nibis.de\/obswdorf\/files\/2023\/10\/antrag-auf-wiederholung-einer-abschlussklasse.pdf\" target=\"_blank\" rel=\"noreferrer noopener\">Antrag auf Wiederholung einer Abschlussklasse<\/a><\/div>\n\n\n\n<div class=\"wp-block-file\"><a id=\"wp-block-file--media-2de60fde-0432-42ec-9fa3-1d7a6b8e73fa\" href=\"https:\/\/wordpress.nibis.de\/obswdorf\/files\/2023\/10\/uebergang-auf-eine-andere-schulform-_antrag.pdf\" target=\"_blank\" rel=\"noreferrer noopener\">Antrag auf \u00dcbergang auf eine andere Schulform<\/a><\/div>\n\n\n\n<div class=\"wp-block-file\"><a id=\"wp-block-file--media-e50d322f-5f1c-44bd-9d4c-3a90bfcee8c7\" href=\"http:\/\/wordpress.nibis.de\/obswdorf\/files\/2023\/10\/ausstellung-einer-zweitausfertigung-eines-zeugnisses_antrag.pdf\" target=\"_blank\" rel=\"noreferrer noopener\">Antrag auf Ausstellung einer Zeugniszweitschrift <\/a><\/div>\n\n\n\n<div class=\"wp-block-file\"><a id=\"wp-block-file--media-beabcd35-3a40-4c57-a821-ecb4ea964791\" href=\"http:\/\/wordpress.nibis.de\/obswdorf\/files\/2024\/06\/2023-12-18-Regelung-digitale-Endgeraete.pdf\">Antrag auf Nutzung digitaler Endger\u00e4te<\/a><\/div>\n\n\n\n<div class=\"wp-block-file\"><a id=\"wp-block-file--media-4e7c7c22-99b9-43b8-9da4-c5b7409ae9df\" href=\"https:\/\/wordpress.nibis.de\/obswdorf\/files\/2025\/02\/Rueckmeldungen-zu-Vorfaellen-beim-Bustransport.pdf\" target=\"_blank\" rel=\"noreferrer noopener\">Formular f\u00fcr R\u00fcckmeldungen zu Vorf\u00e4llen beim Bustransport<\/a><\/div>\n","protected":false},"excerpt":{"rendered":"<p>Wichtige Formulare, die im Laufe des Schuljahres ben\u00f6tigt werden, k\u00f6nnen hier ausgedruckt werden. Bitte ggf. die Abgabefristen beachten!<\/p>\n","protected":false},"author":9194295,"featured_media":0,"parent":0,"menu_order":0,"comment_status":"closed","ping_status":"closed","template":"","meta":{"footnotes":""},"class_list":["post-52","page","type-page","status-publish","hentry"],"_links":{"self":[{"href":"https:\/\/wordpress.nibis.de\/obswdorf\/wp-json\/wp\/v2\/pages\/52","targetHints":{"allow":["GET"]}}],"collection":[{"href":"https:\/\/wordpress.nibis.de\/obswdorf\/wp-json\/wp\/v2\/pages"}],"about":[{"href":"https:\/\/wordpress.nibis.de\/obswdorf\/wp-json\/wp\/v2\/types\/page"}],"author":[{"embeddable":true,"href":"https:\/\/wordpress.nibis.de\/obswdorf\/wp-json\/wp\/v2\/users\/9194295"}],"replies":[{"embeddable":true,"href":"https:\/\/wordpress.nibis.de\/obswdorf\/wp-json\/wp\/v2\/comments?post=52"}],"version-history":[{"count":17,"href":"https:\/\/wordpress.nibis.de\/obswdorf\/wp-json\/wp\/v2\/pages\/52\/revisions"}],"predecessor-version":[{"id":963,"href":"https:\/\/wordpress.nibis.de\/obswdorf\/wp-json\/wp\/v2\/pages\/52\/revisions\/963"}],"wp:attachment":[{"href":"https:\/\/wordpress.nibis.de\/obswdorf\/wp-json\/wp\/v2\/media?parent=52"}],"curies":[{"name":"wp","href":"https:\/\/api.w.org\/{rel}","templated":true}]}}