{"id":7,"date":"2023-10-16T11:14:26","date_gmt":"2023-10-16T09:14:26","guid":{"rendered":"https:\/\/wordpress.nibis.de\/obswdorf\/?page_id=7"},"modified":"2023-10-21T16:42:35","modified_gmt":"2023-10-21T14:42:35","slug":"schulstruktur","status":"publish","type":"page","link":"https:\/\/wordpress.nibis.de\/obswdorf\/schulstruktur\/","title":{"rendered":"Schulstruktur"},"content":{"rendered":"\n<figure class=\"wp-block-image size-large\"><img loading=\"lazy\" decoding=\"async\" width=\"1024\" height=\"320\" src=\"https:\/\/wordpress.nibis.de\/obswdorf\/files\/2023\/10\/schulprofil_header1-1024x320.jpg\" alt=\"\" class=\"wp-image-422\" srcset=\"https:\/\/wordpress.nibis.de\/obswdorf\/files\/2023\/10\/schulprofil_header1-1024x320.jpg 1024w, https:\/\/wordpress.nibis.de\/obswdorf\/files\/2023\/10\/schulprofil_header1-300x94.jpg 300w, https:\/\/wordpress.nibis.de\/obswdorf\/files\/2023\/10\/schulprofil_header1-768x240.jpg 768w, https:\/\/wordpress.nibis.de\/obswdorf\/files\/2023\/10\/schulprofil_header1-1536x480.jpg 1536w, https:\/\/wordpress.nibis.de\/obswdorf\/files\/2023\/10\/schulprofil_header1.jpg 1600w\" sizes=\"auto, (max-width: 1024px) 100vw, 1024px\" \/><\/figure>\n\n\n\n<p>Alle Sch\u00fcler*innen besuchen bis zum Ende der 10. Klasse die Oberschule. Nach erfolgreicher Abschlusspr\u00fcfung erhalten sie unabh\u00e4ngig davon, welchen Schulzweig sie besucht haben, einen mittleren Bildungsabschluss. Je nach Notenbild ist in beiden Schulzweigen ein Sekundarabschluss 1 Hauptschulabschluss, ein Sekundarabschluss 1 Realschulabschluss oder ein erweiterter Sekundarabschluss 1 mit der Berechtigung zum \u00dcbergang in die Oberstufe eines Gymnasiums m\u00f6glich. Die folgende \u00dcbersicht verdeutlicht die Schulstruktur der OBS Wesendorf:<\/p>\n\n\n\n<figure class=\"wp-block-image size-large\"><img loading=\"lazy\" decoding=\"async\" width=\"1024\" height=\"714\" src=\"https:\/\/wordpress.nibis.de\/obswdorf\/files\/2023\/10\/Screenshot-15-1024x714.png\" alt=\"\" class=\"wp-image-276\" srcset=\"https:\/\/wordpress.nibis.de\/obswdorf\/files\/2023\/10\/Screenshot-15-1024x714.png 1024w, https:\/\/wordpress.nibis.de\/obswdorf\/files\/2023\/10\/Screenshot-15-300x209.png 300w, https:\/\/wordpress.nibis.de\/obswdorf\/files\/2023\/10\/Screenshot-15-768x536.png 768w, https:\/\/wordpress.nibis.de\/obswdorf\/files\/2023\/10\/Screenshot-15-1536x1071.png 1536w, https:\/\/wordpress.nibis.de\/obswdorf\/files\/2023\/10\/Screenshot-15.png 1656w\" sizes=\"auto, (max-width: 1024px) 100vw, 1024px\" \/><\/figure>\n\n\n\n<h3 class=\"wp-block-heading\">Start in der neuen Schule:<\/h3>\n\n\n\n<p><strong>Bildung der Klassengemeinschaft<\/strong><\/p>\n\n\n\n<p>In Jahrgang 5 erhalten die Sch\u00fcler*innen Zeit, sich in der neuen Gemeinschaft und Schule zu orientieren und einzuleben. Dabei werden sie in Zusammenarbeit vom Klassenlehrerteam und unseren Sozialp\u00e4dagoginnen unterst\u00fctzt: Methodentraining (\u201edas Lernen lernen\u201c), differenzierender Unterricht (F\u00f6rdern und Fordern) und Selbstorganisation (Hausaufgaben, Heft- und Mappenf\u00fchrung, Zeiteinteilung) bilden die Schwerpunkte.<\/p>\n\n\n\n<h3 class=\"wp-block-heading\">Jede*r hat ihre\/seine eigenen Interessen:<\/h3>\n\n\n\n<p><strong>Wahlpflichtkurse<\/strong><\/p>\n\n\n\n<p>Ab Jahrgang 6 w\u00e4hlen die Sch\u00fcler*innen aus einem Angebot verschiedener F\u00e4cher nach ihren Interessen einen zweist\u00fcndigen Wahlpflichtkurs (WPK) aus. Dieser findet klassen\u00fcbergreifend f\u00fcr ein Schuljahr statt. Der WPK ist ein gleichwertiges Unterrichtsfach und f\u00fcr die Versetzung wichtig. M\u00f6gliche WPK Angebote sind z.B. Informatik, Hauswirtschaft, Textiles Gestalten, Technik, Kunst, Sport, Erdkunde oder Chemie.<\/p>\n\n\n\n<p>Die Sch\u00fcler*innen haben auch die M\u00f6glichkeit, den WPK Franz\u00f6sisch als zweite Fremdsprache zu w\u00e4hlen. Dieser WPK findet vierst\u00fcndig statt und erm\u00f6glicht den \u00dcbergang zum Gymnasium.<\/p>\n\n\n\n<h3 class=\"wp-block-heading\">Jede*r hat ihre\/seine individuellen St\u00e4rken:<\/h3>\n\n\n\n<p><strong>Kurssystem<\/strong><\/p>\n\n\n\n<p>Ab dem Jahrgang 6 werden die F\u00e4cher Mathematik und Englisch in Kursen mit grundlegenden und mit erweiterten Leistungsanforderungen erteilt. \u00dcber die Kurszuweisung entscheidet die Klassenkonferenz aufgrund von Leistungsbild, Leistungsbereitschaft und Arbeitsverhalten der Sch\u00fcler*innen. Im Fach Deutsch erfolgt die Kurszuweisung im Jahrgang 7. \u00c4ndern sich die Leistungen ist immer zum Halbjahr (au\u00dfer im Jahrgang 10) ein Kurswechsel m\u00f6glich.<\/p>\n\n\n\n<h3 class=\"wp-block-heading\">Auf in die letzte Runde:<\/h3>\n\n\n\n<p><strong>Trennung in Hauptschulzweig und Realschulzweig<\/strong><\/p>\n\n\n\n<p>In der Zeugniskonferenz am Ende der 7. Klasse entscheidet das Notenbild \u00fcber die Zuweisung in den Realschul- oder Hauptschulzweig. In beiden Schulzweigen ist der Erwerb aller Schulabschl\u00fcsse m\u00f6glich!<\/p>\n\n\n\n<p>Hauptschulzweig: Die Klassen erhalten eine zus\u00e4tzliche Mathematik- und Deutschstunde. Praxisn\u00e4he und Ausbildungsbezug durch zus\u00e4tzliche Berufspraxistage zeichnen den Hauptschulzweig aus.<\/p>\n\n\n\n<p>Realschulzweig: Die Sch\u00fcler*innen bereiten sich in den Profilf\u00e4chern auf das Berufsleben vor.<\/p>\n\n\n\n<h3 class=\"wp-block-heading\">Vorbereitung auf den Start ins Berufsleben:<\/h3>\n\n\n\n<p><strong>Profilf\u00e4cher<\/strong><\/p>\n\n\n\n<p>Im Realschulzweig w\u00e4hlen die Sch\u00fcler*innen im Jahrgang 9 f\u00fcr die Dauer von zwei Jahren zus\u00e4tzlich zu einem WPK ein zweist\u00fcndiges Profilfach. Die berufsorientierten Profile werden am Ende des Jahrgangs 8 in einem \u201eProfilkarussell\u201c vorgestellt. Individuelle Neigungen, Interessen und Berufsw\u00fcnsche sollen dabei ber\u00fccksichtigt werden. Das Profil ist ein gleichwertiges Unterrichtsfach und f\u00fcr die Versetzung wichtig. Unsere Schule bietet&nbsp;alle&nbsp;vom Kultusministerium vorgegebenen Profile an: Wirtschaft, Gesundheit &amp; Soziales, Technik und Sprache (Franz\u00f6sisch).<\/p>\n","protected":false},"excerpt":{"rendered":"<p>Alle Sch\u00fcler*innen besuchen bis zum Ende der 10. Klasse die Oberschule. Nach erfolgreicher Abschlusspr\u00fcfung erhalten sie unabh\u00e4ngig davon, welchen Schulzweig sie besucht haben, einen mittleren Bildungsabschluss. Je nach Notenbild ist in beiden Schulzweigen ein Sekundarabschluss 1 Hauptschulabschluss, ein Sekundarabschluss 1 Realschulabschluss oder ein erweiterter Sekundarabschluss 1 mit der Berechtigung zum \u00dcbergang in die Oberstufe eines [&hellip;]<\/p>\n","protected":false},"author":9194295,"featured_media":0,"parent":0,"menu_order":0,"comment_status":"closed","ping_status":"closed","template":"","meta":{"footnotes":""},"class_list":["post-7","page","type-page","status-publish","hentry"],"_links":{"self":[{"href":"https:\/\/wordpress.nibis.de\/obswdorf\/wp-json\/wp\/v2\/pages\/7","targetHints":{"allow":["GET"]}}],"collection":[{"href":"https:\/\/wordpress.nibis.de\/obswdorf\/wp-json\/wp\/v2\/pages"}],"about":[{"href":"https:\/\/wordpress.nibis.de\/obswdorf\/wp-json\/wp\/v2\/types\/page"}],"author":[{"embeddable":true,"href":"https:\/\/wordpress.nibis.de\/obswdorf\/wp-json\/wp\/v2\/users\/9194295"}],"replies":[{"embeddable":true,"href":"https:\/\/wordpress.nibis.de\/obswdorf\/wp-json\/wp\/v2\/comments?post=7"}],"version-history":[{"count":5,"href":"https:\/\/wordpress.nibis.de\/obswdorf\/wp-json\/wp\/v2\/pages\/7\/revisions"}],"predecessor-version":[{"id":423,"href":"https:\/\/wordpress.nibis.de\/obswdorf\/wp-json\/wp\/v2\/pages\/7\/revisions\/423"}],"wp:attachment":[{"href":"https:\/\/wordpress.nibis.de\/obswdorf\/wp-json\/wp\/v2\/media?parent=7"}],"curies":[{"name":"wp","href":"https:\/\/api.w.org\/{rel}","templated":true}]}}