{"id":783,"date":"2023-11-29T16:16:58","date_gmt":"2023-11-29T15:16:58","guid":{"rendered":"https:\/\/wordpress.nibis.de\/obswdorf\/?page_id=783"},"modified":"2023-11-29T16:45:47","modified_gmt":"2023-11-29T15:45:47","slug":"politik","status":"publish","type":"page","link":"https:\/\/wordpress.nibis.de\/obswdorf\/politik\/","title":{"rendered":"Politik"},"content":{"rendered":"\n<figure class=\"wp-block-image size-full\"><img loading=\"lazy\" decoding=\"async\" width=\"500\" height=\"300\" src=\"http:\/\/wordpress.nibis.de\/obswdorf\/files\/2023\/11\/Reichstag-500-x-300.jpg\" alt=\"\" class=\"wp-image-786\" srcset=\"https:\/\/wordpress.nibis.de\/obswdorf\/files\/2023\/11\/Reichstag-500-x-300.jpg 500w, https:\/\/wordpress.nibis.de\/obswdorf\/files\/2023\/11\/Reichstag-500-x-300-300x180.jpg 300w\" sizes=\"auto, (max-width: 500px) 100vw, 500px\" \/><\/figure>\n\n\n\n<p>Im Fach Politik sollen die Sch\u00fcler*innen bef\u00e4higt werden, bewusst zur demokratischen Gestaltung der Gesellschaft beitragen zu k\u00f6nnen. Dies geschieht \u00fcber die unterrichtliche Arbeit an gesellschaftspolitischen Themen, die von der eigenen Stellung in Familie und Schule bis zur Analyse staatlicher Strukturen und Systeme reichen.<\/p>\n\n\n\n<p>Fachleitung: Thomas Scheiffele<\/p>\n\n\n\n<p><\/p>\n\n\n\n<div class=\"wp-block-buttons is-layout-flex wp-block-buttons-is-layout-flex\">\n<div class=\"wp-block-button aligncenter has-custom-width wp-block-button__width-25 is-style-fill\"><a class=\"wp-block-button__link has-luminous-vivid-amber-to-luminous-vivid-orange-gradient-background has-background\" href=\"https:\/\/wordpress.nibis.de\/obswdorf\/fachbereiche\/\" style=\"border-radius:37px\">zur\u00fcck zu den Fachbereichen<\/a><\/div>\n<\/div>\n","protected":false},"excerpt":{"rendered":"<p>Im Fach Politik sollen die Sch\u00fcler*innen bef\u00e4higt werden, bewusst zur demokratischen Gestaltung der Gesellschaft beitragen zu k\u00f6nnen. Dies geschieht \u00fcber die unterrichtliche Arbeit an gesellschaftspolitischen Themen, die von der eigenen Stellung in Familie und Schule bis zur Analyse staatlicher Strukturen und Systeme reichen. Fachleitung: Thomas Scheiffele<\/p>\n","protected":false},"author":9194295,"featured_media":0,"parent":0,"menu_order":0,"comment_status":"closed","ping_status":"closed","template":"","meta":{"footnotes":""},"class_list":["post-783","page","type-page","status-publish","hentry"],"_links":{"self":[{"href":"https:\/\/wordpress.nibis.de\/obswdorf\/wp-json\/wp\/v2\/pages\/783","targetHints":{"allow":["GET"]}}],"collection":[{"href":"https:\/\/wordpress.nibis.de\/obswdorf\/wp-json\/wp\/v2\/pages"}],"about":[{"href":"https:\/\/wordpress.nibis.de\/obswdorf\/wp-json\/wp\/v2\/types\/page"}],"author":[{"embeddable":true,"href":"https:\/\/wordpress.nibis.de\/obswdorf\/wp-json\/wp\/v2\/users\/9194295"}],"replies":[{"embeddable":true,"href":"https:\/\/wordpress.nibis.de\/obswdorf\/wp-json\/wp\/v2\/comments?post=783"}],"version-history":[{"count":4,"href":"https:\/\/wordpress.nibis.de\/obswdorf\/wp-json\/wp\/v2\/pages\/783\/revisions"}],"predecessor-version":[{"id":794,"href":"https:\/\/wordpress.nibis.de\/obswdorf\/wp-json\/wp\/v2\/pages\/783\/revisions\/794"}],"wp:attachment":[{"href":"https:\/\/wordpress.nibis.de\/obswdorf\/wp-json\/wp\/v2\/media?parent=783"}],"curies":[{"name":"wp","href":"https:\/\/api.w.org\/{rel}","templated":true}]}}