{"id":9,"date":"2023-10-16T11:16:15","date_gmt":"2023-10-16T09:16:15","guid":{"rendered":"https:\/\/wordpress.nibis.de\/obswdorf\/?page_id=9"},"modified":"2023-11-07T09:59:10","modified_gmt":"2023-11-07T08:59:10","slug":"leitbild","status":"publish","type":"page","link":"https:\/\/wordpress.nibis.de\/obswdorf\/leitbild\/","title":{"rendered":"Leitbild"},"content":{"rendered":"\n<figure class=\"wp-block-image size-large\"><img loading=\"lazy\" decoding=\"async\" width=\"1024\" height=\"320\" src=\"https:\/\/wordpress.nibis.de\/obswdorf\/files\/2023\/10\/volksschule_fassade-1024x320.png\" alt=\"\" class=\"wp-image-370\" srcset=\"https:\/\/wordpress.nibis.de\/obswdorf\/files\/2023\/10\/volksschule_fassade-1024x320.png 1024w, https:\/\/wordpress.nibis.de\/obswdorf\/files\/2023\/10\/volksschule_fassade-300x94.png 300w, https:\/\/wordpress.nibis.de\/obswdorf\/files\/2023\/10\/volksschule_fassade-768x240.png 768w, https:\/\/wordpress.nibis.de\/obswdorf\/files\/2023\/10\/volksschule_fassade-1536x480.png 1536w, https:\/\/wordpress.nibis.de\/obswdorf\/files\/2023\/10\/volksschule_fassade.png 1600w\" sizes=\"auto, (max-width: 1024px) 100vw, 1024px\" \/><\/figure>\n\n\n\n<p><\/p>\n\n\n\n<p class=\"has-text-align-center\"><strong>fit for future<\/strong><\/p>\n\n\n\n<p>Wir organisieren das Lernen so, dass ergebnisorientiertes Arbeiten im Unterricht stattfinden kann.<\/p>\n\n\n\n<hr class=\"wp-block-separator\" \/>\n\n\n\n<p>Wir legen besonderen Wert auf die Sprachbildung aller.<\/p>\n\n\n\n<hr class=\"wp-block-separator\" \/>\n\n\n\n<p>Wir achten auf uns und unsere Umwelt und gehen wertsch\u00e4tzend, r\u00fccksichtsvoll und tolerant miteinander um.<\/p>\n\n\n\n<hr class=\"wp-block-separator\" \/>\n\n\n\n<p>Wir erlernen und erleben Gemeinschaft, sind in unserer Schule gut aufgehoben und bringen individuelle St\u00e4rken ein.<\/p>\n\n\n\n<hr class=\"wp-block-separator\" \/>\n\n\n\n<p>Wir stehen daf\u00fcr, dass gelebte Demokratie an unserer Schule in Verantwortung f\u00fcr die Gesellschaft m\u00fcndet.<\/p>\n\n\n\n<hr class=\"wp-block-separator\" \/>\n\n\n\n<p>Im Rahmen einer umfangreichen Berufsorientierung er\u00f6ffnen wir individuelle Zukunftsperspektiven.<\/p>\n","protected":false},"excerpt":{"rendered":"<p>fit for future Wir organisieren das Lernen so, dass ergebnisorientiertes Arbeiten im Unterricht stattfinden kann. Wir legen besonderen Wert auf die Sprachbildung aller. Wir achten auf uns und unsere Umwelt und gehen wertsch\u00e4tzend, r\u00fccksichtsvoll und tolerant miteinander um. Wir erlernen und erleben Gemeinschaft, sind in unserer Schule gut aufgehoben und bringen individuelle St\u00e4rken ein. Wir [&hellip;]<\/p>\n","protected":false},"author":9194295,"featured_media":0,"parent":0,"menu_order":0,"comment_status":"closed","ping_status":"closed","template":"","meta":{"footnotes":""},"class_list":["post-9","page","type-page","status-publish","hentry"],"_links":{"self":[{"href":"https:\/\/wordpress.nibis.de\/obswdorf\/wp-json\/wp\/v2\/pages\/9","targetHints":{"allow":["GET"]}}],"collection":[{"href":"https:\/\/wordpress.nibis.de\/obswdorf\/wp-json\/wp\/v2\/pages"}],"about":[{"href":"https:\/\/wordpress.nibis.de\/obswdorf\/wp-json\/wp\/v2\/types\/page"}],"author":[{"embeddable":true,"href":"https:\/\/wordpress.nibis.de\/obswdorf\/wp-json\/wp\/v2\/users\/9194295"}],"replies":[{"embeddable":true,"href":"https:\/\/wordpress.nibis.de\/obswdorf\/wp-json\/wp\/v2\/comments?post=9"}],"version-history":[{"count":7,"href":"https:\/\/wordpress.nibis.de\/obswdorf\/wp-json\/wp\/v2\/pages\/9\/revisions"}],"predecessor-version":[{"id":729,"href":"https:\/\/wordpress.nibis.de\/obswdorf\/wp-json\/wp\/v2\/pages\/9\/revisions\/729"}],"wp:attachment":[{"href":"https:\/\/wordpress.nibis.de\/obswdorf\/wp-json\/wp\/v2\/media?parent=9"}],"curies":[{"name":"wp","href":"https:\/\/api.w.org\/{rel}","templated":true}]}}