{"id":18,"date":"2018-03-25T15:35:03","date_gmt":"2018-03-25T13:35:03","guid":{"rendered":"http:\/\/wordpress.nibis.de\/opgs\/?page_id=18"},"modified":"2024-08-07T17:31:36","modified_gmt":"2024-08-07T15:31:36","slug":"foerderverein","status":"publish","type":"page","link":"https:\/\/wordpress.nibis.de\/opgs\/foerderverein\/","title":{"rendered":"F\u00f6rderverein"},"content":{"rendered":"\n<div class=\"wp-block-image\">\n<div class=\"wp-block-image\"><img loading=\"lazy\" decoding=\"async\" class=\"alignnone size-medium wp-image-1982\" src=\"https:\/\/wordpress.nibis.de\/opgs\/files\/2024\/02\/VorstandFOPGS_202402-850x478.jpg\" alt=\"\" width=\"850\" height=\"478\" \/><\/div>\n<\/div>\n\n\n<div>VORSTAND:<\/div>\n<div>1. Vorsitzende: Liane M\u00fcller<\/div>\n<div>Stellvertretende Vorsitzende: Aline Borchard<\/div>\n<div>Stellvertretende Vorsitzende: Talke Becht<\/div>\n<div>Kassenwart: Sven Minne<\/div>\n<div>Schriftf\u00fchrer: Tobias Leichsenring<\/div>\n<p>Wer sind wir eigentlich und was machen wir?<\/p>\n<p>Uns kennt man bestimmt am ehesten vom Hotdog-Verkauf auf dem Sommerfest, vom Kuchenverkauf zur Einschulung oder vom Zuckerwattestand in der Zirkuswoche. Viele unserer Aktionen geschehen aber eher unsichtbar und doch w\u00e4ren ohne unsere finanzielle Unterst\u00fctzung viele Aktionen und Angebote, die sich die Lehrer und Betreuer f\u00fcr unsere Kinder w\u00fcnschen, nicht so ohne Weiteres m\u00f6glich. Wir haben zum Beispiel die B\u00fccherei mit knapp 300 B\u00fcchern best\u00fcckt, die Getr\u00e4nke-Mehrweg-Becher angeschafft und einen Beitrag zum gro\u00dfen Kletterger\u00fcst auf dem Schulhof geleistet. Ebenso konnte der Kiosk mit unserer Hilfe leichter starten. Auch nicht zu vergessen sind die zahlreichen Tanz-, Theater- und Klima-Workshops, die wir mitfinanzieren. Ottis-Film-Produktion darf sich \u00fcber eine neue Software zum besseren Schneiden und Bearbeiten ihrer Filme freuen und auch in den Klassenzimmern befinden sich M\u00f6bel (Lesepult\/B\u00fccherregal), die durch uns angeschafft werden konnten.<\/p>\n<p>All diese Dinge w\u00e4ren ohne unsere Mitglieder mit ihrem pers\u00f6nlichen Einsatz, ihren Mitgliedsbeitr\u00e4gen und Spenden nicht m\u00f6glich. Zurzeit hat der F\u00f6rderverein etwa 100 Mitglieder und \u00fcber jedes weitere Mitglied freuen wir uns nat\u00fcrlich sehr.<\/p>\n<p>Wenn Ihr Fragen, W\u00fcnsche oder Anregungen habt, z\u00f6gert nicht uns direkt anzusprechen oder schreibt eine E-Mail an <a href=\"&#x6d;a&#x69;&#108;t&#x6f;&#58;&#x66;&#111;e&#x72;&#100;&#x65;&#114;v&#x65;&#114;&#x65;&#x69;n&#x40;&#111;p&#x67;&#115;&#x2d;&#104;a&#x6e;&#110;&#x6f;&#118;e&#x72;&#46;&#x64;&#x65;\">f&#111;&#101;&#x72;&#x64;&#x65;rv&#101;&#114;&#x65;&#x69;&#x6e;&#64;&#111;&#112;&#103;&#x73;&#x2d;&#x68;a&#110;&#110;&#x6f;&#x76;&#x65;r&#46;&#100;&#101;<\/a>.<\/p>\n\n\n<p class=\"has-text-align-center\"><strong>Spendenkonto<\/strong><\/p>\n\n\n\n<p class=\"has-text-align-center\">F\u00f6rderverein der\nOtfried-Preu\u00dfler-Schule Hannover e.V.<\/p>\n\n\n\n<p class=\"has-text-align-center\">IBAN: DE44 2505 0180\n0000 8539 76<\/p>\n\n\n\n<p class=\"has-text-align-center\">Sparkasse Hannover <\/p>\n\n\n\n<p class=\"has-text-align-center\">BIC: SPKHDE2HXXX<\/p>\n","protected":false},"excerpt":{"rendered":"<p>VORSTAND: 1. Vorsitzende: Liane M\u00fcller Stellvertretende Vorsitzende: Aline Borchard Stellvertretende Vorsitzende: Talke Becht Kassenwart: Sven Minne Schriftf\u00fchrer: Tobias Leichsenring Wer sind wir eigentlich und was machen wir? Uns kennt man bestimmt am ehesten vom Hotdog-Verkauf auf dem Sommerfest, vom Kuchenverkauf zur Einschulung oder vom Zuckerwattestand in der Zirkuswoche. Viele unserer Aktionen geschehen aber eher unsichtbar [&hellip;]<\/p>\n","protected":false},"author":9192565,"featured_media":0,"parent":0,"menu_order":0,"comment_status":"closed","ping_status":"closed","template":"page-templates\/child-menu.php","meta":{"footnotes":""},"class_list":["post-18","page","type-page","status-publish","hentry"],"_links":{"self":[{"href":"https:\/\/wordpress.nibis.de\/opgs\/wp-json\/wp\/v2\/pages\/18","targetHints":{"allow":["GET"]}}],"collection":[{"href":"https:\/\/wordpress.nibis.de\/opgs\/wp-json\/wp\/v2\/pages"}],"about":[{"href":"https:\/\/wordpress.nibis.de\/opgs\/wp-json\/wp\/v2\/types\/page"}],"author":[{"embeddable":true,"href":"https:\/\/wordpress.nibis.de\/opgs\/wp-json\/wp\/v2\/users\/9192565"}],"replies":[{"embeddable":true,"href":"https:\/\/wordpress.nibis.de\/opgs\/wp-json\/wp\/v2\/comments?post=18"}],"version-history":[{"count":15,"href":"https:\/\/wordpress.nibis.de\/opgs\/wp-json\/wp\/v2\/pages\/18\/revisions"}],"predecessor-version":[{"id":2092,"href":"https:\/\/wordpress.nibis.de\/opgs\/wp-json\/wp\/v2\/pages\/18\/revisions\/2092"}],"wp:attachment":[{"href":"https:\/\/wordpress.nibis.de\/opgs\/wp-json\/wp\/v2\/media?parent=18"}],"curies":[{"name":"wp","href":"https:\/\/api.w.org\/{rel}","templated":true}]}}