{"id":20,"date":"2018-03-25T15:35:03","date_gmt":"2018-03-25T13:35:03","guid":{"rendered":"http:\/\/wordpress.nibis.de\/opgs\/?page_id=20"},"modified":"2025-08-21T14:16:39","modified_gmt":"2025-08-21T12:16:39","slug":"kontakt","status":"publish","type":"page","link":"https:\/\/wordpress.nibis.de\/opgs\/kontakt\/","title":{"rendered":"Kontakt"},"content":{"rendered":"<p>[:de]<\/p>\n<div id=\"txt_16\">\n<p class=\"Textk\u00f6rper-2-P\"><span class=\"Textk\u00f6rper-2-C\">\u00dcber das Kontaktformular k\u00f6nnen Sie unserer Verwaltung eine Nachricht hinterlassen. Krankmeldungen geben Sie bitte immer direkt \u00fcber WebUntis ein.<\/span><\/p>\n<p>Alle Klassenleitungen, Fachlehrer:innen und weiteren Mitarbeiter:innen erreichen Sie unter v&#111;&#x72;&#x6e;a&#109;&#101;&#x2e;&#x6e;a&#99;&#104;&#x6e;&#x61;m&#101;&#x40;&#x6f;&#x70;g&#115;&#x2d;&#x68;a&#110;&#110;&#x6f;&#x76;e&#114;&#46;&#x64;&#x65;.<\/p>\n<p>Den Ganztagsbereich k\u00f6nnen Sie bei Fragen oder Abmeldungen \u00fcber den direkten Kontakt von Florian Beier, Sophie Misterek oder Alexander P\u00e4ssler anschreiben.<\/p>\n<p>Hospitations- bzw. Praktikumsanfragen schicken Sie bitte an &#x68;&#x6f;&#x73;&#x70;&#105;&#116;&#97;ti&#x6f;&#x6e;&#x40;&#x6f;&#x70;&#103;&#115;&#45;ha&#x6e;&#x6e;&#x6f;&#x76;&#x65;&#114;&#46;&#100;e bzw. &#x70;r&#x61;k&#x74;&#105;&#x6b;&#117;m&#x40;o&#x70;&#103;&#x73;&#45;&#x68;&#97;n&#x6e;o&#x76;&#101;&#x72;&#46;&#x64;&#x65;.<\/p>\n<\/div>\n<div id=\"txt_42\">\n<h1 class=\"Wp-\u00dcberschrift-1-P\"><span class=\"\u00dcberschrift-1-C\" style=\"font-size: 12pt\">\n<div class=\"wpcf7 no-js\" id=\"wpcf7-f240-o1\" lang=\"de-DE\" dir=\"ltr\" data-wpcf7-id=\"240\">\n<div class=\"screen-reader-response\"><p role=\"status\" aria-live=\"polite\" aria-atomic=\"true\"><\/p> <ul><\/ul><\/div>\n<form action=\"\/opgs\/wp-json\/wp\/v2\/pages\/20#wpcf7-f240-o1\" method=\"post\" class=\"wpcf7-form init\" aria-label=\"Kontaktformular\" novalidate=\"novalidate\" data-status=\"init\">\n<fieldset class=\"hidden-fields-container\"><input type=\"hidden\" name=\"_wpcf7\" value=\"240\" \/><input type=\"hidden\" name=\"_wpcf7_version\" value=\"6.1.5\" \/><input type=\"hidden\" name=\"_wpcf7_locale\" value=\"de_DE\" \/><input type=\"hidden\" name=\"_wpcf7_unit_tag\" value=\"wpcf7-f240-o1\" \/><input type=\"hidden\" name=\"_wpcf7_container_post\" value=\"0\" \/><input type=\"hidden\" name=\"_wpcf7_posted_data_hash\" value=\"\" \/>\n<\/fieldset>\n<p><label> Name<br \/>\n<span class=\"wpcf7-form-control-wrap\" data-name=\"Name\"><input size=\"40\" maxlength=\"400\" class=\"wpcf7-form-control wpcf7-text wpcf7-validates-as-required\" aria-required=\"true\" aria-invalid=\"false\" value=\"\" type=\"text\" name=\"Name\" \/><\/span> <\/label>\n<\/p>\n<p><label> Email<br \/>\n<span class=\"wpcf7-form-control-wrap\" data-name=\"Email\"><input size=\"40\" maxlength=\"400\" class=\"wpcf7-form-control wpcf7-email wpcf7-validates-as-required wpcf7-text wpcf7-validates-as-email\" aria-required=\"true\" aria-invalid=\"false\" value=\"\" type=\"email\" name=\"Email\" \/><\/span> <\/label> [honeypot your-email]\n<\/p>\n<p><label> Betreff<br \/>\n<span class=\"wpcf7-form-control-wrap\" data-name=\"Betreff\"><input size=\"40\" maxlength=\"400\" class=\"wpcf7-form-control wpcf7-text wpcf7-validates-as-required\" aria-required=\"true\" aria-invalid=\"false\" value=\"\" type=\"text\" name=\"Betreff\" \/><\/span> <\/label>\n<\/p>\n<p><label> Nachricht<br \/>\n<span class=\"wpcf7-form-control-wrap\" data-name=\"Nachricht\"><textarea cols=\"40\" rows=\"10\" maxlength=\"2000\" class=\"wpcf7-form-control wpcf7-textarea wpcf7-validates-as-required\" aria-required=\"true\" aria-invalid=\"false\" name=\"Nachricht\"><\/textarea><\/span> [wpcaptcha]<\/label>\n<\/p>\n<p><input class=\"wpcf7-form-control wpcf7-submit has-spinner\" type=\"submit\" value=\"Senden\" \/>\n<\/p><div class=\"wpcf7-response-output\" aria-hidden=\"true\"><\/div>\n<\/form>\n<\/div>\n<\/span><\/h1>\n<\/div>\n<p>Hier das Organigramm mit allen Verantwortlichkeiten f\u00fcr das Schuljahr 2025\/26: &gt;&gt; <a href=\"https:\/\/wordpress.nibis.de\/opgs\/files\/2025\/08\/Organigramm_2025_26.pdf\">Organigramm_2025_26<\/a><\/p>\n<div id=\"txt_25\"><\/div>\n<p>[:]<\/p>\n","protected":false},"excerpt":{"rendered":"<p>[:de] \u00dcber das Kontaktformular k\u00f6nnen Sie unserer Verwaltung eine Nachricht hinterlassen. Krankmeldungen geben Sie bitte immer direkt \u00fcber WebUntis ein. Alle Klassenleitungen, Fachlehrer:innen und weiteren Mitarbeiter:innen erreichen Sie unter &#x76;&#111;&#x72;&#x6e;&#97;&#x6d;&#101;&#46;&#x6e;&#97;c&#x68;&#110;a&#x6d;&#101;&#64;&#x6f;&#112;&#x67;&#x73;&#45;&#x68;&#x61;&#110;&#x6e;&#111;v&#x65;&#114;&#46;&#x64;&#101;. Den Ganztagsbereich k\u00f6nnen Sie bei Fragen oder Abmeldungen \u00fcber den direkten Kontakt von Florian Beier, Sophie Misterek oder Alexander P\u00e4ssler anschreiben. Hospitations- bzw. Praktikumsanfragen schicken [&hellip;]<\/p>\n","protected":false},"author":9192565,"featured_media":0,"parent":0,"menu_order":0,"comment_status":"closed","ping_status":"closed","template":"page-templates\/child-menu.php","meta":{"footnotes":""},"class_list":["post-20","page","type-page","status-publish","hentry"],"_links":{"self":[{"href":"https:\/\/wordpress.nibis.de\/opgs\/wp-json\/wp\/v2\/pages\/20","targetHints":{"allow":["GET"]}}],"collection":[{"href":"https:\/\/wordpress.nibis.de\/opgs\/wp-json\/wp\/v2\/pages"}],"about":[{"href":"https:\/\/wordpress.nibis.de\/opgs\/wp-json\/wp\/v2\/types\/page"}],"author":[{"embeddable":true,"href":"https:\/\/wordpress.nibis.de\/opgs\/wp-json\/wp\/v2\/users\/9192565"}],"replies":[{"embeddable":true,"href":"https:\/\/wordpress.nibis.de\/opgs\/wp-json\/wp\/v2\/comments?post=20"}],"version-history":[{"count":11,"href":"https:\/\/wordpress.nibis.de\/opgs\/wp-json\/wp\/v2\/pages\/20\/revisions"}],"predecessor-version":[{"id":2392,"href":"https:\/\/wordpress.nibis.de\/opgs\/wp-json\/wp\/v2\/pages\/20\/revisions\/2392"}],"wp:attachment":[{"href":"https:\/\/wordpress.nibis.de\/opgs\/wp-json\/wp\/v2\/media?parent=20"}],"curies":[{"name":"wp","href":"https:\/\/api.w.org\/{rel}","templated":true}]}}