{"id":45,"date":"2018-03-25T15:47:08","date_gmt":"2018-03-25T13:47:08","guid":{"rendered":"http:\/\/wordpress.nibis.de\/opgs\/?page_id=45"},"modified":"2025-08-23T10:53:22","modified_gmt":"2025-08-23T08:53:22","slug":"klassen","status":"publish","type":"page","link":"https:\/\/wordpress.nibis.de\/opgs\/schule\/klassen\/","title":{"rendered":"Klassen"},"content":{"rendered":"\n<p>[:de]<\/p>\n\n\n\n<figure class=\"wp-block-image size-full\"><img loading=\"lazy\" decoding=\"async\" width=\"2172\" height=\"456\" src=\"https:\/\/wordpress.nibis.de\/opgs\/files\/2025\/08\/Bilder-Haeusersymbole.png\" alt=\"\" class=\"wp-image-2382\" srcset=\"https:\/\/wordpress.nibis.de\/opgs\/files\/2025\/08\/Bilder-Haeusersymbole.png 2172w, https:\/\/wordpress.nibis.de\/opgs\/files\/2025\/08\/Bilder-Haeusersymbole-768x161.png 768w, https:\/\/wordpress.nibis.de\/opgs\/files\/2025\/08\/Bilder-Haeusersymbole-1536x322.png 1536w, https:\/\/wordpress.nibis.de\/opgs\/files\/2025\/08\/Bilder-Haeusersymbole-2048x430.png 2048w\" sizes=\"auto, (max-width: 2172px) 100vw, 2172px\" \/><\/figure>\n\n\n\n<div id=\"txt_338\">\n<p class=\"Textk\u00f6rper-2-P\" style=\"text-align: justify\"><span class=\"Textk\u00f6rper-2-C\">Die Klassen unserer Schule sind nach den Otfried-Preu\u00dfler-Figuren in f\u00fcnf entsprechende H\u00e4user eingeteilt. So gibt es bei uns: die Gespenster, die Wasserleute, die R\u00e4uber, die Hexen und die Hutzelleute. Die jeweils vier bunt durch die Jahrg\u00e4nge gemischten Klassen eines Hauses befinden sich in benachbarten R\u00e4umen eines Flurabschnittes und teilen sich zus\u00e4tzlich je zwei Differenzierungsr\u00e4ume und eine Bewegungsnische.<\/span><\/p>\n<p class=\"Textk\u00f6rper-2-P\" style=\"text-align: justify\"><span class=\"Textk\u00f6rper-2-C-C0\">Klasseninterne sowie -\u00fcbergreifende Aktionen und Projekte im Haus geben den Kindern Sicherheit und ein \u201eZuhause\u201c, aber auch eine F\u00fclle an M\u00f6glichkeiten der Differenzierung und Individualisierung.<\/span><\/p>\n<div class=\"wp-block-image\">\u00a0<\/div>\n<p class=\"Wp-Textk\u00f6rper-2-P\"><span class=\"Textk\u00f6rper-2-C-C2\">Im zweiten Stock sind unsere Gespenster und Wasserleute zu Hause:<\/span><\/p>\n<p class=\"Wp-Textk\u00f6rper-2-P\"><strong><span class=\"Textk\u00f6rper-2-C-C2\">Das Gespensterhaus:<\/span><\/strong><\/p>\n<p>Klasse 1a: Annika Schr\u00f6der \/ Christian Larisch<\/p>\n<p>Klasse 2a: Ann-Kathrin Huning \/ Patricia Dyroy<\/p>\n<p>Klasse 3a: Iris Sakowski \/ Sandra Trettin<\/p>\n<p>Klasse 4a: Patricia Dyroy \/ Linda Wenzel<\/p>\n<p class=\"Wp-Textk\u00f6rper-2-P\"><strong><span class=\"Textk\u00f6rper-2-C-C2\">Das Wassermannhaus:<\/span><\/strong><\/p>\n<p class=\"Wp-Textk\u00f6rper-2-P\">Klasse 1b: Kerstin K\u00fchn \/ Lea Hallier \/ Ingrid Becker<\/p>\n<p class=\"Wp-Textk\u00f6rper-2-P\">Klasse 2b: Dagmara Bagsik \/ Almut P\u00fcschel<\/p>\n<p class=\"Wp-Textk\u00f6rper-2-P\">Klasse 3b: Jana Gr\u00fcnvogel \/ Almut P\u00fcschel<\/p>\n<p class=\"Wp-Textk\u00f6rper-2-P\">Klasse 4b: Vroni Gedeon \/ Katharina Reu\u00df<\/p>\n<p>\u00a0<\/p>\n<p class=\"Wp-Textk\u00f6rper-2-P\"><span class=\"Textk\u00f6rper-2-C-C2\">Im ersten Stock haben es sich unsere R\u00e4uber und Hexen gem\u00fctlich gemacht:<\/span><\/p>\n<p class=\"Wp-Textk\u00f6rper-2-P\"><strong><span class=\"Textk\u00f6rper-2-C-C2\">Das R\u00e4uberhaus:<\/span><\/strong><\/p>\n<p>Klasse 1c: Stephanie Barth\u00a0<\/p>\n<p>Klasse 2c: Anna-Lena Abeln\u00a0<\/p>\n<p>Klasse 3c: Jacqueline H\u00fcmme \/ Leon Spickschen<\/p>\n<p>Klasse 4c: Franziska Schmalstieg \/ Leon Spickschen<\/p>\n<p class=\"Wp-Textk\u00f6rper-2-P\"><strong><span class=\"Textk\u00f6rper-2-C-C2\">Das Hexenhaus:<\/span><\/strong><\/p>\n<p>Klasse 1d: Christine Stern \/ Niclas Hampel \/ Inken Meyer<\/p>\n<p>Klasse 2d: Imke Blank \/ Anna Lisa Becker<\/p>\n<p>Klasse 3d: Hanneke Tute \/ Franziska R\u00fcger<\/p>\n<p>Klasse 4d: Sarah Witte \/ Johanna Maekeler-Widdel<\/p>\n<p>\u00a0<\/p>\n<p><span style=\"font-size: revert\">Im Erdgeschoss wohnen unsere <strong>Hutzelleute<\/strong>: <\/span><\/p>\n<p><span style=\"font-size: revert\">Klasse 1e: Marijke van den Berg\u00a0<\/span><\/p>\n<p><span style=\"font-size: revert\">Klasse 2e: Miriam Hanel \/ Renate Loest-K\u00f6nig <\/span><\/p>\n<p><span style=\"font-size: revert\">Klasse 3e: Sabine Benedik \/ Anika Frisch <\/span><\/p>\n<p><span style=\"font-size: revert\">Klasse 4e: Rebekka Schweden \/ Viola Stiepel<\/span><\/p>\n<\/div>\n\n\n\n<div id=\"txt_338\">\u00a0<\/div>\n","protected":false},"excerpt":{"rendered":"<p>[:de] Die Klassen unserer Schule sind nach den Otfried-Preu\u00dfler-Figuren in f\u00fcnf entsprechende H\u00e4user eingeteilt. So gibt es bei uns: die Gespenster, die Wasserleute, die R\u00e4uber, die Hexen und die Hutzelleute. Die jeweils vier bunt durch die Jahrg\u00e4nge gemischten Klassen eines Hauses befinden sich in benachbarten R\u00e4umen eines Flurabschnittes und teilen sich zus\u00e4tzlich je zwei Differenzierungsr\u00e4ume [&hellip;]<\/p>\n","protected":false},"author":9192565,"featured_media":0,"parent":14,"menu_order":5,"comment_status":"closed","ping_status":"closed","template":"page-templates\/child-menu.php","meta":{"footnotes":""},"class_list":["post-45","page","type-page","status-publish","hentry"],"_links":{"self":[{"href":"https:\/\/wordpress.nibis.de\/opgs\/wp-json\/wp\/v2\/pages\/45","targetHints":{"allow":["GET"]}}],"collection":[{"href":"https:\/\/wordpress.nibis.de\/opgs\/wp-json\/wp\/v2\/pages"}],"about":[{"href":"https:\/\/wordpress.nibis.de\/opgs\/wp-json\/wp\/v2\/types\/page"}],"author":[{"embeddable":true,"href":"https:\/\/wordpress.nibis.de\/opgs\/wp-json\/wp\/v2\/users\/9192565"}],"replies":[{"embeddable":true,"href":"https:\/\/wordpress.nibis.de\/opgs\/wp-json\/wp\/v2\/comments?post=45"}],"version-history":[{"count":22,"href":"https:\/\/wordpress.nibis.de\/opgs\/wp-json\/wp\/v2\/pages\/45\/revisions"}],"predecessor-version":[{"id":2691,"href":"https:\/\/wordpress.nibis.de\/opgs\/wp-json\/wp\/v2\/pages\/45\/revisions\/2691"}],"up":[{"embeddable":true,"href":"https:\/\/wordpress.nibis.de\/opgs\/wp-json\/wp\/v2\/pages\/14"}],"wp:attachment":[{"href":"https:\/\/wordpress.nibis.de\/opgs\/wp-json\/wp\/v2\/media?parent=45"}],"curies":[{"name":"wp","href":"https:\/\/api.w.org\/{rel}","templated":true}]}}