{"id":46,"date":"2018-03-25T15:47:08","date_gmt":"2018-03-25T13:47:08","guid":{"rendered":"http:\/\/wordpress.nibis.de\/opgs\/?page_id=46"},"modified":"2024-01-15T21:38:44","modified_gmt":"2024-01-15T20:38:44","slug":"kooperationen","status":"publish","type":"page","link":"https:\/\/wordpress.nibis.de\/opgs\/schule\/kooperationen\/","title":{"rendered":"Kooperationen"},"content":{"rendered":"<p>[:de]<\/p>\n<p class=\"Standard-P\"><strong><span class=\"Standard-C\">TKH<\/span><\/strong><\/p>\n<p class=\"Standard-P\" style=\"text-align: justify\"><span class=\"Standard-C-C0\">Der TKH ist unser Kooperationspartner im Ganztag und unterst\u00fctzt uns mit einem umfangreichen Angebot an AGs, sowie mit der Kinderbetreuung in der \u201c\u00dcbungsszeit\u201d, die bei uns die regul\u00e4ren Hausaufgaben ersetzt.<\/span><\/p>\n<div class=\"wp-block-image\"><img loading=\"lazy\" decoding=\"async\" class=\"wp-image-1950 aligncenter\" src=\"https:\/\/wordpress.nibis.de\/opgs\/files\/2024\/01\/TKH-Basketball-850x478.png\" alt=\"\" width=\"530\" height=\"298\" \/><\/div>\n<p class=\"Standard-P\" style=\"text-align: justify\"><span class=\"Stark-betont-C\"><strong>Kindertagesst\u00e4tten<\/strong> <\/span><\/p>\n<p class=\"Standard-P\" style=\"text-align: justify\"><span class=\"Standard-C-C0\">Die nahegelegenen KiTa\u00b4s haben sich in einer langj\u00e4hrigen, vertrauensvollen Zusammenarbeit auf einen Kooperationsvertrag geeinigt, welcher unterschiedlichen gemeinsame Projekte \u00fcber das Schuljahr verteilt zwischen Schule und KiTa vorsieht.<\/span><\/p>\n<p class=\"Standard-P\" style=\"text-align: justify\"><span class=\"Standard-C-C0\"><a href=\"http:\/\/nibis.de\/%7Egsmeters\/Zusammenarbeit%20Kita%20Schule.pdf\" target=\"_blank\" rel=\"noopener\">&gt;&gt;Kooperationskalender<\/a><\/span><\/p>\n<p class=\"List-Paragraph-P\" style=\"text-align: justify\"><strong><span class=\"List-Paragraph-C\">ADAC<\/span><\/strong><\/p>\n<p class=\"List-Paragraph-P\" style=\"text-align: justify\"><span class=\"List-Paragraph-C-C0\">Der ADAC unterst\u00fctzt uns in den Bereichen der Fahrrad\u00fcberpr\u00fcfung, der Verkehrssicherheit, dem Fahrradturnier und dem Fahrrad- Parcours. Das Projekt \u201eToter Winkel\u201c wird ebenfalls vom ADAC unterst\u00fctzt.<\/span><\/p>\n<p class=\"List-Paragraph-P\" style=\"text-align: justify\"><span class=\"List-Paragraph-C\"><strong>Mentor e.V<\/strong>.<\/span><\/p>\n<p class=\"Standard-P\" style=\"text-align: justify\"><span class=\"Standard-C-C0\">Unsere Leselernhelfer unterst\u00fctzen unsere Sch\u00fclerinnen und Sch\u00fcler in dem Sie sie zum Lesen motivieren und den Spa\u00df an B\u00fcchern wecken. Nach dem Unterricht bieten unsere Mentoren ein spannendes und liebevolles Lesetraining f\u00fcr unsere zuk\u00fcnftigen Leseratten an.<\/span><\/p>\n<p class=\"List-Paragraph-P\" style=\"text-align: justify\"><strong><span class=\"List-Paragraph-C\">Haus der Jugend<\/span><\/strong><\/p>\n<p class=\"List-Paragraph-P\" style=\"text-align: justify\"><span class=\"List-Paragraph-C-C0\">Mit einem Kochprojekt sind wir im letzten Schuljahr in die Kooperation mit dem Haus der Jugend eingestiegen. Eine Klasse kann pro Halbjahr in der mobilen Kocheinheit erste Kochrezepte erproben\u2026 siehe <\/span><\/p>\n<p class=\"List-Paragraph-P\" style=\"text-align: justify\"><strong><span class=\"List-Paragraph-C\">Opernhaus<\/span><\/strong><\/p>\n<p class=\"List-Paragraph-P\" style=\"text-align: justify\"><span class=\"List-Paragraph-C-C0\">Ein Kunstprojekt zum Thema \u201eIndianer\u201c hat uns mit einer Klasse im Rahmen einer AG in die Kooperation mit dem Opern-Haus gef\u00fchrt. N\u00e4here Informationen: siehe <\/span><\/p>\n<p class=\"List-Paragraph-P\" style=\"text-align: justify\"><strong><span class=\"List-Paragraph-C\">NDR<\/span><\/strong><\/p>\n<p class=\"List-Paragraph-P\" style=\"text-align: justify\"><span class=\"List-Paragraph-C-C0\">Ob im Bereich der Musik, des H\u00f6rens oder der Technikbesichtigung steht uns das nahegelegene NDR-Haus immer offen. <\/span><\/p>\n<p class=\"List-Paragraph-P\" style=\"text-align: justify\"><strong><span class=\"List-Paragraph-C\">Sprengelmuseum<\/span><\/strong><\/p>\n<p class=\"List-Paragraph-P\" style=\"text-align: justify\"><span class=\"List-Paragraph-C-C0\">Auch das Sprengel-Museum steht uns mit seiner r\u00e4umlichen N\u00e4he als Kooperationspartner zur Seite. In den Jahrg\u00e4ngen gibt es unterschiedliche Kunstprojekte f\u00fcr unsere Sch\u00fclerinnen und Sch\u00fcler \u00fcber das Schuljahr hinweg zu erkunden. Zum Ende ihrer Grundschulzeit verlassen gut ausgebildete Museumsspezialisten unsere Schule. <\/span><\/p>\n<p class=\"List-Paragraph-P\" style=\"text-align: justify\"><strong><span class=\"List-Paragraph-C\">Stadtb\u00fccherei\/ S\u00fcdstadtb\u00fccherei<\/span><\/strong><\/p>\n<p class=\"List-Paragraph-P\" style=\"text-align: justify\"><span class=\"List-Paragraph-C-C0\">Mit dem ersten Schuljahr und der Buchaktion von Ingo Siegner der Stadtb\u00fccherei, er\u00f6ffnet sich eine gute Zusammenarbeit f\u00fcr die Sch\u00fclerinnen und Sch\u00fcler. Durch B\u00fcchereig\u00e4nge, Buchkisten oder Themeng\u00e4nge erobern sich die jungen Leser das Leihsystem. <\/span><\/p>\n<p class=\"List-Paragraph-P\" style=\"text-align: justify\"><strong><span class=\"List-Paragraph-C\">Stephanstift<\/span><\/strong><\/p>\n<p class=\"List-Paragraph-P\" style=\"text-align: justify\"><span class=\"List-Paragraph-C-C0\">Die HEP-Praktikantinnen und Praktikanten, welche in unseren inklusiven Klassen eingesetzt werden k\u00f6nnen, sammeln viele Praxisstunden und unterst\u00fctzen unsere Lehrer-Teams effektiv.<\/span><\/p>\n<p class=\"List-Paragraph-P\" style=\"text-align: justify\"><strong><span class=\"List-Paragraph-C\">Anna-Stift<\/span><\/strong><\/p>\n<p class=\"List-Paragraph-P\" style=\"text-align: justify\"><span class=\"List-Paragraph-C-C0\">Die enge und schulbezogene Arbeit mit den Schulbegleitern des Anna-Stift, erm\u00f6glicht einen direkten guten Austausch mit zeitnahen und p\u00e4dagogischen L\u00f6sungsans\u00e4tzen.<\/span><\/p>\n<p class=\"List-Paragraph-P\" style=\"text-align: justify\"><span class=\"List-Paragraph-C-C1\">&#8230;und viele mehr!<\/span><\/p>\n<p>[:en]<\/p>\n<p class=\"Standard-P\"><strong><span class=\"Standard-C\">TKH<\/span><\/strong><\/p>\n<p class=\"Standard-P\"><span class=\"Standard-C-C0\">Der TKH ist unser Kooperationspartner im Ganztag und unterst\u00fctzt uns mit einem umfangreichen Angebot an AG\u00b4s, sowie mit der Kinderbetreuung in der \u201c\u00dcbungsszeit\u201d, die bei uns die regul\u00e4ren Hausaufgaben ersetzt.<\/span><\/p>\n<p class=\"Standard-P\"><span class=\"Stark-betont-C\"><strong>Kindertagesst\u00e4tten<\/strong> <\/span><\/p>\n<p class=\"Standard-P\"><span class=\"Standard-C-C0\">Die nahegelegenen KiTa\u00b4s haben sich in einer langj\u00e4hrigen, vertrauensvollen Zusammenarbeit auf einen Kooperationsvertrag geeinigt, welcher unterschiedlichen gemeinsame Projekte \u00fcber das Schuljahr verteilt zwischen Schule und KiTa vorsieht.<\/span><\/p>\n<p class=\"Standard-P\"><span class=\"Standard-C-C0\"><a href=\"http:\/\/nibis.de\/%7Egsmeters\/Zusammenarbeit%20Kita%20Schule.pdf\" target=\"_blank\" rel=\"noopener\">&gt;&gt;Kooperationskalender<\/a><\/span><\/p>\n<p class=\"List-Paragraph-P\"><strong><span class=\"List-Paragraph-C\">ADAC<\/span><\/strong><\/p>\n<p class=\"List-Paragraph-P\"><span class=\"List-Paragraph-C-C0\">Der ADAC unterst\u00fctzt uns in den Bereichen der Fahrrad\u00fcberpr\u00fcfung, der Verkehrssicherheit, dem Fahrradturnier und dem Fahrrad- Parcours. Das Projekt \u201eToter Winkel\u201c wird ebenfalls vom ADAC unterst\u00fctzt.<\/span><\/p>\n<p class=\"List-Paragraph-P\"><span class=\"List-Paragraph-C\"><strong>Mentor e.V<\/strong>.<\/span><\/p>\n<p class=\"Standard-P\"><span class=\"Standard-C-C0\">Unsere Leselernhelfer unterst\u00fctzen unsere Sch\u00fclerinnen und Sch\u00fcler in dem Sie sie zum Lesen motivieren und den Spa\u00df an B\u00fcchern wecken. Nach dem Unterricht bieten unsere Mentoren ein spannendes und liebevolles Lesetraining f\u00fcr unsere zuk\u00fcnftigen Leseratten an.<\/span><\/p>\n<p class=\"List-Paragraph-P\"><strong><span class=\"List-Paragraph-C\">Haus der Jugend<\/span><\/strong><\/p>\n<p class=\"List-Paragraph-P\"><span class=\"List-Paragraph-C-C0\">Mit einem Kochprojekt sind wir im letzten Schuljahr in die Kooperation mit dem Haus der Jugend eingestiegen. Eine Klasse kann pro Halbjahr in der mobilen Kocheinheit erste Kochrezepte erproben\u2026 siehe <\/span><\/p>\n<p class=\"List-Paragraph-P\"><span class=\"List-Paragraph-C-C0\"><a href=\"http:\/\/nibis.de\/%7Egsmeters\/schulleben.html\">&gt;&gt;Schulleben<\/a><\/span><\/p>\n<p class=\"List-Paragraph-P\"><strong><span class=\"List-Paragraph-C\">Opernhaus<\/span><\/strong><\/p>\n<p class=\"List-Paragraph-P\"><span class=\"List-Paragraph-C-C0\">Ein Kunstprojekt zum Thema \u201eIndianer\u201c hat uns mit einer Klasse im Rahmen einer AG in die Kooperation mit dem Opern-Haus gef\u00fchrt. N\u00e4here Informationen: siehe <\/span><\/p>\n<p class=\"List-Paragraph-P\"><span class=\"List-Paragraph-C-C0\"><a href=\"http:\/\/nibis.de\/%7Egsmeters\/schulleben.html\">&gt;&gt;Schulleben<\/a><\/span><\/p>\n<p class=\"List-Paragraph-P\"><strong><span class=\"List-Paragraph-C\">NDR<\/span><\/strong><\/p>\n<p class=\"List-Paragraph-P\"><span class=\"List-Paragraph-C-C0\">Ob im Bereich der Musik, des H\u00f6rens oder der Technikbesichtigung steht uns das nahegelegene NDR-Haus immer offen. <\/span><\/p>\n<p class=\"List-Paragraph-P\"><strong><span class=\"List-Paragraph-C\">Sprengelmuseum<\/span><\/strong><\/p>\n<p class=\"List-Paragraph-P\"><span class=\"List-Paragraph-C-C0\">Auch das Sprengel-Museum steht uns mit seiner r\u00e4umlichen N\u00e4he als Kooperationspartner zur Seite. In den Jahrg\u00e4ngen gibt es unterschiedliche Kunstprojekt f\u00fcr unsere Sch\u00fclerinnen und Sch\u00fcler \u00fcber das Schuljahr hinweg zu erkunden. Zum Ende ihrer Grundschulzeit verlassen gut ausgebildete Museumsspezialisten unsere Schule. <\/span><\/p>\n<p class=\"List-Paragraph-P\"><strong><span class=\"List-Paragraph-C\">Stadtb\u00fccherei\/ S\u00fcdstadtb\u00fccherei<\/span><\/strong><\/p>\n<p class=\"List-Paragraph-P\"><span class=\"List-Paragraph-C-C0\">Mit dem ersten Schuljahr und der Buchaktion von Ingo Siegner der Stadtb\u00fccherei, er\u00f6ffnet sich eine gute Zusammenarbeit f\u00fcr die Sch\u00fclerinnen und Sch\u00fcler. Durch B\u00fcchereig\u00e4nge, Buchkisten oder Themeng\u00e4nge erobern sich die jungen Leser das Leihsystem. <\/span><\/p>\n<p class=\"List-Paragraph-P\"><strong><span class=\"List-Paragraph-C\">Stephanstift<\/span><\/strong><\/p>\n<p class=\"List-Paragraph-P\"><span class=\"List-Paragraph-C-C0\">Mit den HEP-Praktikantinnen und Praktikanten, welche in unseren Inklusions- und \u00a0Integrationsklassen eingesetzt werden k\u00f6nnen, sammeln diese viele Praxisstunden und unterst\u00fctzen unsere Lehrer-Teams effektiv.<\/span><\/p>\n<p class=\"List-Paragraph-P\"><strong><span class=\"List-Paragraph-C\">Anna-Stift<\/span><\/strong><\/p>\n<p class=\"List-Paragraph-P\"><span class=\"List-Paragraph-C-C0\">Die enge und schulbezogene Arbeit mit den Schulbegleitern des Anna-Stift, erm\u00f6glicht einen direkten guten Austausch mit zeitnahen und p\u00e4dagogischen L\u00f6sungsans\u00e4tzen.<\/span><\/p>\n<p class=\"List-Paragraph-P\"><span class=\"List-Paragraph-C-C1\">&#8230;und viele mehr!<\/span><\/p>\n<p>[:]<\/p>\n","protected":false},"excerpt":{"rendered":"<p>[:de] TKH Der TKH ist unser Kooperationspartner im Ganztag und unterst\u00fctzt uns mit einem umfangreichen Angebot an AGs, sowie mit der Kinderbetreuung in der \u201c\u00dcbungsszeit\u201d, die bei uns die regul\u00e4ren Hausaufgaben ersetzt. Kindertagesst\u00e4tten Die nahegelegenen KiTa\u00b4s haben sich in einer langj\u00e4hrigen, vertrauensvollen Zusammenarbeit auf einen Kooperationsvertrag geeinigt, welcher unterschiedlichen gemeinsame Projekte \u00fcber das Schuljahr verteilt [&hellip;]<\/p>\n","protected":false},"author":9192565,"featured_media":0,"parent":14,"menu_order":6,"comment_status":"closed","ping_status":"closed","template":"page-templates\/child-menu.php","meta":{"footnotes":""},"class_list":["post-46","page","type-page","status-publish","hentry"],"_links":{"self":[{"href":"https:\/\/wordpress.nibis.de\/opgs\/wp-json\/wp\/v2\/pages\/46","targetHints":{"allow":["GET"]}}],"collection":[{"href":"https:\/\/wordpress.nibis.de\/opgs\/wp-json\/wp\/v2\/pages"}],"about":[{"href":"https:\/\/wordpress.nibis.de\/opgs\/wp-json\/wp\/v2\/types\/page"}],"author":[{"embeddable":true,"href":"https:\/\/wordpress.nibis.de\/opgs\/wp-json\/wp\/v2\/users\/9192565"}],"replies":[{"embeddable":true,"href":"https:\/\/wordpress.nibis.de\/opgs\/wp-json\/wp\/v2\/comments?post=46"}],"version-history":[{"count":5,"href":"https:\/\/wordpress.nibis.de\/opgs\/wp-json\/wp\/v2\/pages\/46\/revisions"}],"predecessor-version":[{"id":1954,"href":"https:\/\/wordpress.nibis.de\/opgs\/wp-json\/wp\/v2\/pages\/46\/revisions\/1954"}],"up":[{"embeddable":true,"href":"https:\/\/wordpress.nibis.de\/opgs\/wp-json\/wp\/v2\/pages\/14"}],"wp:attachment":[{"href":"https:\/\/wordpress.nibis.de\/opgs\/wp-json\/wp\/v2\/media?parent=46"}],"curies":[{"name":"wp","href":"https:\/\/api.w.org\/{rel}","templated":true}]}}