{"id":50,"date":"2018-03-25T15:47:08","date_gmt":"2018-03-25T13:47:08","guid":{"rendered":"http:\/\/wordpress.nibis.de\/opgs\/?page_id=50"},"modified":"2024-08-08T18:13:57","modified_gmt":"2024-08-08T16:13:57","slug":"lernbuch","status":"publish","type":"page","link":"https:\/\/wordpress.nibis.de\/opgs\/unterricht\/lernbuch\/","title":{"rendered":"Lernbuch"},"content":{"rendered":"\n<p>[:de]<\/p>\n\n\n\n<figure class=\"wp-block-image size-full\"><img loading=\"lazy\" decoding=\"async\" width=\"1208\" height=\"1700\" src=\"https:\/\/wordpress.nibis.de\/opgs\/files\/2024\/08\/Titel-Lernbuch.png\" alt=\"\" class=\"wp-image-2128\" srcset=\"https:\/\/wordpress.nibis.de\/opgs\/files\/2024\/08\/Titel-Lernbuch.png 1208w, https:\/\/wordpress.nibis.de\/opgs\/files\/2024\/08\/Titel-Lernbuch-768x1081.png 768w, https:\/\/wordpress.nibis.de\/opgs\/files\/2024\/08\/Titel-Lernbuch-1091x1536.png 1091w\" sizes=\"auto, (max-width: 1208px) 100vw, 1208px\" \/><\/figure>\n\n\n\n<p><span class=\"Standard-C\">Zentrales Hilfsmittel zur Planung und zur Transparenz ist f\u00fcr jede Sch\u00fclerin und jeden Sch\u00fcler das \u00a0\u201eLernbuch\u201c. Es ist ein pers\u00f6nliches Arbeitsinstrument, in dem sich auch alle wichtigen Daten finden, die f\u00fcr die pers\u00f6nliche Planung von Bedeutung sind. Zudem k\u00f6nnen Eltern und Sch\u00fcler*innen mit Hilfe der Eintr\u00e4ge \u00fcber die Schultage ins Gespr\u00e4ch kommen.<\/span><\/p>\n\n\n\n<p><span class=\"Standard-C\">Den Inhalt des Lernbuchs kann man in drei Bereiche einteilen:<\/span><\/p>\n\n\n\n<p><strong><span class=\"Standard-C\">1. Teil &#8211; Daten und Organisation<\/span><\/strong><\/p>\n\n\n\n<p><span class=\"Standard-C-C0\">Die ersten Seiten enthalten Raum f\u00fcr pers\u00f6nliche Daten, unsere Schulregeln, einen \u00dcberblick \u00fcber die Nutzung f\u00fcr Sch\u00fcler und Eltern, den aktuellen Stundenplan und einen Jahreskalender, in dem besondere Ereignisse und Termine notiert werden k\u00f6nnen. <\/span><\/p>\n\n\n\n<p><strong><span class=\"Standard-C\">2. Teil &#8211; Wochen\u00fcbersichten<\/span><\/strong><\/p>\n\n\n\n<p><span class=\"Standard-C-C0\">Vor allem aber dient das Lernbuch der Planung von Wochen und der Dokumentation der individualisierten Lernzeit.<\/span><\/p>\n\n\n\n<p><span class=\"Standard-C-C0\">Zu Beginn jeder neuen Schulwoche wird (mit Hilfe der Lehrkraft) ein Ziel f\u00fcr die Woche gesteckt. Dieses Ziel ist meistens ein Teilziel aus den Lernbausteinen, kann aber auch sozialer oder organisatorischer Natur sein. <\/span><\/p>\n\n\n\n<p><span class=\"Standard-C-C0\">Vor oder nach der gemeinsamen Reflexion am Ende jeder individualisierten Lernzeit tr\u00e4gt jedes Kind in sein Lernbuch ein, was es gemacht hat, welches Material es benutzt hat und mit wem es zusammengearbeitet hat. Dabei sollen die Eintragungen im Laufe der Schuljahre an Informationsgehalt und H\u00e4ufigkeit zunehmen. Ein Kind einer ersten Klasse tr\u00e4gt demnach noch nicht sofort t\u00e4glich ein und notiert beispielsweise nur durch den entsprechenden Buchstaben\/die Ziffer was der Arbeitsschwerpunkt der letzten Tage war. \u00dcber Symbole, erste W\u00f6rter und Stichpunkte sollen die Kinder dann irgendwann dazu \u00fcbergehen, ganze aussagekr\u00e4ftige Formulierungen und S\u00e4tze \u00fcber ihre Arbeit zu verfassen. Diese Entwicklung ist von Kind zu Kind unterschiedlich und umfasst mehr oder weniger die ganzen vier Schuljahre.<\/span><\/p>\n\n\n\n<p><span class=\"Standard-C-C0\">Am Ende jeder Woche sch\u00e4tzt jedes Kind sich in Bezug auf sein Ziel ein, und reflektiert ebenfalls seine Arbeitshaltung, Achtsamkeit und die Nutzung des Lernbuchs, sowie seine Erfolge (\u201eStolzecke\u201c). Die Lehrkraft sichtet die Einsch\u00e4tzung, notiert eventuell andere Sichtweise oder trifft Verabredungen mit dem Kind f\u00fcr die kommende Woche. Die Eltern des Kindes sichten den Wochenr\u00fcckblick und unterzeichnen ihn als \u201ezur Kenntnis genommen\u201c. <\/span><\/p>\n\n\n\n<p><strong><span class=\"Standard-C\">3. Teil &#8211; Lernziele und Anhang<\/span><\/strong><\/p>\n\n\n\n<p><span class=\"Standard-C-C0\">Auf den hinteren Seiten des Buches finden sich die Lernziele der Hauptf\u00e4cher f\u00fcr den Jahrgang 1\/2 und 3\/4. Hier werden alle individuell erreichten Ziele markiert. Dieser Bereich entspricht einem Kompetenzraster und ist inhaltlich eng auf die Vorgaben des nieders\u00e4chsischen Kerncurriculums f\u00fcr die Grundschule bezogen. Das Kerncurriculum gibt f\u00fcr jedes Fach vor, welche Kompetenzen Ende Klasse 2 und Ende Klasse 4 von den Sch\u00fclern erreicht werden sollen. <\/span><\/p>\n\n\n\n<p>[:en]<\/p>\n\n\n\n<p><span class=\"Standard-C\">Zentrales Hilfsmittel zur Planung und zur Transparenz ist f\u00fcr jede Sch\u00fclerin und jeden Sch\u00fcler das &nbsp;\u201eLernbuch\u201c. Es ist ein pers\u00f6nliches Arbeitsinstrument, in dem sich auch alle wichtigen Daten jedes einzelnen Sch\u00fclers finden und das ebenfalls einen \u00dcberblick \u00fcber allgemeine Daten bietet, die f\u00fcr die pers\u00f6nliche Planung von Bedeutung sind. Zudem k\u00f6nnen Eltern und Sch\u00fcler mit Hilfe der Eintr\u00e4ge \u00fcber die Schultage ins Gespr\u00e4ch kommen.<\/span><\/p>\n\n\n\n<p><span class=\"Standard-C\">Den Inhalt des Lernbuchs kann man in drei Bereiche einteilen:<\/span><\/p>\n\n\n\n<p><strong><span class=\"Standard-C\">1. Teil &#8211; Daten und Organisation<\/span><\/strong><\/p>\n\n\n\n<p><span class=\"Standard-C-C0\">Die ersten Seiten enthalten Raum f\u00fcr pers\u00f6nliche Daten, unsere Schulregeln, einen \u00dcberblick \u00fcber die Nutzung f\u00fcr Sch\u00fcler und Eltern, den aktuellen Stundenplan und einen Jahreskalender, in dem besondere Ereignisse und Termine notiert werden k\u00f6nnen. <\/span><\/p>\n\n\n\n<p><strong><span class=\"Standard-C\">2. Teil &#8211; Wochen\u00fcbersichten<\/span><\/strong><\/p>\n\n\n\n<p><span class=\"Standard-C-C0\">Vor allem aber dient das Lernbuch der Planung von Wochen und der Dokumentation der individualisierten Lernzeit.<\/span><\/p>\n\n\n\n<p><span class=\"Standard-C-C0\">Zu Beginn jeder neuen Schulwoche wird (mit Hilfe der Lehrkraft) ein Ziel f\u00fcr die Woche gesteckt. Dieses Ziel ist meistens ein Teilziel aus den Lernbausteinen, kann aber auch sozialer oder organisatorischer Natur sein. <\/span><\/p>\n\n\n\n<p><span class=\"Standard-C-C0\">Vor oder nach der gemeinsamen Reflexion am Ende jeder individualisierten Lernzeit tr\u00e4gt jedes Kind in sein Lernbuch ein, was es gemacht hat, welches Material es benutzt hat und mit wem es zusammengearbeitet hat. Dabei sollen die Eintragungen im Laufe der Schuljahre an Informationsgehalt und H\u00e4ufigkeit zunehmen. Ein Kind einer ersten Klasse tr\u00e4gt demnach noch nicht sofort t\u00e4glich ein und notiert beispielsweise nur durch den entsprechenden Buchstaben\/die Ziffer was der Arbeitsschwerpunkt der letzten Tage war. \u00dcber Symbole, erste W\u00f6rter und Stichpunkte sollen die Kinder dann irgendwann dazu \u00fcbergehen, ganze aussagekr\u00e4ftige Formulierungen und S\u00e4tze \u00fcber ihre Arbeit zu verfassen. Diese Entwicklung ist von Kind zu Kind unterschiedlich und umfasst mehr oder weniger die ganzen vier Schuljahre.<\/span><\/p>\n\n\n\n<p><span class=\"Standard-C-C0\">Am Ende jeder Woche sch\u00e4tzt jedes Kind sich in Bezug auf sein Ziel ein, und reflektiert ebenfalls seine Arbeitshaltung, Achtsamkeit und die Nutzung des Lernbuchs, sowie seine Erfolge (\u201eStolzecke\u201c). Die Lehrkraft sichtet die Einsch\u00e4tzung, notiert eventuell andere Sichtweise oder trifft Verabredungen mit dem Kind f\u00fcr die kommende Woche. Die Eltern des Kindes sichten den Wochenr\u00fcckblick und unterzeichnen ihn als \u201ezur Kenntnis genommen\u201c. <\/span><\/p>\n\n\n\n<p><strong><span class=\"Standard-C\">3. Teil &#8211; Lernziel<\/span>e und Anhang<\/strong><\/p>\n\n\n\n<p><span class=\"Standard-C-C0\">Auf den hinteren Seiten des Buches finden sich die Lernziele der Hauptf\u00e4cher f\u00fcr den Jahrgang 1\/2 und 3\/4. Hier werden alle individuell erreichten Ziele markiert. Dieser Bereich entspricht einem Kompetenzraster und ist inhaltlich eng auf die Vorgaben des nieders\u00e4chsischen Kerncurriculums f\u00fcr die Grundschule bezogen. Das Kerncurriculum gibt f\u00fcr jedes Fach vor, welche Kompetenzen Ende Klasse 2 und Ende Klasse 4 von den Sch\u00fclern erreicht werden sollen. <\/span><\/p>\n\n\n\n<p>[:]<\/p>\n","protected":false},"excerpt":{"rendered":"<p>[:de] Zentrales Hilfsmittel zur Planung und zur Transparenz ist f\u00fcr jede Sch\u00fclerin und jeden Sch\u00fcler das \u00a0\u201eLernbuch\u201c. Es ist ein pers\u00f6nliches Arbeitsinstrument, in dem sich auch alle wichtigen Daten finden, die f\u00fcr die pers\u00f6nliche Planung von Bedeutung sind. Zudem k\u00f6nnen Eltern und Sch\u00fcler*innen mit Hilfe der Eintr\u00e4ge \u00fcber die Schultage ins Gespr\u00e4ch kommen. Den Inhalt [&hellip;]<\/p>\n","protected":false},"author":9192565,"featured_media":0,"parent":15,"menu_order":4,"comment_status":"closed","ping_status":"closed","template":"page-templates\/child-menu.php","meta":{"footnotes":""},"class_list":["post-50","page","type-page","status-publish","hentry"],"_links":{"self":[{"href":"https:\/\/wordpress.nibis.de\/opgs\/wp-json\/wp\/v2\/pages\/50","targetHints":{"allow":["GET"]}}],"collection":[{"href":"https:\/\/wordpress.nibis.de\/opgs\/wp-json\/wp\/v2\/pages"}],"about":[{"href":"https:\/\/wordpress.nibis.de\/opgs\/wp-json\/wp\/v2\/types\/page"}],"author":[{"embeddable":true,"href":"https:\/\/wordpress.nibis.de\/opgs\/wp-json\/wp\/v2\/users\/9192565"}],"replies":[{"embeddable":true,"href":"https:\/\/wordpress.nibis.de\/opgs\/wp-json\/wp\/v2\/comments?post=50"}],"version-history":[{"count":5,"href":"https:\/\/wordpress.nibis.de\/opgs\/wp-json\/wp\/v2\/pages\/50\/revisions"}],"predecessor-version":[{"id":2131,"href":"https:\/\/wordpress.nibis.de\/opgs\/wp-json\/wp\/v2\/pages\/50\/revisions\/2131"}],"up":[{"embeddable":true,"href":"https:\/\/wordpress.nibis.de\/opgs\/wp-json\/wp\/v2\/pages\/15"}],"wp:attachment":[{"href":"https:\/\/wordpress.nibis.de\/opgs\/wp-json\/wp\/v2\/media?parent=50"}],"curies":[{"name":"wp","href":"https:\/\/api.w.org\/{rel}","templated":true}]}}