{"id":52,"date":"2018-03-25T15:47:08","date_gmt":"2018-03-25T13:47:08","guid":{"rendered":"http:\/\/wordpress.nibis.de\/opgs\/?page_id=52"},"modified":"2023-09-04T21:46:53","modified_gmt":"2023-09-04T19:46:53","slug":"lernentwicklungberichte","status":"publish","type":"page","link":"https:\/\/wordpress.nibis.de\/opgs\/unterricht\/lernentwicklungberichte\/","title":{"rendered":"Lernentwicklungsberichte"},"content":{"rendered":"<p>[:de]<\/p>\n<p class=\"Standard-P\" style=\"text-align: justify\"><span class=\"Standard-C\">Nach dem am 1. Juni 2016 in Kraft getretenen Erlass k\u00f6nnen die Grundschulen in Niedersachsen per Konferenzbeschluss entscheiden, ob sie Notenzeugnisse oder andere Formen von Leistungsbeurteilungen erstellen. <\/span><span class=\"Standard-C-C0\">\u201e&#8230;wir geben den Grundschulen, die mit besonderem p\u00e4dagogischen Konzept arbeiten, mehr Gestaltungsspielr\u00e4ume&#8220;<\/span><span class=\"Standard-C\"> (Heiligenstadt 06-2016). <\/span><\/p>\n<p class=\"Standard-P\" style=\"text-align: justify\"><span class=\"Standard-C-C1\">Um das individuelle Vorankommen und Streben der SuS wertzusch\u00e4tzen und eine Vernetzung zum Lernbuch und den LEG zu schaffen, arbeiten wir mit einer ver\u00e4nderten Leistungsbeurteilung in Form von Lernentwicklungsberichten.<\/span><\/p>\n<p>[:en]<\/p>\n<p class=\"Standard-P\" style=\"text-align: justify\"><span class=\"Standard-C\">Nach dem am 1. Juni 2016 in Kraft getretenen Erlass k\u00f6nnen die Grundschulen in Niedersachsen per Konferenzbeschluss entscheiden, ob sie Notenzeugnisse oder andere Formen von Leistungsbeurteilungen erstellen. <\/span><span class=\"Standard-C-C0\">\u201e&#8230;wir geben den Grundschulen, die mit besonderem p\u00e4dagogischen Konzept arbeiten, mehr Gestaltungsspielr\u00e4ume&#8220;<\/span><span class=\"Standard-C\"> (Heiligenstadt 06-2016). <\/span><\/p>\n<p class=\"Standard-P\" style=\"text-align: justify\"><span class=\"Standard-C-C1\">Um das individuelle Vorankommen und Streben der SuS wertzusch\u00e4tzen und eine Vernetzung zum Lernbuch und den LEG zu schaffen, arbeiten wir mit einer ver\u00e4nderten Leistungsbeurteilung in Form von Lernentwicklungsberichten.<\/span><\/p>\n<p>[:]<\/p>\n\n\n<figure class=\"wp-block-image size-large\"><img loading=\"lazy\" decoding=\"async\" width=\"1200\" height=\"675\" src=\"https:\/\/wordpress.nibis.de\/opgs\/files\/2023\/09\/IMG_0451-2-1200x675.jpg\" alt=\"\" class=\"wp-image-1803\" srcset=\"https:\/\/wordpress.nibis.de\/opgs\/files\/2023\/09\/IMG_0451-2-1200x675.jpg 1200w, https:\/\/wordpress.nibis.de\/opgs\/files\/2023\/09\/IMG_0451-2-850x478.jpg 850w, https:\/\/wordpress.nibis.de\/opgs\/files\/2023\/09\/IMG_0451-2-250x141.jpg 250w\" sizes=\"auto, (max-width: 1200px) 100vw, 1200px\" \/><\/figure>\n\n\n","protected":false},"excerpt":{"rendered":"<p>[:de] Nach dem am 1. Juni 2016 in Kraft getretenen Erlass k\u00f6nnen die Grundschulen in Niedersachsen per Konferenzbeschluss entscheiden, ob sie Notenzeugnisse oder andere Formen von Leistungsbeurteilungen erstellen. \u201e&#8230;wir geben den Grundschulen, die mit besonderem p\u00e4dagogischen Konzept arbeiten, mehr Gestaltungsspielr\u00e4ume&#8220; (Heiligenstadt 06-2016). Um das individuelle Vorankommen und Streben der SuS wertzusch\u00e4tzen und eine Vernetzung zum [&hellip;]<\/p>\n","protected":false},"author":9192565,"featured_media":0,"parent":15,"menu_order":6,"comment_status":"closed","ping_status":"closed","template":"page-templates\/child-menu.php","meta":{"footnotes":""},"class_list":["post-52","page","type-page","status-publish","hentry"],"_links":{"self":[{"href":"https:\/\/wordpress.nibis.de\/opgs\/wp-json\/wp\/v2\/pages\/52","targetHints":{"allow":["GET"]}}],"collection":[{"href":"https:\/\/wordpress.nibis.de\/opgs\/wp-json\/wp\/v2\/pages"}],"about":[{"href":"https:\/\/wordpress.nibis.de\/opgs\/wp-json\/wp\/v2\/types\/page"}],"author":[{"embeddable":true,"href":"https:\/\/wordpress.nibis.de\/opgs\/wp-json\/wp\/v2\/users\/9192565"}],"replies":[{"embeddable":true,"href":"https:\/\/wordpress.nibis.de\/opgs\/wp-json\/wp\/v2\/comments?post=52"}],"version-history":[{"count":11,"href":"https:\/\/wordpress.nibis.de\/opgs\/wp-json\/wp\/v2\/pages\/52\/revisions"}],"predecessor-version":[{"id":2688,"href":"https:\/\/wordpress.nibis.de\/opgs\/wp-json\/wp\/v2\/pages\/52\/revisions\/2688"}],"up":[{"embeddable":true,"href":"https:\/\/wordpress.nibis.de\/opgs\/wp-json\/wp\/v2\/pages\/15"}],"wp:attachment":[{"href":"https:\/\/wordpress.nibis.de\/opgs\/wp-json\/wp\/v2\/media?parent=52"}],"curies":[{"name":"wp","href":"https:\/\/api.w.org\/{rel}","templated":true}]}}