{"id":546,"date":"2018-04-10T11:32:16","date_gmt":"2018-04-10T09:32:16","guid":{"rendered":"http:\/\/wordpress.nibis.de\/opgs\/?page_id=546"},"modified":"2018-04-10T11:50:33","modified_gmt":"2018-04-10T09:50:33","slug":"impressum","status":"publish","type":"page","link":"https:\/\/wordpress.nibis.de\/opgs\/impressum\/","title":{"rendered":"Impressum"},"content":{"rendered":"<p>[:de]<\/p>\n<p class=\"Wp-Textk\u00f6rper-2-P\"><span class=\"Textk\u00f6rper-2-C\">Otfried-Preu\u00dfler-Grundschule<\/span><\/p>\n<p class=\"Wp-Textk\u00f6rper-2-P\"><span class=\"Textk\u00f6rper-2-C\">Birkenstra\u00dfe 12<\/span><\/p>\n<p class=\"Wp-Textk\u00f6rper-2-P\"><span class=\"Wp-Platzhalter-C Sz-Platzhalter-C-160px\">30171 Hannover<\/span><\/p>\n<p class=\"Wp-Textk\u00f6rper-2-P\"><span class=\"Wp-Platzhalter-C Sz-Platzhalter-C-160px\">Telefon: 0511-168-454-99<\/span><\/p>\n<p class=\"Wp-Textk\u00f6rper-2-P\"><span class=\"Wp-Platzhalter-C Sz-Platzhalter-C-160px\">Telefax: 0511-168-454-84<\/span><\/p>\n<p class=\"Textk\u00f6rper-2-P\" style=\"text-align: justify\"><span class=\"Wp-Platzhalter-C Sz-Platzhalter-C-160px\">Dienstanbieter im Sinne des Telemediengesetztes ist das Land Niedersachsen. Das Land Niedersachsen stellt eine juristische Person des \u00f6ffentlichen Rechts dar und wird im Bezug auf diese Homepage vertreten durch<\/span><\/p>\n<p class=\"Textk\u00f6rper-2-P\" style=\"text-align: justify\"><span class=\"Wp-Platzhalter-C Sz-Platzhalter-C-160px\">Frau A. Vanin (Schulleitung)<\/span><\/p>\n<p class=\"Textk\u00f6rper-2-P\" style=\"text-align: justify\"><span class=\"Wp-Platzhalter-C Sz-Platzhalter-C-160px\">***************<\/span><\/p>\n<p class=\"Textk\u00f6rper-2-P\" style=\"text-align: justify\"><span class=\"Wp-Platzhalter-C Sz-Platzhalter-C-160px\">Hinweis nach \u00a76 Anbieterkennzeichnung des TDG (Teledienstgesetz):<\/span><\/p>\n<p class=\"Textk\u00f6rper-2-P\" style=\"text-align: justify\"><span class=\"Wp-Platzhalter-C Sz-Platzhalter-C-160px\">Die in den Internetseiten der Otfried-Preu\u00dfler-Grundschule enthaltenen Informationen wurden sorgf\u00e4ltig gepr\u00fcft und unterliegen st\u00e4ndiger Aktualisierung, Erg\u00e4nzung und \u00c4nderung. F\u00fcr Richtigkeit, Vollst\u00e4ndigkeit und Aktualit\u00e4t wird jedoch keinerlei Haftung \u00fcbernommen.<\/span><\/p>\n<p class=\"Textk\u00f6rper-2-P\" style=\"text-align: justify\"><span class=\"Wp-Platzhalter-C Sz-Platzhalter-C-160px\">F\u00fcr Inhalte und Erreichbarkeit der Internetseiten Dritter, zu denen von der Otfried-Preu\u00dfler-Grundschule verwiesen wird, tragen die jeweiligen Anbieter die alleinige Verantwortung.<\/span><\/p>\n<p class=\"Textk\u00f6rper-2-P\" style=\"text-align: justify\"><span class=\"Wp-Platzhalter-C Sz-Platzhalter-C-160px\">Ebenfalls wird keine Haftung f\u00fcr die Inhalte von Internetseiten \u00fcbernommen, von denen aus auf die Otfried-Preu\u00dfler-Grundschule verwiesen wird.<\/span><\/p>\n<p class=\"Textk\u00f6rper-2-P\" style=\"text-align: justify\"><span class=\"Wp-Platzhalter-C Sz-Platzhalter-C-160px\">Inhalt, Struktur und Gestaltung der Internetseiten der Otfried-Preu\u00dfler-Grundschule sind urheberrechtlich gesch\u00fctzt.<\/span><\/p>\n<p class=\"Wp-Textk\u00f6rper-2-P\" style=\"text-align: justify\"><span class=\"Wp-Platzhalter-C Sz-Platzhalter-C-160px\">Die Publikation oder Vervielf\u00e4ltigung jedweder Daten durch Dritte bedarf der ausdr\u00fccklichen vorherigen Zustimmung durch die Otfried-Preu\u00dfler-Grundschule.<\/span><\/p>\n<p>[:]<\/p>\n","protected":false},"excerpt":{"rendered":"<p>[:de] Otfried-Preu\u00dfler-Grundschule Birkenstra\u00dfe 12 30171 Hannover Telefon: 0511-168-454-99 Telefax: 0511-168-454-84 Dienstanbieter im Sinne des Telemediengesetztes ist das Land Niedersachsen. Das Land Niedersachsen stellt eine juristische Person des \u00f6ffentlichen Rechts dar und wird im Bezug auf diese Homepage vertreten durch Frau A. Vanin (Schulleitung) *************** Hinweis nach \u00a76 Anbieterkennzeichnung des TDG (Teledienstgesetz): Die in den Internetseiten [&hellip;]<\/p>\n","protected":false},"author":9192565,"featured_media":0,"parent":0,"menu_order":0,"comment_status":"closed","ping_status":"closed","template":"","meta":{"footnotes":""},"class_list":["post-546","page","type-page","status-publish","hentry"],"_links":{"self":[{"href":"https:\/\/wordpress.nibis.de\/opgs\/wp-json\/wp\/v2\/pages\/546","targetHints":{"allow":["GET"]}}],"collection":[{"href":"https:\/\/wordpress.nibis.de\/opgs\/wp-json\/wp\/v2\/pages"}],"about":[{"href":"https:\/\/wordpress.nibis.de\/opgs\/wp-json\/wp\/v2\/types\/page"}],"author":[{"embeddable":true,"href":"https:\/\/wordpress.nibis.de\/opgs\/wp-json\/wp\/v2\/users\/9192565"}],"replies":[{"embeddable":true,"href":"https:\/\/wordpress.nibis.de\/opgs\/wp-json\/wp\/v2\/comments?post=546"}],"version-history":[{"count":2,"href":"https:\/\/wordpress.nibis.de\/opgs\/wp-json\/wp\/v2\/pages\/546\/revisions"}],"predecessor-version":[{"id":553,"href":"https:\/\/wordpress.nibis.de\/opgs\/wp-json\/wp\/v2\/pages\/546\/revisions\/553"}],"wp:attachment":[{"href":"https:\/\/wordpress.nibis.de\/opgs\/wp-json\/wp\/v2\/media?parent=546"}],"curies":[{"name":"wp","href":"https:\/\/api.w.org\/{rel}","templated":true}]}}