{"id":229,"date":"2018-02-10T07:30:09","date_gmt":"2018-02-10T05:30:09","guid":{"rendered":"http:\/\/wordpress.nibis.de\/orth\/?page_id=229"},"modified":"2023-12-17T11:26:19","modified_gmt":"2023-12-17T09:26:19","slug":"materialsammlung-erklaervideos","status":"publish","type":"page","link":"https:\/\/wordpress.nibis.de\/orth\/materialsammlung-erklaervideos\/","title":{"rendered":"Materialsammlungen"},"content":{"rendered":"<h2>Allgemeine Anleitungen<\/h2>\n<p><a href=\"http:\/\/wordpress.nibis.de\/orth\/files\/smartphone-1445489_1920.jpg\"><img loading=\"lazy\" decoding=\"async\" class=\"alignnone size-medium wp-image-285\" src=\"http:\/\/wordpress.nibis.de\/orth\/files\/smartphone-1445489_1920-300x134.jpg\" alt=\"\" width=\"300\" height=\"134\" srcset=\"https:\/\/wordpress.nibis.de\/orth\/files\/smartphone-1445489_1920-300x134.jpg 300w, https:\/\/wordpress.nibis.de\/orth\/files\/smartphone-1445489_1920-768x342.jpg 768w, https:\/\/wordpress.nibis.de\/orth\/files\/smartphone-1445489_1920-1024x456.jpg 1024w, https:\/\/wordpress.nibis.de\/orth\/files\/smartphone-1445489_1920.jpg 1920w\" sizes=\"auto, (max-width: 300px) 100vw, 300px\" \/><\/a><\/p>\n<h3>Einen guten Einstieg bietet das Skript vom LWL-Medienzentrum f\u00fcr Westfalen. Das Material gibt einen kurzen \u00dcberblick \u00fcber die drei Erkl\u00e4rvideo-Formate Explainity-Clip, How-To-Video und Erkl\u00e4rvideo im Vlogging-Stil anhand von verschiedenen Beispielen.<\/h3>\n<p><em>Herausgeber FILM+SCHULE NRW, LWL-Medienzentrum f\u00fcr Westfalen, F\u00fcrstenbergstra\u00dfe 13-15, 48147 M\u00fcnster, www.filmundschule.nrw.de, &#102;i&#x6c;m&#x75;n&#x64;&#115;&#x63;&#104;&#x75;&#108;e&#x2e;n&#x72;w&#x40;&#108;&#x77;&#108;&#x2e;&#111;&#x72;&#103;<\/em><\/p>\n<p><a href=\"http:\/\/www.lwl.org\/film-und-schule-download\/Unterrichtsmaterial\/Erkl%C3%A4rvideos-im-Unterricht.pdf\">Erkl\u00e4rvideos im Unterricht Einstieg in die Filmbildung mit YouTube &#8211; Formaten\u00a0<\/a><\/p>\n<hr \/>\n<h3>Einen ausf\u00fchrlicheren \u00dcberblick gibt:<\/h3>\n<p><em>Sch\u00f6n, Sandra &amp; Ebner, Martin (2013). Gute Lernvideos \u2026 so gelingen Web-Videos zum Lernen!<\/em> Online zug\u00e4nglich unter: <a href=\"http:\/\/bimsev.de\/n\/userfiles\/downloads\/gute-lernvideos.pdf\">http:\/\/bimsev.de\/n\/userfiles\/downloads\/gute-lernvideos.pdf<\/a><\/p>\n<hr \/>\n<h2>N\u00fctzliche Werkzeuge<\/h2>\n<p><a href=\"http:\/\/wordpress.nibis.de\/orth\/files\/Shotcut-logo-64.png\"><img loading=\"lazy\" decoding=\"async\" class=\"alignnone wp-image-249 \" src=\"http:\/\/wordpress.nibis.de\/orth\/files\/Shotcut-logo-64-300x96.png\" alt=\"\" width=\"116\" height=\"37\" srcset=\"https:\/\/wordpress.nibis.de\/orth\/files\/Shotcut-logo-64-300x96.png 300w, https:\/\/wordpress.nibis.de\/orth\/files\/Shotcut-logo-64.png 474w\" sizes=\"auto, (max-width: 116px) 100vw, 116px\" \/><\/a><\/p>\n<p>Shotcut ist ein kostenloses Open Source Videobearbeitungsprogramm, mit dem sich Filme relativ einfach schneiden und zusammensetzen lassen. Dar\u00fcber hinaus bietet Shortcut zahlreiche Effekte und die M\u00f6glichkeit mit mehreren Spuren zu arbeiten.<br \/>\n<a href=\"https:\/\/shotcut.org\/download\/\">https:\/\/shotcut.org\/download\/<\/a><\/p>\n<hr \/>\n<h3>Sehr einfach zu bedienen ist der von <strong>Microsoft<\/strong> angebotene <strong>Movie Maker<\/strong><\/h3>\n<p><a href=\"https:\/\/www.windows-movie-maker.org\/de\/\">https:\/\/www.windows-movie-maker.org\/de\/<\/a><\/p>\n<hr \/>\n<h3>Videos lassen sich relativ schnell auch als PowerPoint-Pr\u00e4sentationen erzeugen.<\/h3>\n<p><a href=\"http:\/\/wordpress.nibis.de\/orth\/files\/Videos-erstellen-mit-MS1.pdf\">Videos erstellen mit MS PowerPoint<\/a><\/p>\n<hr \/>\n<h3>Open Sankor\u00e9 und Open Board<\/h3>\n<p>OpenBoard wird von der Genfer Bildungsverwaltung entwickelt und basiert auf Open Sankor\u00e9. <a href=\"http:\/\/openboard.ch\/index.en.html\">Zur Projektsite und Download <\/a><\/p>\n<p><a href=\"http:\/\/wordpress.nibis.de\/orth\/files\/opensankore.jpg\"><img loading=\"lazy\" decoding=\"async\" class=\"alignnone wp-image-247\" src=\"http:\/\/wordpress.nibis.de\/orth\/files\/opensankore-300x169.jpg\" alt=\"\" width=\"250\" height=\"141\" srcset=\"https:\/\/wordpress.nibis.de\/orth\/files\/opensankore-300x169.jpg 300w, https:\/\/wordpress.nibis.de\/orth\/files\/opensankore-768x432.jpg 768w, https:\/\/wordpress.nibis.de\/orth\/files\/opensankore-1024x576.jpg 1024w, https:\/\/wordpress.nibis.de\/orth\/files\/opensankore.jpg 1920w\" sizes=\"auto, (max-width: 250px) 100vw, 250px\" \/><\/a><br \/>\nDie freie Software Open Sankor\u00e9 bietet dar\u00fcber hinaus auch die M\u00f6glichkeit Tafelanschriebe am Active Board aufzuzeichnen. Die Software wird mittlerweile auch unter dem Namen Open-Board angeboten.<br \/>\nDie Portable Version gibt es (bisher nur in franz\u00f6sischer Sprache) unter<br \/>\n<a href=\"https:\/\/framakey.org\/telecharger\/applications-portables-libres\">Open Sankor\u00e9 portable (Men\u00fcpunkt Education)<\/a><\/p>\n<hr \/>\n<p>Piktogramme f\u00fcr Erkl\u00e4rvideos gibt es u.a. bei der freien Software<br \/>\n<a href=\"https:\/\/www.pictoselector.eu\/\">Pictoselector<\/a><\/p>\n","protected":false},"excerpt":{"rendered":"<p>Allgemeine Anleitungen Einen guten Einstieg bietet das Skript vom LWL-Medienzentrum f\u00fcr Westfalen. Das Material gibt einen kurzen \u00dcberblick \u00fcber die drei Erkl\u00e4rvideo-Formate Explainity-Clip, How-To-Video und Erkl\u00e4rvideo im Vlogging-Stil anhand von verschiedenen Beispielen. Herausgeber FILM+SCHULE NRW, LWL-Medienzentrum f\u00fcr Westfalen, F\u00fcrstenbergstra\u00dfe 13-15,<\/p>\n<div class=\"more-link\"><a href=\"https:\/\/wordpress.nibis.de\/orth\/materialsammlung-erklaervideos\/\">weiterlesen &#8230;<\/a><\/div>\n<p><br class=\"clearBoth_noheight\" \/><\/p>\n","protected":false},"author":376,"featured_media":0,"parent":0,"menu_order":0,"comment_status":"closed","ping_status":"closed","template":"","meta":{"footnotes":""},"class_list":["post-229","page","type-page","status-publish","hentry"],"_links":{"self":[{"href":"https:\/\/wordpress.nibis.de\/orth\/wp-json\/wp\/v2\/pages\/229","targetHints":{"allow":["GET"]}}],"collection":[{"href":"https:\/\/wordpress.nibis.de\/orth\/wp-json\/wp\/v2\/pages"}],"about":[{"href":"https:\/\/wordpress.nibis.de\/orth\/wp-json\/wp\/v2\/types\/page"}],"author":[{"embeddable":true,"href":"https:\/\/wordpress.nibis.de\/orth\/wp-json\/wp\/v2\/users\/376"}],"replies":[{"embeddable":true,"href":"https:\/\/wordpress.nibis.de\/orth\/wp-json\/wp\/v2\/comments?post=229"}],"version-history":[{"count":23,"href":"https:\/\/wordpress.nibis.de\/orth\/wp-json\/wp\/v2\/pages\/229\/revisions"}],"predecessor-version":[{"id":668,"href":"https:\/\/wordpress.nibis.de\/orth\/wp-json\/wp\/v2\/pages\/229\/revisions\/668"}],"wp:attachment":[{"href":"https:\/\/wordpress.nibis.de\/orth\/wp-json\/wp\/v2\/media?parent=229"}],"curies":[{"name":"wp","href":"https:\/\/api.w.org\/{rel}","templated":true}]}}