{"id":255,"date":"2018-02-10T15:28:17","date_gmt":"2018-02-10T13:28:17","guid":{"rendered":"http:\/\/wordpress.nibis.de\/orth\/?page_id=255"},"modified":"2023-12-17T13:23:16","modified_gmt":"2023-12-17T11:23:16","slug":"fortbildung-erklaervideos","status":"publish","type":"page","link":"https:\/\/wordpress.nibis.de\/orth\/fortbildung-erklaervideos\/","title":{"rendered":"Fortbildung Erkl\u00e4rvideos"},"content":{"rendered":"<h2><strong>Abrufangebot Fortbildung &#8218;Mit einfachen Texten und visueller Gestaltung komplizierte Sachverhalte erkl\u00e4ren&#8216; &#8211; Erkl\u00e4rvideos erstellen. (Abrufangebot)<\/strong><\/h2>\n<p><iframe loading=\"lazy\"  id=\"_ytid_17343\"  width=\"640\" height=\"360\"  data-origwidth=\"640\" data-origheight=\"360\" src=\"https:\/\/www.youtube.com\/embed\/jlHY0MXYVX0?enablejsapi=1&#038;autoplay=0&#038;cc_load_policy=0&#038;cc_lang_pref=&#038;iv_load_policy=1&#038;loop=0&#038;rel=1&#038;fs=1&#038;playsinline=0&#038;autohide=2&#038;theme=dark&#038;color=red&#038;controls=1&#038;disablekb=0&#038;\" class=\"__youtube_prefs__  epyt-is-override  no-lazyload\" title=\"YouTube player\"  allow=\"fullscreen; accelerometer; autoplay; clipboard-write; encrypted-media; gyroscope; picture-in-picture; web-share\" referrerpolicy=\"strict-origin-when-cross-origin\" allowfullscreen data-no-lazy=\"1\" data-skipgform_ajax_framebjll=\"\"><\/iframe><\/p>\n<ul>\n<li><strong>Vorteile von Erkl\u00e4rvideos<\/strong><\/li>\n<li><strong>Formen<\/strong><\/li>\n<li><strong>Hilfsmittel und Werkzeuge<\/strong><\/li>\n<li><strong>Erkl\u00e4rvideos erstelle <\/strong>\n<ul>\n<li><em>Planen<\/em><\/li>\n<li><em>Aufnehmen<\/em><\/li>\n<li><em>Bearbeiten<\/em><\/li>\n<\/ul>\n<\/li>\n<li><strong>Einbindung von Merlin Medien<\/strong><\/li>\n<li><strong>Unterrichtsbeispiele<\/strong><\/li>\n<\/ul>\n<p><strong>Inhalt<br \/>\n<\/strong><\/p>\n<p>Der Zeitaufwand und die Technik, mit der man sich erst einmal vertraut machen musste, hinderten bisher viele Lehrkr\u00e4fte daran, eigene Filme im Unterricht von den Sch\u00fclern produzieren zu lassen.<\/p>\n<p>Mit Erkl\u00e4r-Videos geht dies relativ einfach und unkompliziert. Mit geringem technischem Aufwand (Pr\u00e4sentationsprogramme, Smartphone\/Tablet\/Kamera und Stativ, Schere, Papier, Stifte) kann man Sch\u00fclerinnen und Sch\u00fcler jeden beliebigen Unterrichtsstoff erkl\u00e4ren lassen &#8211; vom Fremdsprachenbereich bis zu Biologie, Geschichte und<br \/>\nWirtschaft.<\/p>\n<p>Es bleibt den Sch\u00fclerinnen und Sch\u00fclern also mehr Zeit f\u00fcr die Entwicklung des Drehbuchs. Das will gut durchdacht sein. Denn in Erkl\u00e4rvideos kommt es darauf an, mit einfachen und pr\u00e4gnanten Texten verbunden mit einer durchdachten visuellen Gestaltung komplizierte Sachverhalte zu erkl\u00e4ren. Das schult Ausdrucks- und Sprachkompetenzen. Die technische Umsetzung ist relativ einfach, es wird nur eine Kamera mit Stativ, Smartphone oder Tablet ben\u00f6tigt. Dar\u00fcber hinaus lassen sich Erkl\u00e4rvideos aus Pr\u00e4sentationen und \u00fcber Interaktive Tafeln erstellen. Hilfreich k\u00f6nnen hier auch bestehende Videos und digitale Dokumente sein, wie Sie f\u00fcr Lehrerinnen und Lehrer \u00fcber den Merlin-Server zur Verf\u00fcgung gestellt werden.<\/p>\n<p>m\u00f6gliche Kooperationspartner: Multimediamobil der NLM &#8211; Guido Bauhammer<\/p>\n<p>Zielsetzung: Diese Fortbildung zeigt, wie man mit einfachen Werkzeugen Erkl\u00e4rvideos im Unterricht erstellen kann. Dar\u00fcber hinaus werden die Bedienung und die Nutzungsbedingugen des Merlin-Servers vorgestellt. In der Merlin-Datenbank finden Sie Filme, Grafiken, Arbeitsbl\u00e4tter, weiterf\u00fchrende Infos und methodisch-didaktische Hinweise f\u00fcr Ihren Unterricht.<\/p>\n<p>Schulform: beliebig, ca. 4 Stunden<\/p>\n<p>&nbsp;<\/p>\n","protected":false},"excerpt":{"rendered":"<p>Abrufangebot Fortbildung &#8218;Mit einfachen Texten und visueller Gestaltung komplizierte Sachverhalte erkl\u00e4ren&#8216; &#8211; Erkl\u00e4rvideos erstellen. (Abrufangebot) Vorteile von Erkl\u00e4rvideos Formen Hilfsmittel und Werkzeuge Erkl\u00e4rvideos erstelle Planen Aufnehmen Bearbeiten Einbindung von Merlin Medien Unterrichtsbeispiele Inhalt Der Zeitaufwand und die Technik, mit der<\/p>\n<div class=\"more-link\"><a href=\"https:\/\/wordpress.nibis.de\/orth\/fortbildung-erklaervideos\/\">weiterlesen &#8230;<\/a><\/div>\n<p><br class=\"clearBoth_noheight\" \/><\/p>\n","protected":false},"author":376,"featured_media":0,"parent":0,"menu_order":0,"comment_status":"closed","ping_status":"closed","template":"","meta":{"footnotes":""},"class_list":["post-255","page","type-page","status-publish","hentry"],"_links":{"self":[{"href":"https:\/\/wordpress.nibis.de\/orth\/wp-json\/wp\/v2\/pages\/255","targetHints":{"allow":["GET"]}}],"collection":[{"href":"https:\/\/wordpress.nibis.de\/orth\/wp-json\/wp\/v2\/pages"}],"about":[{"href":"https:\/\/wordpress.nibis.de\/orth\/wp-json\/wp\/v2\/types\/page"}],"author":[{"embeddable":true,"href":"https:\/\/wordpress.nibis.de\/orth\/wp-json\/wp\/v2\/users\/376"}],"replies":[{"embeddable":true,"href":"https:\/\/wordpress.nibis.de\/orth\/wp-json\/wp\/v2\/comments?post=255"}],"version-history":[{"count":6,"href":"https:\/\/wordpress.nibis.de\/orth\/wp-json\/wp\/v2\/pages\/255\/revisions"}],"predecessor-version":[{"id":672,"href":"https:\/\/wordpress.nibis.de\/orth\/wp-json\/wp\/v2\/pages\/255\/revisions\/672"}],"wp:attachment":[{"href":"https:\/\/wordpress.nibis.de\/orth\/wp-json\/wp\/v2\/media?parent=255"}],"curies":[{"name":"wp","href":"https:\/\/api.w.org\/{rel}","templated":true}]}}