{"id":260,"date":"2018-02-10T15:29:34","date_gmt":"2018-02-10T13:29:34","guid":{"rendered":"http:\/\/wordpress.nibis.de\/orth\/?page_id=260"},"modified":"2022-05-13T07:20:47","modified_gmt":"2022-05-13T05:20:47","slug":"schuleigenes-medienkonzept-entwickeln","status":"publish","type":"page","link":"https:\/\/wordpress.nibis.de\/orth\/schuleigenes-medienkonzept-entwickeln\/","title":{"rendered":"Medienbildungskonzept"},"content":{"rendered":"<h2 class=\"categorie\"><a href=\"https:\/\/vedab.de\/veranstaltungsdetails.php?vid=99759\">Schuleigenes Medienbildungskonzept entwickeln (Fortbildungsmuster)<\/a><\/h2>\n<h2><a href=\"https:\/\/vedab.de\/veranstaltungsdetails.php?vid=128475\">Digitalpakt f\u00fcr Schulen (alle Schulformen) &#8211; Fortbildungsbeispiel<\/a><\/h2>\n<h2><a href=\"http:\/\/wordpress.nibis.de\/orth\/files\/learn-2001838_1920.jpg\"><img loading=\"lazy\" decoding=\"async\" class=\"alignnone size-medium wp-image-274\" src=\"http:\/\/wordpress.nibis.de\/orth\/files\/learn-2001838_1920-300x175.jpg\" alt=\"\" width=\"300\" height=\"175\" srcset=\"https:\/\/wordpress.nibis.de\/orth\/files\/learn-2001838_1920-300x175.jpg 300w, https:\/\/wordpress.nibis.de\/orth\/files\/learn-2001838_1920-768x449.jpg 768w, https:\/\/wordpress.nibis.de\/orth\/files\/learn-2001838_1920-1024x598.jpg 1024w, https:\/\/wordpress.nibis.de\/orth\/files\/learn-2001838_1920.jpg 1920w\" sizes=\"auto, (max-width: 300px) 100vw, 300px\" \/><\/a><\/h2>\n<blockquote><p>Quelle: https:\/\/pixabay.com\/de\/lernen-schule-sch%C3%BClerin-2001838; CCO<\/p><\/blockquote>\n<div class=\"listdetails\">\n<div id=\"adressaten\" class=\"zeile\">\n<div class=\"categorie\"><\/div>\n<\/div>\n<div id=\"description\" class=\"zeile\">\n<h2><a href=\"https:\/\/www.google.de\/url?sa=t&amp;rct=j&amp;q=&amp;esrc=s&amp;source=web&amp;cd=&amp;cad=rja&amp;uact=8&amp;ved=2ahUKEwj8o6ym3dv3AhUbR_EDHQIWAhsQFnoECAYQAQ&amp;url=https%3A%2F%2Fdigitaleschule.niedersachsen.de%2Fdownload%2F178000%2FMBK_Checkliste_fuer_berufsbildende_Schulen.pdf&amp;usg=AOvVaw1nEcW7bZTNPNO0691IIhic\">Checkliste Medienbildungskonzept BBS<\/a><\/h2>\n<h2 class=\"categorie\">Beschreibung<\/h2>\n<div class=\"values\">\n<p>Ob soziale Netzwerke, Smartphones oder Computerspiele \u2013 der Umgang mit digitalen Medien ist f\u00fcr unsere Sch\u00fclerinnen und Sch\u00fcler l\u00e4ngst Bestandteil ihres Alltags geworden. Viele Schulen versuchen, dieser Entwicklung gerecht zu werden, indem sie digitale Medien zum Thema machen oder in den Unterricht mit einbeziehen.<\/p>\n<p>Medienbildung wird idealerweise im Rahmen eines schulischen Medienbildungskonzepts realisiert. Hier werden fachliche Inhalte der schuleigenen Arbeitspl\u00e4ne mit Medienbildungskompetenzen (auch f\u00e4cher\u00fcbergreifend) sinnvoll vernetzt. Dar\u00fcber hinaus ist die Erstellung eines Medienbildungskonzepts ein verbindlicher Teil der Schulprogrammarbeit. Dem Schultr\u00e4ger kann dieses Konzept als Orientierung f\u00fcr den kommunalen Medienentwicklungsplan dienen. Investitionen k\u00f6nnen somit langfristig und sinnvoll geplant werden.<\/p>\n<p>Ziel dieser Modulfortbildung soll es sein, vor dem Hintergrund des Orientierungsrahmens Medienbildung die Prozessabl\u00e4ufe auf dem Weg zu einem schuleigenen Medienkonzept kennenzulernen, dabei geeignete Formulare und Materialen einzusetzen und bestehende auch prozessbegleitende Unterst\u00fctzungsm\u00f6glichkeiten in Anspruch zu nehmen.<\/p>\n<p>Wichtig f\u00fcr die Entwicklung eines Medienkonzeptes ist es erfahrungsgem\u00e4\u00df auch, einen Einblick in die vielf\u00e4ltigen Nutzungsm\u00f6glichkeiten von digitalen Medien im Unterricht zu bekommen. Im ersten Teil der Fortbildung (Modul I) wird es deshalb darum gehen, im Rahmen von verschiedenen Workshops eine Vorstellung davon zu bekommen, wie Unterrichtsprozesse und letztlich der Kompetenzerwerb der Sch\u00fclerinnen und Sch\u00fcler durch digitale Medien unterst\u00fctzt und optimiert werden k\u00f6nnen. Hier geht es u.a. auch darum, digitale Medien im Unterricht zu thematisieren, um einen verantwortungsbewussten und reflektierten Umgang mit Medien zu f\u00f6rdern. Dabei werden sowohl die Auswahl und Nutzung von Medienangeboten als auch die eigene Gestaltung von Medienangeboten angesprochen.<\/p>\n<p>Darauf aufbauend (Modul II) werden die notwendigen Prozessabl\u00e4ufe zur Entwicklung eines Medienkonzeptes vorgestellt. In diesem Zusammenhang werden den Teilnehmenden geeignete Materialien, Unterst\u00fctzungs- und Fortbildungsm\u00f6glichkeiten vorgestellt und erste Schritte zur Er- oder \u00dcberarbeitung eines Medienkonzeptes entwickelt.<br \/>\nZiel der Veranstaltung soll auch eine Vernetzung der teilnehmenden Schulen mit ggf. weiteren Arbeitstreffen und Fortbildungen sein.<\/p>\n<p><b>Modul I: ca. 5 Zeitstunden<\/b><br \/>\n1. Der Orientierungsrahmen Medienkompetenz<br \/>\n2. Digitale Medien im Unterricht einsetzten \u2013 Unterrichtsbeispiele und Kompetenzen (Markt der M\u00f6glichkeiten)<br \/>\nz.B. Arbeiten mit Merlin Medien, Einsatz von Tablets und Smartphones im Unterricht, Arbeiten mit digitalen Whiteboards, Filmarbeit mit dem VLC-Player, Erkl\u00e4rvideos, Websitegestaltung etc.<br \/>\n3. Qualit\u00e4tskriterien f\u00fcr die Entwicklung eines Medienkonzeptes<\/p>\n<p><b>Modul II: ca. 5 Zeitstunden<\/b><br \/>\n1. Phasen der Konzeptentwicklung<br \/>\n2. Ziele formulieren: Schwerpunkte, Kompetenzen, Fortbildungsbedarf<br \/>\n3. Konzept formulieren: Vorhandenes und Zuk\u00fcnftiges verkn\u00fcpfen<br \/>\n4. Weiteres Vorgehen planen\/Unterst\u00fctzungsm\u00f6glichkeiten<br \/>\n5. Feedback<\/p>\n<\/div>\n<\/div>\n<\/div>\n","protected":false},"excerpt":{"rendered":"<p>Schuleigenes Medienbildungskonzept entwickeln (Fortbildungsmuster) Digitalpakt f\u00fcr Schulen (alle Schulformen) &#8211; Fortbildungsbeispiel Quelle: https:\/\/pixabay.com\/de\/lernen-schule-sch%C3%BClerin-2001838; CCO Checkliste Medienbildungskonzept BBS Beschreibung Ob soziale Netzwerke, Smartphones oder Computerspiele \u2013 der Umgang mit digitalen Medien ist f\u00fcr unsere Sch\u00fclerinnen und Sch\u00fcler l\u00e4ngst Bestandteil ihres Alltags<\/p>\n<div class=\"more-link\"><a href=\"https:\/\/wordpress.nibis.de\/orth\/schuleigenes-medienkonzept-entwickeln\/\">weiterlesen &#8230;<\/a><\/div>\n<p><br class=\"clearBoth_noheight\" \/><\/p>\n","protected":false},"author":376,"featured_media":0,"parent":0,"menu_order":0,"comment_status":"closed","ping_status":"closed","template":"","meta":{"footnotes":""},"class_list":["post-260","page","type-page","status-publish","hentry"],"_links":{"self":[{"href":"https:\/\/wordpress.nibis.de\/orth\/wp-json\/wp\/v2\/pages\/260","targetHints":{"allow":["GET"]}}],"collection":[{"href":"https:\/\/wordpress.nibis.de\/orth\/wp-json\/wp\/v2\/pages"}],"about":[{"href":"https:\/\/wordpress.nibis.de\/orth\/wp-json\/wp\/v2\/types\/page"}],"author":[{"embeddable":true,"href":"https:\/\/wordpress.nibis.de\/orth\/wp-json\/wp\/v2\/users\/376"}],"replies":[{"embeddable":true,"href":"https:\/\/wordpress.nibis.de\/orth\/wp-json\/wp\/v2\/comments?post=260"}],"version-history":[{"count":12,"href":"https:\/\/wordpress.nibis.de\/orth\/wp-json\/wp\/v2\/pages\/260\/revisions"}],"predecessor-version":[{"id":591,"href":"https:\/\/wordpress.nibis.de\/orth\/wp-json\/wp\/v2\/pages\/260\/revisions\/591"}],"wp:attachment":[{"href":"https:\/\/wordpress.nibis.de\/orth\/wp-json\/wp\/v2\/media?parent=260"}],"curies":[{"name":"wp","href":"https:\/\/api.w.org\/{rel}","templated":true}]}}