{"id":277,"date":"2018-02-11T08:49:23","date_gmt":"2018-02-11T06:49:23","guid":{"rendered":"http:\/\/wordpress.nibis.de\/orth\/?page_id=277"},"modified":"2023-12-17T13:21:01","modified_gmt":"2023-12-17T11:21:01","slug":"erklaervideos","status":"publish","type":"page","link":"https:\/\/wordpress.nibis.de\/orth\/erklaervideos\/","title":{"rendered":"Erkl\u00e4rvideos"},"content":{"rendered":"<p><a href=\"http:\/\/wordpress.nibis.de\/orth\/files\/questions-3143431_1920.jpg\"><img loading=\"lazy\" decoding=\"async\" class=\"size-medium wp-image-283 alignleft\" src=\"http:\/\/wordpress.nibis.de\/orth\/files\/questions-3143431_1920-300x199.jpg\" alt=\"\" width=\"300\" height=\"199\" srcset=\"https:\/\/wordpress.nibis.de\/orth\/files\/questions-3143431_1920-300x199.jpg 300w, https:\/\/wordpress.nibis.de\/orth\/files\/questions-3143431_1920-768x508.jpg 768w, https:\/\/wordpress.nibis.de\/orth\/files\/questions-3143431_1920-1024x678.jpg 1024w, https:\/\/wordpress.nibis.de\/orth\/files\/questions-3143431_1920.jpg 1920w\" sizes=\"auto, (max-width: 300px) 100vw, 300px\" \/><\/a>Erkl\u00e4rvideos und Lernvideos liegen im Trend. Es gibt kaum noch Inhalte und T\u00e4tigkeiten zu denen man nicht entsprechende Erkl\u00e4rung und Anleitung auf youtube finden kann. Auch Sch\u00fclerinnen und Sch\u00fcler lassen sich Unterrichtsinhalte immer \u00f6fter auf Youtube erkl\u00e4ren oder erstellen selber Erkl\u00e4rvideos.<\/p>\n<p>Die Methode &#8222;Lernen durch Erkl\u00e4ren\/Lernen durch Lehren&#8220; (engl. &#8218;learning by teaching&#8216;)\u00a0 ist eine sch\u00fclerzentrierte, kooperative Unterrichtsmethode, welche eine selbstst\u00e4ndige und eigenverantwortliche Planung und Durchf\u00fchrung von einzelnen Unterrichtseinheiten durch Sch\u00fclerinnen und Sch\u00fcler unter Anleitung eines Lehrenden beinhaltet. Sie wird seit den 80er Jahren eingesetzt. Wesentlicher Bestandteil ist die \u00dcbertragung von m\u00f6glichst vielen Aufgaben und Funktionen des Lehrenden an die Sch\u00fclerinnen und Sch\u00fcler. Die Methode basiert auf der Vorstellung, dass Lernende nachhaltiger lernen, wenn sie anderen Lernenden bestimmte Inhalte und Vorgehensweisen selbstst\u00e4ndig erkl\u00e4ren.<\/p>\n<p>Der Zeitaufwand und die Technik, mit der man sich erst einmal vertraut machen musste, hinderten bisher viele Lehrkr\u00e4fte daran, eigene Filme im Unterricht von den Sch\u00fclern produzieren zu lassen.<\/p>\n<p>Mit Erkl\u00e4r-Videos geht dies relativ einfach und unkompliziert. Mit geringem technischem Aufwand (Pr\u00e4sentationsprogramme, Smartphone\/Tablet\/Kamera und Stativ, Schere, Papier, Stifte) kann man Sch\u00fclerinnen und Sch\u00fcler jeden beliebigen Unterrichtsstoff erkl\u00e4ren lassen \u2013 vom Fremdsprachenbereich bis zu Biologie, Geschichte und<br \/>\nWirtschaft.<\/p>\n<p>Es bleibt den Sch\u00fclerinnen und Sch\u00fclern also mehr Zeit f\u00fcr die Entwicklung des Drehbuchs. Das will gut durchdacht sein. Denn in Erkl\u00e4rvideos kommt es darauf an, mit einfachen und pr\u00e4gnanten Texten verbunden mit einer durchdachten visuellen Gestaltung komplizierte Sachverhalte zu erkl\u00e4ren. Das schult Ausdrucks- und Sprachkompetenzen. Die technische Umsetzung ist relativ einfach, es wird nur eine Kamera mit Stativ, Smartphone oder Tablet ben\u00f6tigt. Dar\u00fcber hinaus lassen sich Erkl\u00e4rvideos aus Pr\u00e4sentationen und \u00fcber Interaktive Tafeln erstellen. Hilfreich k\u00f6nnen hier auch bestehende Videos und digitale Dokumente sein, wie Sie f\u00fcr Lehrerinnen und Lehrer \u00fcber den Merlin-Server zur Verf\u00fcgung gestellt werden.<\/p>\n","protected":false},"excerpt":{"rendered":"<p>Erkl\u00e4rvideos und Lernvideos liegen im Trend. Es gibt kaum noch Inhalte und T\u00e4tigkeiten zu denen man nicht entsprechende Erkl\u00e4rung und Anleitung auf youtube finden kann. Auch Sch\u00fclerinnen und Sch\u00fcler lassen sich Unterrichtsinhalte immer \u00f6fter auf Youtube erkl\u00e4ren oder erstellen selber<\/p>\n<div class=\"more-link\"><a href=\"https:\/\/wordpress.nibis.de\/orth\/erklaervideos\/\">weiterlesen &#8230;<\/a><\/div>\n<p><br class=\"clearBoth_noheight\" \/><\/p>\n","protected":false},"author":376,"featured_media":0,"parent":0,"menu_order":0,"comment_status":"closed","ping_status":"closed","template":"","meta":{"footnotes":""},"class_list":["post-277","page","type-page","status-publish","hentry"],"_links":{"self":[{"href":"https:\/\/wordpress.nibis.de\/orth\/wp-json\/wp\/v2\/pages\/277","targetHints":{"allow":["GET"]}}],"collection":[{"href":"https:\/\/wordpress.nibis.de\/orth\/wp-json\/wp\/v2\/pages"}],"about":[{"href":"https:\/\/wordpress.nibis.de\/orth\/wp-json\/wp\/v2\/types\/page"}],"author":[{"embeddable":true,"href":"https:\/\/wordpress.nibis.de\/orth\/wp-json\/wp\/v2\/users\/376"}],"replies":[{"embeddable":true,"href":"https:\/\/wordpress.nibis.de\/orth\/wp-json\/wp\/v2\/comments?post=277"}],"version-history":[{"count":5,"href":"https:\/\/wordpress.nibis.de\/orth\/wp-json\/wp\/v2\/pages\/277\/revisions"}],"predecessor-version":[{"id":670,"href":"https:\/\/wordpress.nibis.de\/orth\/wp-json\/wp\/v2\/pages\/277\/revisions\/670"}],"wp:attachment":[{"href":"https:\/\/wordpress.nibis.de\/orth\/wp-json\/wp\/v2\/media?parent=277"}],"curies":[{"name":"wp","href":"https:\/\/api.w.org\/{rel}","templated":true}]}}