{"id":604,"date":"2022-07-10T08:04:30","date_gmt":"2022-07-10T06:04:30","guid":{"rendered":"https:\/\/wordpress.nibis.de\/orth\/?page_id=604"},"modified":"2022-07-10T10:51:12","modified_gmt":"2022-07-10T08:51:12","slug":"unterrichtsprojekte","status":"publish","type":"page","link":"https:\/\/wordpress.nibis.de\/orth\/unterrichtsprojekte\/","title":{"rendered":"Unterrichtsprojekte"},"content":{"rendered":"\n<h2>\u201eM\u00fclltrennung kinderleicht gemacht\u201c &#8211; Multimediales Unterrichtsmaterial zum Thema M\u00fclltrennung<\/h2>\n<p>Im Rahmen der Projektarbeit im Fach <em>Praxis der Unternehmung<\/em> (PDU) im Beruflichen Gymnasium Wirtschaft erstellte das Team \u00a0Mina Bohlmann, Julia Heinrich, Tjara Hilker, Leon H\u00fclsen und Lea Hunholz multimediales Unterrichtsmaterial zum Thema M\u00fclltrennung f\u00fcr Grundschulen.<\/p>\n<iframe loading=\"lazy\"  id=\"_ytid_13143\"  width=\"640\" height=\"360\"  data-origwidth=\"640\" data-origheight=\"360\" src=\"https:\/\/www.youtube.com\/embed\/HS403351YzI?enablejsapi=1&autoplay=0&cc_load_policy=0&cc_lang_pref=&iv_load_policy=1&loop=0&rel=1&fs=1&playsinline=0&autohide=2&theme=dark&color=red&controls=1&disablekb=0&\" class=\"__youtube_prefs__  no-lazyload\" title=\"YouTube player\"  allow=\"fullscreen; accelerometer; autoplay; clipboard-write; encrypted-media; gyroscope; picture-in-picture; web-share\" referrerpolicy=\"strict-origin-when-cross-origin\" allowfullscreen data-no-lazy=\"1\" data-skipgform_ajax_framebjll=\"\"><\/iframe>\n<p>Die Projektarbeit wurde von dem Lehrer*innenteam Tobias Mai (Betriebswirtschaft mit Rechnungswesen\/Controlling) und Dr. Annette Orth (Informationsverarbeitung) begleitet. Im Rahmen des PDU-Projektes mit dem Oberthema \u201eNachhaltigkeit\u201c konnten sich die Sch\u00fclerinnen und Sch\u00fcler ihr Projektthema und die in diesem Rahmen zu erstellenden Produkte selbstst\u00e4ndig w\u00e4hlen.<\/p>\n<p>Aus dem Projektauftrag<\/p>\n<p>\u201eUm zuk\u00fcnftig umweltfreundlicher zu leben, wollen wir mit dem Projekt \u201eM\u00fclltrennung, kinderleicht gemacht\u201c <strong>Kindern<\/strong> schon fr\u00fchzeitig ein <strong>Bewusstsein schaffen<\/strong>, nachhaltig mit der Erde umzugehen. Daf\u00fcr werden wir sie aufkl\u00e4ren, wie sie <strong>selbst\u00e4ndig<\/strong> M\u00fcll trennen k\u00f6nnen und auch die <strong>Eltern mit einbinden<\/strong>, die ihren Kindern dabei helfen k\u00f6nnen.<\/p>\n<p>Um dieses Ziel zu erreichen, erstellen wir<\/p>\n<ul>\n<li>ein Erkl\u00e4rvideo f\u00fcr Kinder zum Thema \u201eRecycling\u201c,<\/li>\n<li>einen <strong>Infoflyer<\/strong> f\u00fcr die Kinder und ihre Eltern, in dem die Inhalte des Erkl\u00e4rvideos wieder aufgenommen werden,<\/li>\n<li>Ein interaktives <strong>Quiz<\/strong>, welches f\u00fcr die Kinder als Veranschaulichung genutzt wird.\u201c<\/li>\n<\/ul>\n<p>Im Rahmen des Projektes hat sich die Gruppe intensiv mit der Umweltbildung an Grundschulen besch\u00e4ftigt. Im fachwissenschaftlichen Teil der Projektarbeit wurden u.a. die Vorgaben des Kerncurriculums, die Wirkung virtueller Lernumgebungen als auch die Abfallvorschriften an Grundschulen analysiert.<\/p>\n<p>Vor diesem Hintergrund wurde das digitale Unterrichtsmaterial entwickelt. <a href=\"https:\/\/wordpress.nibis.de\/orth\/files\/Mueh-mit-Hut-trsp-cleanup.png\"><img loading=\"lazy\" decoding=\"async\" class=\" wp-image-612 alignleft\" src=\"https:\/\/wordpress.nibis.de\/orth\/files\/Mueh-mit-Hut-trsp-cleanup-253x300.png\" alt=\"\" width=\"163\" height=\"193\" srcset=\"https:\/\/wordpress.nibis.de\/orth\/files\/Mueh-mit-Hut-trsp-cleanup-253x300.png 253w, https:\/\/wordpress.nibis.de\/orth\/files\/Mueh-mit-Hut-trsp-cleanup-865x1024.png 865w, https:\/\/wordpress.nibis.de\/orth\/files\/Mueh-mit-Hut-trsp-cleanup-768x910.png 768w, https:\/\/wordpress.nibis.de\/orth\/files\/Mueh-mit-Hut-trsp-cleanup.png 944w\" sizes=\"auto, (max-width: 163px) 100vw, 163px\" \/><\/a>Durch das Material f\u00fchrt das Maskottchen \u201eM\u00fch\u201c in Form einer sprechenden M\u00fclltonne. \u201eM\u00fch\u201c muss in dem Video bestimmte Aufgaben erledigen. Alle Figuren und Elemente wurden mit Gimp entwickelt und dann mit Adobe Animate animiert. Der Videoschnitt erfolgte mit der Software Adobe Premium Pro. Besonderen Wert legte das Sch\u00fcler*innenteam dabei auch auf ein perfekt abgestimmtes Audio.<\/p>\n<p>Mit dem Skript des Videos wurde auch die Struktur f\u00fcr das <a href=\"https:\/\/docs.google.com\/presentation\/d\/1arYr1MMye2SDH-rgj-ucwBy-YAHcCxDMU2zuR0ePCCw\/edit?usp=sharing\">Quiz<\/a> erstellt. Das Quiz bezieht sich auf das Video und ist interaktiv gestaltet, so dass es von den Lehrer*innen als auch von den Sch\u00fcler*innen genutzt werden kann.<\/p>\n<p><a href=\"https:\/\/wordpress.nibis.de\/orth\/files\/quiz.png\" target=\"_blank\" rel=\"noopener\"><img loading=\"lazy\" decoding=\"async\" class=\"wp-image-609 aligncenter\" src=\"https:\/\/wordpress.nibis.de\/orth\/files\/quiz-300x169.png\" alt=\"\" width=\"541\" height=\"305\" srcset=\"https:\/\/wordpress.nibis.de\/orth\/files\/quiz-300x169.png 300w, https:\/\/wordpress.nibis.de\/orth\/files\/quiz.png 605w\" sizes=\"auto, (max-width: 541px) 100vw, 541px\" \/><\/a><\/p>\n<p>Basierend auf den im Video vorgestellten Informationen wurden dann die Texte f\u00fcr den Flyer verfasst. Grafiken und auch das Maskottchen wurden vom Video \u00fcbernommen. Der Flyer enth\u00e4lt neben Infomaterial f\u00fcr die Eltern auch einen \u201eMehrwert\u201c f\u00fcr die Kinder. Mit Hilfe des Flyers kann das Maskottchen \u201eM\u00fch\u201c ausgeschnitten und als Figur nachgebastelt werden.<\/p>\n<p><a href=\"https:\/\/wordpress.nibis.de\/orth\/files\/Muelltrennung-Flyer-Design.pdf\">M\u00fclltrennung Flyer Design<\/a><a href=\"https:\/\/wordpress.nibis.de\/orth\/files\/flyer.png\"><img loading=\"lazy\" decoding=\"async\" class=\"wp-image-608 aligncenter\" src=\"https:\/\/wordpress.nibis.de\/orth\/files\/flyer-300x112.png\" alt=\"\" width=\"680\" height=\"254\" srcset=\"https:\/\/wordpress.nibis.de\/orth\/files\/flyer-300x112.png 300w, https:\/\/wordpress.nibis.de\/orth\/files\/flyer.png 577w\" sizes=\"auto, (max-width: 680px) 100vw, 680px\" \/><\/a><\/p>\n<p>Autorin: Annette Orth<\/p>\n","protected":false},"excerpt":{"rendered":"<p>\u201eM\u00fclltrennung kinderleicht gemacht\u201c &#8211; Multimediales Unterrichtsmaterial zum Thema M\u00fclltrennung Im Rahmen der Projektarbeit im Fach Praxis der Unternehmung (PDU) im Beruflichen Gymnasium Wirtschaft erstellte das Team \u00a0Mina Bohlmann, Julia Heinrich, Tjara Hilker, Leon H\u00fclsen und Lea Hunholz multimediales Unterrichtsmaterial zum<\/p>\n<div class=\"more-link\"><a href=\"https:\/\/wordpress.nibis.de\/orth\/unterrichtsprojekte\/\">weiterlesen &#8230;<\/a><\/div>\n<p><br class=\"clearBoth_noheight\" \/><\/p>\n","protected":false},"author":376,"featured_media":0,"parent":0,"menu_order":0,"comment_status":"closed","ping_status":"closed","template":"","meta":{"footnotes":""},"class_list":["post-604","page","type-page","status-publish","hentry"],"_links":{"self":[{"href":"https:\/\/wordpress.nibis.de\/orth\/wp-json\/wp\/v2\/pages\/604","targetHints":{"allow":["GET"]}}],"collection":[{"href":"https:\/\/wordpress.nibis.de\/orth\/wp-json\/wp\/v2\/pages"}],"about":[{"href":"https:\/\/wordpress.nibis.de\/orth\/wp-json\/wp\/v2\/types\/page"}],"author":[{"embeddable":true,"href":"https:\/\/wordpress.nibis.de\/orth\/wp-json\/wp\/v2\/users\/376"}],"replies":[{"embeddable":true,"href":"https:\/\/wordpress.nibis.de\/orth\/wp-json\/wp\/v2\/comments?post=604"}],"version-history":[{"count":25,"href":"https:\/\/wordpress.nibis.de\/orth\/wp-json\/wp\/v2\/pages\/604\/revisions"}],"predecessor-version":[{"id":646,"href":"https:\/\/wordpress.nibis.de\/orth\/wp-json\/wp\/v2\/pages\/604\/revisions\/646"}],"wp:attachment":[{"href":"https:\/\/wordpress.nibis.de\/orth\/wp-json\/wp\/v2\/media?parent=604"}],"curies":[{"name":"wp","href":"https:\/\/api.w.org\/{rel}","templated":true}]}}