{"id":67,"date":"2014-02-19T14:40:27","date_gmt":"2014-02-19T13:40:27","guid":{"rendered":"http:\/\/wordpress.nibis.de\/rccos\/?page_id=67"},"modified":"2023-12-05T08:10:57","modified_gmt":"2023-12-05T06:10:57","slug":"aktuelles","status":"publish","type":"page","link":"https:\/\/wordpress.nibis.de\/orth\/aktuelles\/","title":{"rendered":"Aktuelles"},"content":{"rendered":"<h2>Aktuelle Fortbildungsangebote<\/h2>\n<p><a href=\"https:\/\/visionschule.medienberatung.online\/\">Vision Schule &#8211; Online Fortbildungsangebot &#8211; 21.02.2024<\/a><\/p>\n<h2>Abrufangebot<br \/>\nDigitale Medien im Wirtschafts- und Politikunterricht einsetzen (4\u00a0 Stunden)<\/h2>\n<p>Digitale Medien bieten eine F\u00fclle von Einsatzm\u00f6glichkeiten im Wirtschafts- und Politikunterricht.<\/p>\n<p>In diesem Workshop geht es in einem <b>ersten Teil<\/b> darum, praktische Einblicke in die Nutzungsbedingungen und Nutzungsm\u00f6glichkeiten der landesweit kostenfrei f\u00fcr Unterrichtszwecke zur Verf\u00fcgung gestellten digitalen Unterrichtsmedien \u201aMerlin\u2018 zu gegeben.<\/p>\n<p>Im <b>zweiten Teil<\/b> werden die vielf\u00e4ltigen M\u00f6glichkeiten, die der VLC-Player als \u201aWerkzeug\u2018 f\u00fcr die Arbeit mit Sachfilmen bietet, vorgestellt. Dar\u00fcber hinaus erfolgt eine kurze Einf\u00fchrung in die freie Interactive Whiteboard Software Open-Board, die mit fast allen erh\u00e4ltlichen digitalen Tafeln und Beamern und den dazugeh\u00f6rigen Fernbedienungen sowie mit Tablets kompatibel ist und mit deren Hilfe sich auch Erkl\u00e4rvideos relativ schnell erstellen lassen.<\/p>\n<p>In einem <b>dritten Teil<\/b> werden Sie in verschiedenen Workshops kreative Formen der Filmarbeit kennenlernen.<br \/>\nInteressant sind hier die M\u00f6glichkeiten, Bilder und Filme mit dem Smartphone bzw. Tablet zu erstellen. Dar\u00fcber hinaus werden wir Filme mit ausgew\u00e4hlten Schnittprogrammen bearbeiten und Filme in ein Pr\u00e4sentationsprogramm integrieren sowie eigene Lernvideos aus PowerPoint-Pr\u00e4sentationen erstellen.<\/p>\n<p>Referentin\/Referent:<br \/>\nDr. Annette Orth, Medienp\u00e4dagogische Beraterin am NLQ\/BBS II Stade<br \/>\nGuido Bauhammer, Multimediamobil Nord-Ost<\/p>\n<p>Ort: nach Vereinbarung<\/p>\n<h2><\/h2>\n<h2>Abrufangebote<\/h2>\n<p><a href=\"http:\/\/wordpress.nibis.de\/orth\/fortbildung-erklaervideos\/\"><strong>Fortbildung &#8218;Mit einfachen Texten und visueller Gestaltung komplizierte Sachverhalte erkl\u00e4ren&#8216; &#8211; Erkl\u00e4rvideos erstellen&#8230;mehr<\/strong><\/a><\/p>\n<p>Der Zeitaufwand und die Technik, mit der man sich erst einmal<br \/>\nvertraut machen musste, hinderten bisher viele Lehrkr\u00e4fte daran, eigene Filme<br \/>\nim Unterricht von den Sch\u00fclern produzieren zu lassen.<\/p>\n<p>Mit Erkl\u00e4r-Videos geht dies relativ einfach und unkompliziert. Mit<br \/>\ngeringem technischem Aufwand (Pr\u00e4sentationsprogramme,<br \/>\nSmartphone\/Tablet\/Kamera und Stativ, Schere, Papier, Stifte) kann man<br \/>\nSch\u00fclerinnen und Sch\u00fcler jeden beliebigen Unterrichtsstoff erkl\u00e4ren<br \/>\nlassen &#8211; vom Fremdsprachenbereich bis zu Biologie, Geschichte und<br \/>\nWirtschaft.<\/p>\n<p>Es bleibt den Sch\u00fclerinnen und Sch\u00fclern also mehr Zeit f\u00fcr die<br \/>\nEntwicklung des Drehbuchs. Das will gut durchdacht sein. Denn in<br \/>\nErkl\u00e4rvideos kommt es darauf an, mit einfachen und pr\u00e4gnanten Texten<br \/>\nverbunden mit einer durchdachten visuellen Gestaltung komplizierte Sachverhalte<br \/>\nzu erkl\u00e4ren. Das schult Ausdrucks- und Sprachkompetenzen.<br \/>\nDie technische Umsetzung ist relativ einfach, es wird nur eine Kamera<br \/>\nmit Stativ, Smartphone oder Tablet ben\u00f6tigt. Dar\u00fcber hinaus lassen<br \/>\nsich Erkl\u00e4rvideos aus Pr\u00e4sentationen und \u00fcber Interaktive Tafeln<br \/>\nerstellen. Hilfreich k\u00f6nnen hier auch bestehende Videos und digitale<br \/>\nDokumente sein, wie Sie f\u00fcr Lehrerinnen und Lehrer \u00fcber den<br \/>\nMerlin-Server zur Verf\u00fcgung gestellt werden.<\/p>\n<p>m\u00f6gliche Kooperationspartner: Multimediamobil der NLM &#8211; Guido<br \/>\nBauhammer<\/p>\n<p>Zielsetzung: Diese Fortbildung zeigt, wie man mit einfachen Werkzeugen<br \/>\nErkl\u00e4rvideos im Unterricht erstellen kann. Dar\u00fcber hinaus werden die<br \/>\nBedienung und die Nutzungsbedingugen des Merlin-Servers vorgestellt.<br \/>\nIn der Merlin-Datenbank finden Sie Filme, Grafiken, Arbeitsbl\u00e4tter,<br \/>\nweiterf\u00fchrende Infos und methodisch-didaktische Hinweise f\u00fcr Ihren<br \/>\nUnterricht.<\/p>\n<p>Schulform: beliebig, ca. 4 Stunden<\/p>\n","protected":false},"excerpt":{"rendered":"<p>Aktuelle Fortbildungsangebote Vision Schule &#8211; Online Fortbildungsangebot &#8211; 21.02.2024 Abrufangebot Digitale Medien im Wirtschafts- und Politikunterricht einsetzen (4\u00a0 Stunden) Digitale Medien bieten eine F\u00fclle von Einsatzm\u00f6glichkeiten im Wirtschafts- und Politikunterricht. In diesem Workshop geht es in einem ersten Teil darum,<\/p>\n<div class=\"more-link\"><a href=\"https:\/\/wordpress.nibis.de\/orth\/aktuelles\/\">weiterlesen &#8230;<\/a><\/div>\n<p><br class=\"clearBoth_noheight\" \/><\/p>\n","protected":false},"author":376,"featured_media":0,"parent":0,"menu_order":0,"comment_status":"closed","ping_status":"closed","template":"","meta":{"footnotes":""},"class_list":["post-67","page","type-page","status-publish","hentry"],"_links":{"self":[{"href":"https:\/\/wordpress.nibis.de\/orth\/wp-json\/wp\/v2\/pages\/67","targetHints":{"allow":["GET"]}}],"collection":[{"href":"https:\/\/wordpress.nibis.de\/orth\/wp-json\/wp\/v2\/pages"}],"about":[{"href":"https:\/\/wordpress.nibis.de\/orth\/wp-json\/wp\/v2\/types\/page"}],"author":[{"embeddable":true,"href":"https:\/\/wordpress.nibis.de\/orth\/wp-json\/wp\/v2\/users\/376"}],"replies":[{"embeddable":true,"href":"https:\/\/wordpress.nibis.de\/orth\/wp-json\/wp\/v2\/comments?post=67"}],"version-history":[{"count":17,"href":"https:\/\/wordpress.nibis.de\/orth\/wp-json\/wp\/v2\/pages\/67\/revisions"}],"predecessor-version":[{"id":652,"href":"https:\/\/wordpress.nibis.de\/orth\/wp-json\/wp\/v2\/pages\/67\/revisions\/652"}],"wp:attachment":[{"href":"https:\/\/wordpress.nibis.de\/orth\/wp-json\/wp\/v2\/media?parent=67"}],"curies":[{"name":"wp","href":"https:\/\/api.w.org\/{rel}","templated":true}]}}