{"id":74,"date":"2014-02-19T14:46:01","date_gmt":"2014-02-19T13:46:01","guid":{"rendered":"http:\/\/wordpress.nibis.de\/rccos\/?page_id=74"},"modified":"2016-11-21T12:01:40","modified_gmt":"2016-11-21T10:01:40","slug":"impressum","status":"publish","type":"page","link":"https:\/\/wordpress.nibis.de\/orth\/impressum\/","title":{"rendered":"Impressum"},"content":{"rendered":"<div class=\"entry-content\">\n<h1>Inhaltlich Verantwortliche gem\u00e4\u00df \u00a7 6 MDStV:<\/h1>\n<div>\n<p>Dr. Annette Orth<br \/>\nRichthofenstra\u00dfe 29<br \/>\n31137 Hildesheim<br \/>\nTel.: 05121 1695-400<br \/>\nEmail:&#x6f;r&#x74;&#104;&#x40;&#110;i&#x62;&#105;&#x73;&#46;d&#x65;<\/p>\n<p>Haftungshinweis: Trotz sorgf\u00e4ltiger inhaltlicher Kontrolle \u00fcbernehmen wir keine Haftung f\u00fcr die Inhalte externer Links. F\u00fcr den Inhalt der verlinkten Seiten sind ausschlie\u00dflich deren Betreiber verantwortlich.<\/p>\n<p>Alle hier verwendeten Namen, Begriffe, Zeichen und Grafiken k\u00f6nnen Marken- oder Warenzeichen im Besitz ihrer rechtlichen Eigent\u00fcmer sein. Die Rechte aller erw\u00e4hnten und benutzten Marken- und Warenzeichen liegen ausschlie\u00dflich bei deren Besitzern.<br \/>\nDas NLQ wird durch seinen Pr\u00e4sidenten, Herrn Wulf Homeier, gesetzlich vertreten.<\/p>\n<\/div>\n<\/div>\n","protected":false},"excerpt":{"rendered":"<p>Inhaltlich Verantwortliche gem\u00e4\u00df \u00a7 6 MDStV: Dr. Annette Orth Richthofenstra\u00dfe 29 31137 Hildesheim Tel.: 05121 1695-400 Email:o&#114;&#116;&#x68;&#x40;ni&#98;&#105;&#x73;&#x2e;de Haftungshinweis: Trotz sorgf\u00e4ltiger inhaltlicher Kontrolle \u00fcbernehmen wir keine Haftung f\u00fcr die Inhalte externer Links. F\u00fcr den Inhalt der verlinkten Seiten sind ausschlie\u00dflich deren<\/p>\n<div class=\"more-link\"><a href=\"https:\/\/wordpress.nibis.de\/orth\/impressum\/\">weiterlesen &#8230;<\/a><\/div>\n<p><br class=\"clearBoth_noheight\" \/><\/p>\n","protected":false},"author":376,"featured_media":0,"parent":0,"menu_order":0,"comment_status":"closed","ping_status":"closed","template":"","meta":{"footnotes":""},"class_list":["post-74","page","type-page","status-publish","hentry"],"_links":{"self":[{"href":"https:\/\/wordpress.nibis.de\/orth\/wp-json\/wp\/v2\/pages\/74","targetHints":{"allow":["GET"]}}],"collection":[{"href":"https:\/\/wordpress.nibis.de\/orth\/wp-json\/wp\/v2\/pages"}],"about":[{"href":"https:\/\/wordpress.nibis.de\/orth\/wp-json\/wp\/v2\/types\/page"}],"author":[{"embeddable":true,"href":"https:\/\/wordpress.nibis.de\/orth\/wp-json\/wp\/v2\/users\/376"}],"replies":[{"embeddable":true,"href":"https:\/\/wordpress.nibis.de\/orth\/wp-json\/wp\/v2\/comments?post=74"}],"version-history":[{"count":1,"href":"https:\/\/wordpress.nibis.de\/orth\/wp-json\/wp\/v2\/pages\/74\/revisions"}],"predecessor-version":[{"id":159,"href":"https:\/\/wordpress.nibis.de\/orth\/wp-json\/wp\/v2\/pages\/74\/revisions\/159"}],"wp:attachment":[{"href":"https:\/\/wordpress.nibis.de\/orth\/wp-json\/wp\/v2\/media?parent=74"}],"curies":[{"name":"wp","href":"https:\/\/api.w.org\/{rel}","templated":true}]}}