{"id":1059,"date":"2021-09-20T14:02:35","date_gmt":"2021-09-20T12:02:35","guid":{"rendered":"https:\/\/wordpress.nibis.de\/ovakara\/?page_id=1059"},"modified":"2021-12-08T05:45:47","modified_gmt":"2021-12-08T04:45:47","slug":"klasse-2000","status":"publish","type":"page","link":"https:\/\/wordpress.nibis.de\/ovakara\/klasse-2000\/","title":{"rendered":"Klasse 2000"},"content":{"rendered":"\n\n\n<p>\u00a0<\/p>\n<p>Die Teilnahme am Programm Klasse 2000 wird durch die folgenden Sponsoren erm\u00f6glicht. Herzlichen Dank!<\/p>\n<p>Bau und Industriedienstleistung M\u00fcller, Hauptstra\u00dfe 41, 38543 Hillerse<\/p>\n<p>\u00a0<\/p>\n<p><img loading=\"lazy\" decoding=\"async\" class=\"alignleft size-full wp-image-1273\" src=\"https:\/\/wordpress.nibis.de\/ovakara\/files\/2021\/12\/IMG-20211122-WA0000.jpg\" alt=\"\" width=\"600\" height=\"222\" \/><\/p>\n<p>\u00a0<\/p>\n<p>\u00a0<\/p>\n<p>\u00a0<\/p>\n<p>\u00a0<\/p>\n<p>\u00a0<\/p>\n<p>\u00a0<\/p>\n<p><img loading=\"lazy\" decoding=\"async\" class=\"alignleft  wp-image-1167\" src=\"https:\/\/wordpress.nibis.de\/ovakara\/files\/2021\/11\/Kind_Teilpatenschaft_2a_und_2b.jpg\" alt=\"\" width=\"723\" height=\"226\" \/><\/p>\n<p>\u00a0<\/p>\n<p>\u00a0<\/p>\n<p>\u00a0<\/p>\n<p>\u00a0<\/p>\n<p>\u00a0<\/p>\n<p>\u00a0<\/p>\n<p><img loading=\"lazy\" decoding=\"async\" class=\"alignleft  wp-image-1165\" src=\"https:\/\/wordpress.nibis.de\/ovakara\/files\/2021\/11\/edk-2021-logo-peter_sassenburg_4a-1.jpg\" alt=\"\" width=\"735\" height=\"219\" \/><\/p>\n<p>\u00a0<\/p>\n<p>\u00a0<\/p>\n<p>\u00a0<\/p>\n<p>\u00a0<\/p>\n<p>\u00a0<\/p>\n<p>\u00a0<\/p>\n<p><img loading=\"lazy\" decoding=\"async\" class=\"alignleft  wp-image-1168\" src=\"https:\/\/wordpress.nibis.de\/ovakara\/files\/2021\/11\/MBOe.jpg\" alt=\"\" width=\"741\" height=\"275\" \/><\/p>\n<p>\u00a0<\/p>\n<p>\u00a0<\/p>\n<p>\u00a0<\/p>\n<p>\u00a0<\/p>\n<p>\u00a0<\/p>\n<p>\u00a0<\/p>\n<p><img loading=\"lazy\" decoding=\"async\" class=\"alignleft  wp-image-1164\" src=\"https:\/\/wordpress.nibis.de\/ovakara\/files\/2021\/11\/Weber_Teilpatenschaft_Klasse_1b-1.jpg\" alt=\"\" width=\"376\" height=\"376\" \/><\/p>\n<p>\u00a0<\/p>\n<p>\u00a0<\/p>\n<p>\u00a0<\/p>\n<p>\u00a0<\/p>\n\n\n\n<p><\/p>\n","protected":false},"excerpt":{"rendered":"<p>\u00a0 Die Teilnahme am Programm Klasse 2000 wird durch die folgenden Sponsoren erm\u00f6glicht. Herzlichen Dank! Bau und Industriedienstleistung M\u00fcller, Hauptstra\u00dfe 41, 38543 Hillerse \u00a0 \u00a0 \u00a0 \u00a0 \u00a0 \u00a0 \u00a0 \u00a0 \u00a0 \u00a0 \u00a0 \u00a0 \u00a0 \u00a0 \u00a0 \u00a0 \u00a0 \u00a0 \u00a0 \u00a0 \u00a0 \u00a0 \u00a0 \u00a0 \u00a0 \u00a0 \u00a0 \u00a0 \u00a0<\/p>\n","protected":false},"author":9193785,"featured_media":0,"parent":0,"menu_order":0,"comment_status":"closed","ping_status":"closed","template":"","meta":{"footnotes":""},"class_list":["post-1059","page","type-page","status-publish","hentry"],"_links":{"self":[{"href":"https:\/\/wordpress.nibis.de\/ovakara\/wp-json\/wp\/v2\/pages\/1059","targetHints":{"allow":["GET"]}}],"collection":[{"href":"https:\/\/wordpress.nibis.de\/ovakara\/wp-json\/wp\/v2\/pages"}],"about":[{"href":"https:\/\/wordpress.nibis.de\/ovakara\/wp-json\/wp\/v2\/types\/page"}],"author":[{"embeddable":true,"href":"https:\/\/wordpress.nibis.de\/ovakara\/wp-json\/wp\/v2\/users\/9193785"}],"replies":[{"embeddable":true,"href":"https:\/\/wordpress.nibis.de\/ovakara\/wp-json\/wp\/v2\/comments?post=1059"}],"version-history":[{"count":6,"href":"https:\/\/wordpress.nibis.de\/ovakara\/wp-json\/wp\/v2\/pages\/1059\/revisions"}],"predecessor-version":[{"id":1274,"href":"https:\/\/wordpress.nibis.de\/ovakara\/wp-json\/wp\/v2\/pages\/1059\/revisions\/1274"}],"wp:attachment":[{"href":"https:\/\/wordpress.nibis.de\/ovakara\/wp-json\/wp\/v2\/media?parent=1059"}],"curies":[{"name":"wp","href":"https:\/\/api.w.org\/{rel}","templated":true}]}}