{"id":15,"date":"2021-03-24T00:09:51","date_gmt":"2021-03-23T23:09:51","guid":{"rendered":"https:\/\/wordpress.nibis.de\/ovakara\/?page_id=15"},"modified":"2025-04-25T13:04:02","modified_gmt":"2025-04-25T11:04:02","slug":"herzlich-willkommen-auf-unserer-website","status":"publish","type":"page","link":"https:\/\/wordpress.nibis.de\/ovakara\/","title":{"rendered":"Startseite"},"content":{"rendered":"\n<h3 class=\"wp-block-heading\">Ovakara Grundschule Hillerse<\/h3>\n\n\n\n<p><span style=\"font-size: 10pt;font-family: arial, helvetica, sans-serif\">Unsere ein- bis zweiz\u00fcgige Schule befindet sich in dem wundersch\u00f6nen Dorf Hillerse, welches direkt an der Oker liegt. Daher kommt auch unser <a href=\"https:\/\/wordpress.nibis.de\/ovakara\/ovakara grundschule\/\" target=\"_blank\" rel=\"noreferrer noopener\">Schulname <\/a>&#8211; <img loading=\"lazy\" decoding=\"async\" width=\"500\" height=\"103\" class=\"wp-image-58\" style=\"width: 70px\" src=\"https:\/\/wordpress.nibis.de\/ovakara\/files\/2021\/04\/ovakara_logo_500.png\" alt=\"\" srcset=\"https:\/\/wordpress.nibis.de\/ovakara\/files\/2021\/04\/ovakara_logo_500.png 500w, https:\/\/wordpress.nibis.de\/ovakara\/files\/2021\/04\/ovakara_logo_500-300x62.png 300w\" sizes=\"auto, (max-width: 500px) 100vw, 500px\" \/> .<\/span><\/p>\n\n\n\n<p><span style=\"font-family: arial, helvetica, sans-serif;font-size: 10pt\">Auf diesen Seiten geben wir Einblicke in unser <a rel=\"noreferrer noopener\" href=\"https:\/\/wordpress.nibis.de\/ovakara\/schulleben\/\" target=\"_blank\">Schulleben<\/a>. Wir \u00fcbermitteln <a href=\"https:\/\/wordpress.nibis.de\/ovakara\/infos\/\" target=\"_blank\" rel=\"noreferrer noopener\">aktuelle Informationen<\/a>, informieren \u00fcber die <a rel=\"noreferrer noopener\" href=\"https:\/\/wordpress.nibis.de\/ovakara\/schulteam\/\" target=\"_blank\">gro\u00dfen <\/a>und <a rel=\"noreferrer noopener\" href=\"https:\/\/wordpress.nibis.de\/ovakara\/unsere-klassen\/\" target=\"_blank\">kleinen <\/a>Menschen unserer Schule, \u00fcber <a rel=\"noreferrer noopener\" href=\"https:\/\/wordpress.nibis.de\/ovakara\/termine\/\" target=\"_blank\">Termine<\/a> und alles was man sonst so \u00fcber <a rel=\"noreferrer noopener\" href=\"https:\/\/wordpress.nibis.de\/ovakara\/informationen-von-a-z\/\" target=\"_blank\">unserer Schule<\/a> wissen sollte. Man kann die Angebote unseres <a href=\"https:\/\/wordpress.nibis.de\/ovakara\/ganztagsschule\/\">Ganztags<\/a> <img loading=\"lazy\" decoding=\"async\" width=\"41\" height=\"42\" class=\"alignnone  wp-image-95\" src=\"https:\/\/wordpress.nibis.de\/ovakara\/files\/2021\/04\/LOGO-Ganztag-296x300.png\" alt=\"\" srcset=\"https:\/\/wordpress.nibis.de\/ovakara\/files\/2021\/04\/LOGO-Ganztag-296x300.png 296w, https:\/\/wordpress.nibis.de\/ovakara\/files\/2021\/04\/LOGO-Ganztag-150x150.png 150w, https:\/\/wordpress.nibis.de\/ovakara\/files\/2021\/04\/LOGO-Ganztag-80x80.png 80w, https:\/\/wordpress.nibis.de\/ovakara\/files\/2021\/04\/LOGO-Ganztag-320x320.png 320w, https:\/\/wordpress.nibis.de\/ovakara\/files\/2021\/04\/LOGO-Ganztag.png 375w\" sizes=\"auto, (max-width: 41px) 100vw, 41px\" \/>kennenlernen und sich \u00fcber die Arbeit des <a href=\"https:\/\/wordpress.nibis.de\/ovakara\/foerderverein\/\">F\u00f6rdervereins<\/a> informieren.<\/span><\/p>\n\n\n\n<p><span style=\"font-family: arial, helvetica, sans-serif;font-size: 10pt\">Besuchen Sie uns regelm\u00e4\u00dfig. So haben Sie immer einen aktuellen Ein- und \u00dcberblick \u00fcber unsere Schule. Die Daten unserer Schule werden regelm\u00e4\u00dfig aktualisiert.<\/span><\/p>\n\n\n\n<p><span style=\"font-family: arial, helvetica, sans-serif;font-size: 10pt\">Viel Spa\u00df beim St\u00f6bern auf unserer Seite w\u00fcnscht Ihnen Ihre<\/span><\/p>\n\n\n\n<p><span style=\"font-family: arial, helvetica, sans-serif;font-size: 10pt\">Melanie Siemund<\/span><\/p>\n\n\n\n<p><span style=\"font-size: 8pt;font-family: arial, helvetica, sans-serif\">Rektorin<\/span><\/p>\n\n\n\n\n\n<p><\/p>\n","protected":false},"excerpt":{"rendered":"<p>Ovakara Grundschule Hillerse Unsere ein- bis zweiz\u00fcgige Schule befindet sich in dem wundersch\u00f6nen Dorf Hillerse, welches direkt an der Oker liegt. Daher kommt auch unser Schulname &#8211; . Auf diesen Seiten geben wir Einblicke in unser Schulleben. Wir \u00fcbermitteln aktuelle Informationen, informieren \u00fcber die gro\u00dfen und kleinen Menschen unserer Schule, \u00fcber Termine und alles was [&hellip;]<\/p>\n","protected":false},"author":9193774,"featured_media":0,"parent":0,"menu_order":0,"comment_status":"closed","ping_status":"closed","template":"","meta":{"footnotes":""},"class_list":["post-15","page","type-page","status-publish","hentry"],"_links":{"self":[{"href":"https:\/\/wordpress.nibis.de\/ovakara\/wp-json\/wp\/v2\/pages\/15","targetHints":{"allow":["GET"]}}],"collection":[{"href":"https:\/\/wordpress.nibis.de\/ovakara\/wp-json\/wp\/v2\/pages"}],"about":[{"href":"https:\/\/wordpress.nibis.de\/ovakara\/wp-json\/wp\/v2\/types\/page"}],"author":[{"embeddable":true,"href":"https:\/\/wordpress.nibis.de\/ovakara\/wp-json\/wp\/v2\/users\/9193774"}],"replies":[{"embeddable":true,"href":"https:\/\/wordpress.nibis.de\/ovakara\/wp-json\/wp\/v2\/comments?post=15"}],"version-history":[{"count":59,"href":"https:\/\/wordpress.nibis.de\/ovakara\/wp-json\/wp\/v2\/pages\/15\/revisions"}],"predecessor-version":[{"id":3591,"href":"https:\/\/wordpress.nibis.de\/ovakara\/wp-json\/wp\/v2\/pages\/15\/revisions\/3591"}],"wp:attachment":[{"href":"https:\/\/wordpress.nibis.de\/ovakara\/wp-json\/wp\/v2\/media?parent=15"}],"curies":[{"name":"wp","href":"https:\/\/api.w.org\/{rel}","templated":true}]}}