{"id":164,"date":"2021-04-07T14:49:39","date_gmt":"2021-04-07T12:49:39","guid":{"rendered":"https:\/\/wordpress.nibis.de\/ovakara\/?page_id=164"},"modified":"2024-09-16T18:57:59","modified_gmt":"2024-09-16T16:57:59","slug":"gesundes-fruehstueck","status":"publish","type":"page","link":"https:\/\/wordpress.nibis.de\/ovakara\/gesundes-fruehstueck\/","title":{"rendered":"Gesundes Fr\u00fchst\u00fcck"},"content":{"rendered":"<p>Unser \u201eGesundes Fr\u00fchst\u00fcck\u201c<\/p>\n<p>Der F\u00f6rderverein bietet ein- bis zweimal im Monat, jeweils dienstags in der ersten gro\u00dfen Pause, ein \u201eGesundes Fr\u00fchst\u00fcck\u201c an. Das Fr\u00fchst\u00fccksteam trifft sich morgens in der Schulk\u00fcche und bereitet das Fr\u00fchst\u00fccksbuffet zu. Mit Beginn der Pause k\u00f6nnen sich die Sch\u00fcler und Sch\u00fclerinnen die vielen leckeren Angebote f\u00fcr &#8222;kleines Geld&#8220; (30-50 Cent) kaufen.<\/p>\n<p>Was gibt es alles:<\/p>\n<ul>\n<li>belegte Br\u00f6tchen (Weizen-, Roggen- und Mehrkorn) mit Schnittk\u00e4se, Frischk\u00e4se u. Kresse sowie Salami u. Mortadella (auch aus Gefl\u00fcgelfleisch) und H\u00e4hnchenbrustfilet<\/li>\n<li>hartgekochte Eier<\/li>\n<li>Obstbecher mit und ohne Joghurt<\/li>\n<li>loses Obst (Banane, Apfel, Birne, Nektarine, Melone)<\/li>\n<li>kostenlos viel frisches Gem\u00fcse (M\u00f6hre, Paprika, Gurke, Tomate)<\/li>\n<\/ul>\n<p>Guten Appetit w\u00fcnscht Euer F\u00f6rderverein!<\/p>\n<p><img loading=\"lazy\" decoding=\"async\" class=\"alignnone  wp-image-3354\" src=\"https:\/\/wordpress.nibis.de\/ovakara\/files\/2024\/09\/Foto-ges_Fruehstueck-226x300.jpg\" alt=\"\" width=\"308\" height=\"409\" srcset=\"https:\/\/wordpress.nibis.de\/ovakara\/files\/2024\/09\/Foto-ges_Fruehstueck-226x300.jpg 226w, https:\/\/wordpress.nibis.de\/ovakara\/files\/2024\/09\/Foto-ges_Fruehstueck-771x1024.jpg 771w, https:\/\/wordpress.nibis.de\/ovakara\/files\/2024\/09\/Foto-ges_Fruehstueck-768x1020.jpg 768w, https:\/\/wordpress.nibis.de\/ovakara\/files\/2024\/09\/Foto-ges_Fruehstueck-1157x1536.jpg 1157w, https:\/\/wordpress.nibis.de\/ovakara\/files\/2024\/09\/Foto-ges_Fruehstueck.jpg 1536w\" sizes=\"auto, (max-width: 308px) 100vw, 308px\" \/><\/p>\n<p><img loading=\"lazy\" decoding=\"async\" class=\"alignnone  wp-image-1585\" src=\"https:\/\/wordpress.nibis.de\/ovakara\/files\/2022\/06\/IMG_20220518_092718_051-300x225.jpg\" alt=\"\" width=\"273\" height=\"205\" \/>\u00a0 <img loading=\"lazy\" decoding=\"async\" class=\"alignnone  wp-image-1584\" src=\"https:\/\/wordpress.nibis.de\/ovakara\/files\/2022\/06\/IMG_20220518_092713_232-300x225.jpg\" alt=\"\" width=\"273\" height=\"205\" \/><\/p>\n","protected":false},"excerpt":{"rendered":"<p>Unser \u201eGesundes Fr\u00fchst\u00fcck\u201c Der F\u00f6rderverein bietet ein- bis zweimal im Monat, jeweils dienstags in der ersten gro\u00dfen Pause, ein \u201eGesundes Fr\u00fchst\u00fcck\u201c an. Das Fr\u00fchst\u00fccksteam trifft sich morgens in der Schulk\u00fcche und bereitet das Fr\u00fchst\u00fccksbuffet zu. Mit Beginn der Pause k\u00f6nnen sich die Sch\u00fcler und Sch\u00fclerinnen die vielen leckeren Angebote f\u00fcr &#8222;kleines Geld&#8220; (30-50 Cent) kaufen. [&hellip;]<\/p>\n","protected":false},"author":9193785,"featured_media":0,"parent":0,"menu_order":0,"comment_status":"closed","ping_status":"closed","template":"","meta":{"footnotes":""},"class_list":["post-164","page","type-page","status-publish","hentry"],"_links":{"self":[{"href":"https:\/\/wordpress.nibis.de\/ovakara\/wp-json\/wp\/v2\/pages\/164","targetHints":{"allow":["GET"]}}],"collection":[{"href":"https:\/\/wordpress.nibis.de\/ovakara\/wp-json\/wp\/v2\/pages"}],"about":[{"href":"https:\/\/wordpress.nibis.de\/ovakara\/wp-json\/wp\/v2\/types\/page"}],"author":[{"embeddable":true,"href":"https:\/\/wordpress.nibis.de\/ovakara\/wp-json\/wp\/v2\/users\/9193785"}],"replies":[{"embeddable":true,"href":"https:\/\/wordpress.nibis.de\/ovakara\/wp-json\/wp\/v2\/comments?post=164"}],"version-history":[{"count":5,"href":"https:\/\/wordpress.nibis.de\/ovakara\/wp-json\/wp\/v2\/pages\/164\/revisions"}],"predecessor-version":[{"id":3357,"href":"https:\/\/wordpress.nibis.de\/ovakara\/wp-json\/wp\/v2\/pages\/164\/revisions\/3357"}],"wp:attachment":[{"href":"https:\/\/wordpress.nibis.de\/ovakara\/wp-json\/wp\/v2\/media?parent=164"}],"curies":[{"name":"wp","href":"https:\/\/api.w.org\/{rel}","templated":true}]}}