{"id":171,"date":"2021-04-07T14:59:33","date_gmt":"2021-04-07T12:59:33","guid":{"rendered":"https:\/\/wordpress.nibis.de\/ovakara\/?page_id=171"},"modified":"2021-04-12T15:36:39","modified_gmt":"2021-04-12T13:36:39","slug":"mitgliedschaft-foerderverein","status":"publish","type":"page","link":"https:\/\/wordpress.nibis.de\/ovakara\/mitgliedschaft-foerderverein\/","title":{"rendered":"Mitgliedschaft F\u00f6rderverein"},"content":{"rendered":"<p>M\u00f6chten Sie unsere Arbeit unterst\u00fctzen und Mitglied im F\u00f6rderverein werden?<\/p>\n<p>Hier finden Sie unsere Beitrittserkl\u00e4rung zum Ausdrucken.<\/p>\n<p><a href=\"https:\/\/wordpress.nibis.de\/ovakara\/files\/2021\/04\/Frderverein_Beitrittserklrung_2020.pdf\">Beitrittserkl\u00e4rung F\u00f6rderverein<\/a><\/p>\n","protected":false},"excerpt":{"rendered":"<p>M\u00f6chten Sie unsere Arbeit unterst\u00fctzen und Mitglied im F\u00f6rderverein werden? Hier finden Sie unsere Beitrittserkl\u00e4rung zum Ausdrucken. Beitrittserkl\u00e4rung F\u00f6rderverein<\/p>\n","protected":false},"author":9193785,"featured_media":0,"parent":0,"menu_order":0,"comment_status":"closed","ping_status":"closed","template":"","meta":{"footnotes":""},"class_list":["post-171","page","type-page","status-publish","hentry"],"_links":{"self":[{"href":"https:\/\/wordpress.nibis.de\/ovakara\/wp-json\/wp\/v2\/pages\/171","targetHints":{"allow":["GET"]}}],"collection":[{"href":"https:\/\/wordpress.nibis.de\/ovakara\/wp-json\/wp\/v2\/pages"}],"about":[{"href":"https:\/\/wordpress.nibis.de\/ovakara\/wp-json\/wp\/v2\/types\/page"}],"author":[{"embeddable":true,"href":"https:\/\/wordpress.nibis.de\/ovakara\/wp-json\/wp\/v2\/users\/9193785"}],"replies":[{"embeddable":true,"href":"https:\/\/wordpress.nibis.de\/ovakara\/wp-json\/wp\/v2\/comments?post=171"}],"version-history":[{"count":1,"href":"https:\/\/wordpress.nibis.de\/ovakara\/wp-json\/wp\/v2\/pages\/171\/revisions"}],"predecessor-version":[{"id":173,"href":"https:\/\/wordpress.nibis.de\/ovakara\/wp-json\/wp\/v2\/pages\/171\/revisions\/173"}],"wp:attachment":[{"href":"https:\/\/wordpress.nibis.de\/ovakara\/wp-json\/wp\/v2\/media?parent=171"}],"curies":[{"name":"wp","href":"https:\/\/api.w.org\/{rel}","templated":true}]}}